{"id":124,"date":"2024-11-29T04:34:06","date_gmt":"2024-11-29T04:34:06","guid":{"rendered":"https:\/\/sites.wp.odu.edu\/fre366draft\/?page_id=124"},"modified":"2024-12-05T19:39:50","modified_gmt":"2024-12-05T19:39:50","slug":"presentation-du-project-final","status":"publish","type":"page","link":"https:\/\/sites.wp.odu.edu\/kthomfr366\/presentation-du-project-final\/","title":{"rendered":"Pr\u00e9sentation du projet final"},"content":{"rendered":"\n<p>Le bruit subtil d\u2019une page en train d\u2019\u00eatre retourn\u00e9e, et une m\u00e9lodie douce de jazz. Les lumi\u00e8res ambre, et les livres, grands et petits, nouveaux et vieux qui vous entourent. C\u2019est l\u2019atmosph\u00e8re de Oiseaux de Nuit, une librairie qui n\u2019ouvert que la nuit. La librairie juste vendra les livres, nouveaux et d\u2019occasions, et des accessoires et besoins litt\u00e9raire. Des exemples sont des marque-page, des stylos, et d\u2019autres mati\u00e8res d&#8217;annoter, du caf\u00e9 et des boissons \u00e9nerg\u00e9tiques. Mon but avec cette entreprise est d\u2019\u00e9tablir un endroit confortable et tranquille pour une activit\u00e9 qu&#8217;est n\u00e9cessaire pour l\u2019augmentation de nos esprits : la lecture.&nbsp;&nbsp;<\/p>\n\n\n\n<p>Premi\u00e8rement, je devrai obtenir une carte de s\u00e9jour entrepreneur\/profession lib\u00e9rale pour commencer une entreprise en France parce que je ne suis pas fran\u00e7aise. Et puis, je chercherai un b\u00e2timent pour mon entreprise. Je pr\u00e9f\u00e9rerais louer un lieu juste dehors ou pr\u00e8s d&#8217;une grande-ville pour que je pourrai \u00e9conomiser d&#8217;argent. Avant l&#8217;ouverture de ma librairie, j&#8217;inscrirai mon entreprise avec le Centre de formalit\u00e9s des entreprises sur Internet. Une fois que je re\u00e7ois les qualifications correctes, je publierai un avis de constitution dans un journal d\u2019annonces l\u00e9gales. De plus, je rechercherai des statuts juridiques d\u2019une entreprise individuelle et les suivrai. Apr\u00e8s ces \u00e9tapes, je commencerai ma strat\u00e9gie de publicit\u00e9. Pendant que j\u2019accomplis ces \u00e9tapes, j\u2019ach\u00e8terai lentement des meubles et fa\u00e7onnerai la librairie. Quand toutes mes choses sont accomplies, je reverrai des clients pendant une inauguration pour Oiseaux de Nuit.&nbsp;&nbsp;<\/p>\n\n\n\n<p>La m\u00e9thode la plus importante pour la publicit\u00e9 est l&#8217;utilisation des r\u00e9seaux sociaux. Aujourd\u2019hui, la plupart des gens trouvent leur information sur l\u2019internet. Alors, je ferai des comptes sur des applis populaires comme Facebook ou Instagram. Je peux cr\u00e9er une relation avec des clients m\u00eame avant j&#8217;ouvre la librairie. Alors que j\u2019\u00e9tablis la librairie, je ferai des vid\u00e9os du processus de meubler la librairie et montre la vie d&#8217;un entrepreneur d\u00e9butant et les choses que je dois faire chaque jour. Un autre moyen de publicit\u00e9 que j\u2019utiliserai est de laisser des prospectus aux endroits qu\u2019accueillent mes clients. Je les laisserai aux caf\u00e9s, universit\u00e9s, et peut \u00eatre des autres librairies qui sont ouvertes pendant la journ\u00e9e.&nbsp;&nbsp;<\/p>\n\n\n\n<p>Il y a des strat\u00e9gies que je peux mettre en pratique. Une id\u00e9e est que je collaborerais avec des auteurs locaux. Je promouvrais ses \u0153uvres et en \u00e9change, ils viendraient \u00e0 Oiseaux de Nuit pour une s\u00e9ance de d\u00e9dicace ou des questions-r\u00e9ponses avec mes clients. Nous nous aiderions avec la croissance de notre popularit\u00e9. Une autre strat\u00e9gie consiste \u00e0 cr\u00e9er des \u00e9v\u00e8nements autour des f\u00eates. Par exemple, je pourrais commencer une &lt;&lt;soir\u00e9e litt\u00e9raire&gt;&gt; pour le r\u00e9veillon de Jour de l&#8217;an o\u00f9 les clients pourraient c\u00e9l\u00e9brer et liraient avec un repas du champagne et des hu\u00eetres. Un autre exemple est qu\u2019en d\u00e9cembre pendant une nuit, je fermerais la librairie pour un \u00e9v\u00e8nement priv\u00e9 qui serait un \u00e9change de cadeaux ou avant l&#8217;\u00e9v\u00e8nement j&#8217;aurais une feuille d\u2019inscription pour mes clients. Sur la nuit de l\u2019\u00e9change, ils apporteraient leur livre pr\u00e9f\u00e9r\u00e9 pour une autre personne d\u2019appr\u00e9cier. Mon id\u00e9e finale est d&#8217;offrir des remises aux clients qui donnent leurs livres doucement utilis\u00e9s. Ce n&#8217;est pas un nouveau concept, mais il est b\u00e9n\u00e9fique parce que j\u2019obtiendrais des livres en bon \u00e9tat pour un prix moins cher et les clients recevraient une remise pour la marchandise dans la librairie.\u00a0\u00a0<\/p>\n","protected":false},"excerpt":{"rendered":"<p>Le bruit subtil d\u2019une page en train d\u2019\u00eatre retourn\u00e9e, et une m\u00e9lodie douce de jazz. Les lumi\u00e8res ambre, et les livres, grands et petits, nouveaux et vieux qui vous entourent. C\u2019est l\u2019atmosph\u00e8re de Oiseaux de Nuit, une librairie qui n\u2019ouvert que la nuit. La librairie juste vendra les livres, nouveaux et d\u2019occasions, et des accessoires&#8230; <\/p>\n<div class=\"link-more\"><a href=\"https:\/\/sites.wp.odu.edu\/kthomfr366\/presentation-du-project-final\/\">Read More<\/a><\/div>\n","protected":false},"author":30154,"featured_media":0,"parent":0,"menu_order":0,"comment_status":"closed","ping_status":"closed","template":"","meta":{"footnotes":""},"_links":{"self":[{"href":"https:\/\/sites.wp.odu.edu\/kthomfr366\/wp-json\/wp\/v2\/pages\/124"}],"collection":[{"href":"https:\/\/sites.wp.odu.edu\/kthomfr366\/wp-json\/wp\/v2\/pages"}],"about":[{"href":"https:\/\/sites.wp.odu.edu\/kthomfr366\/wp-json\/wp\/v2\/types\/page"}],"author":[{"embeddable":true,"href":"https:\/\/sites.wp.odu.edu\/kthomfr366\/wp-json\/wp\/v2\/users\/30154"}],"replies":[{"embeddable":true,"href":"https:\/\/sites.wp.odu.edu\/kthomfr366\/wp-json\/wp\/v2\/comments?post=124"}],"version-history":[{"count":5,"href":"https:\/\/sites.wp.odu.edu\/kthomfr366\/wp-json\/wp\/v2\/pages\/124\/revisions"}],"predecessor-version":[{"id":320,"href":"https:\/\/sites.wp.odu.edu\/kthomfr366\/wp-json\/wp\/v2\/pages\/124\/revisions\/320"}],"wp:attachment":[{"href":"https:\/\/sites.wp.odu.edu\/kthomfr366\/wp-json\/wp\/v2\/media?parent=124"}],"curies":[{"name":"wp","href":"https:\/\/api.w.org\/{rel}","templated":true}]}}