{"id":132,"date":"2024-11-29T04:34:06","date_gmt":"2024-11-29T04:34:06","guid":{"rendered":"https:\/\/sites.wp.odu.edu\/fre366draft\/?page_id=132"},"modified":"2024-12-05T08:26:13","modified_gmt":"2024-12-05T08:26:13","slug":"expose","status":"publish","type":"page","link":"https:\/\/sites.wp.odu.edu\/kthomfr366\/expose\/","title":{"rendered":"Expos\u00e9"},"content":{"rendered":"\n<p><\/p>\n\n\n\n<h2 class=\"wp-block-heading\">Comment les femmes enceints trouvent un \u00e9quilibre entre leur travail et famille? <\/h2>\n\n\n\n<p>        Depuis la France a commenc\u00e9 changer son \u00e9tat de l&#8217;esprit concernant les droits des femmes et hommes, elle avait cr\u00e9\u00e9 des changements et les lois pour l&#8217;\u00e9galit\u00e9 entre les deux sexes. Aussi, la France a ex\u00e9cut\u00e9 les nouveaux avantages sp\u00e9cifiques pour les femmes. Un exemple est le cong\u00e9 de maternit\u00e9. La France a introduit le cong\u00e9 pr\u00e9sent par la mise en \u0153uvre de la loi di 17 juillet 1980. Il est obligatoire et r\u00e9gi par le code de la s\u00e9curit\u00e9 sociale. Aujourd&#8217;hui la dur\u00e9e typique du cong\u00e9 de maternit\u00e9 est de 16 semaines. Les entreprises donnent les femmes six semaines avant la naissance de pr\u00e9parer et dix semaines apr\u00e8s alors la famille peut faire une routine avec le b\u00e9b\u00e9. Cependant, en fin de compte, le cong\u00e9 d\u00e9pend sur le nombre d&#8217;enfants qu&#8217;elle donnera naissance. Plus elle a d&#8217;enfants, plus elle re\u00e7oit un cong\u00e9 plus longues. R\u00e9cemment, La France a commenc\u00e9 payer les cons\u00e9quences d&#8217;un taux de natalit\u00e9 en baisse. Selon un article de Reuters de Leigh Thomas, en 2023 la France avait le moins base nombre de naissance depuis la Seconde Guerre Mondiale. \u00c0 cause de cette situation, qu&#8217;a \u00e9tal\u00e9 autour de l&#8217;occident, Pr\u00e9sident Macron pr\u00e9voit d&#8217;augmenter de la salaire des femmes sur le cong\u00e9 de maternit\u00e9 d&#8217;inspirer les fran\u00e7ais d&#8217;avoir plus d&#8217;enfants. Nous verrons quelles cons\u00e9quences, bonnes ou mauvaises, se produiront dans le futur.<\/p>\n\n\n\n<p>La Bibliographie: <\/p>\n\n\n\n<p> <a href=\"https:\/\/www.reuters.com\/world\/europe\/france-sees-collapse-births-lowest-since-world-war-two-2024-01-16\/\">https:\/\/www.reuters.com\/world\/europe\/france-sees-collapse-births-lowest-since-world-war-two-2024-01-16\/<\/a><\/p>\n\n\n\n<p><\/p>\n","protected":false},"excerpt":{"rendered":"<p>Comment les femmes enceints trouvent un \u00e9quilibre entre leur travail et famille? Depuis la France a commenc\u00e9 changer son \u00e9tat de l&#8217;esprit concernant les droits des femmes et hommes, elle avait cr\u00e9\u00e9 des changements et les lois pour l&#8217;\u00e9galit\u00e9 entre les deux sexes. Aussi, la France a ex\u00e9cut\u00e9 les nouveaux avantages sp\u00e9cifiques pour les femmes&#8230;. <\/p>\n<div class=\"link-more\"><a href=\"https:\/\/sites.wp.odu.edu\/kthomfr366\/expose\/\">Read More<\/a><\/div>\n","protected":false},"author":30154,"featured_media":0,"parent":0,"menu_order":0,"comment_status":"closed","ping_status":"closed","template":"","meta":{"footnotes":""},"_links":{"self":[{"href":"https:\/\/sites.wp.odu.edu\/kthomfr366\/wp-json\/wp\/v2\/pages\/132"}],"collection":[{"href":"https:\/\/sites.wp.odu.edu\/kthomfr366\/wp-json\/wp\/v2\/pages"}],"about":[{"href":"https:\/\/sites.wp.odu.edu\/kthomfr366\/wp-json\/wp\/v2\/types\/page"}],"author":[{"embeddable":true,"href":"https:\/\/sites.wp.odu.edu\/kthomfr366\/wp-json\/wp\/v2\/users\/30154"}],"replies":[{"embeddable":true,"href":"https:\/\/sites.wp.odu.edu\/kthomfr366\/wp-json\/wp\/v2\/comments?post=132"}],"version-history":[{"count":3,"href":"https:\/\/sites.wp.odu.edu\/kthomfr366\/wp-json\/wp\/v2\/pages\/132\/revisions"}],"predecessor-version":[{"id":316,"href":"https:\/\/sites.wp.odu.edu\/kthomfr366\/wp-json\/wp\/v2\/pages\/132\/revisions\/316"}],"wp:attachment":[{"href":"https:\/\/sites.wp.odu.edu\/kthomfr366\/wp-json\/wp\/v2\/media?parent=132"}],"curies":[{"name":"wp","href":"https:\/\/api.w.org\/{rel}","templated":true}]}}