{"id":134,"date":"2024-11-29T04:34:06","date_gmt":"2024-11-29T04:34:06","guid":{"rendered":"https:\/\/sites.wp.odu.edu\/fre366draft\/?page_id=134"},"modified":"2024-12-03T15:23:49","modified_gmt":"2024-12-03T15:23:49","slug":"invite","status":"publish","type":"page","link":"https:\/\/sites.wp.odu.edu\/kthomfr366\/invite\/","title":{"rendered":"Invit\u00e9s"},"content":{"rendered":"\n<p>      Le premier invit\u00e9 du semestre est Emily Bonnet qu&#8217;est une conservatrice \u00e0 une galerie d&#8217;art \u00e0 New York. Elle a parl\u00e9 de ses \u00e9tudes \u00e0 l&#8217;universit\u00e9 o\u00f9 elle a obtenu un dipl\u00f4me dans le domaine des sciences. Je crois que le science \u00e9tait biochimie. M\u00eame si elle a \u00e9tudie le science, elle avait un amour pour l&#8217;art. Et puis, elle a parl\u00e9 les postes diff\u00e9rents qu&#8217;elle avait eu avant son emploi actuel. Finalement, elle a d\u00e9crit les aspects de son travail et la partie la plus fascinante \u00e9tait le prix exorbitants des \u0153uvres et les c\u00e9l\u00e9brit\u00e9s, comme Jerry Seinfeld, qui se promment nonchalamment dans la galerie. <\/p>\n\n\n\n<p>       Le deuxi\u00e8me invit\u00e9 \u00e9tait une violoniste su\u00e9doise qui joue avec la symphonie en Virginie. Elle a grandi avec la musique et ell est all\u00e9e \u00e0 l&#8217;universit\u00e9 en Autriche, qu&#8217;est un pierre angulaire de la musique classique. L&#8217;histoire de comment elle est devenue une partie de la symphonie est un peu amusant. Elle voyageait aux \u00c9tats-Unis quand elle a trouv\u00e9 de fa\u00e7on al\u00e9atoire une annonce d&#8217;un poste disponible \u00e0 la symphonie. Elle \u00e9tait accept\u00e9 et maintenant elle est l&#8217;assistante de chef de ch\u0153ur. Aussi, elle a parl\u00e9 de la diversit\u00e9 dans la symphonie. Elle a trouv\u00e9 une autre musicienne su\u00e9doise et des musiciens japonais. Une partie int\u00e9ressante \u00e9tait quand elle a parler de la diff\u00e9rence entre ici et chez elle. Elle aimait que la symphonie est tr\u00e8s accueillante mais elle a manqu\u00e9 des aspects de sa vie comme des plats suisses traditionnels.  <\/p>\n","protected":false},"excerpt":{"rendered":"<p>Le premier invit\u00e9 du semestre est Emily Bonnet qu&#8217;est une conservatrice \u00e0 une galerie d&#8217;art \u00e0 New York. Elle a parl\u00e9 de ses \u00e9tudes \u00e0 l&#8217;universit\u00e9 o\u00f9 elle a obtenu un dipl\u00f4me dans le domaine des sciences. Je crois que le science \u00e9tait biochimie. M\u00eame si elle a \u00e9tudie le science, elle avait un amour&#8230; <\/p>\n<div class=\"link-more\"><a href=\"https:\/\/sites.wp.odu.edu\/kthomfr366\/invite\/\">Read More<\/a><\/div>\n","protected":false},"author":30154,"featured_media":0,"parent":0,"menu_order":0,"comment_status":"closed","ping_status":"closed","template":"","meta":{"footnotes":""},"_links":{"self":[{"href":"https:\/\/sites.wp.odu.edu\/kthomfr366\/wp-json\/wp\/v2\/pages\/134"}],"collection":[{"href":"https:\/\/sites.wp.odu.edu\/kthomfr366\/wp-json\/wp\/v2\/pages"}],"about":[{"href":"https:\/\/sites.wp.odu.edu\/kthomfr366\/wp-json\/wp\/v2\/types\/page"}],"author":[{"embeddable":true,"href":"https:\/\/sites.wp.odu.edu\/kthomfr366\/wp-json\/wp\/v2\/users\/30154"}],"replies":[{"embeddable":true,"href":"https:\/\/sites.wp.odu.edu\/kthomfr366\/wp-json\/wp\/v2\/comments?post=134"}],"version-history":[{"count":2,"href":"https:\/\/sites.wp.odu.edu\/kthomfr366\/wp-json\/wp\/v2\/pages\/134\/revisions"}],"predecessor-version":[{"id":253,"href":"https:\/\/sites.wp.odu.edu\/kthomfr366\/wp-json\/wp\/v2\/pages\/134\/revisions\/253"}],"wp:attachment":[{"href":"https:\/\/sites.wp.odu.edu\/kthomfr366\/wp-json\/wp\/v2\/media?parent=134"}],"curies":[{"name":"wp","href":"https:\/\/api.w.org\/{rel}","templated":true}]}}