{"id":202,"date":"2024-11-29T04:34:06","date_gmt":"2024-11-29T04:34:06","guid":{"rendered":"https:\/\/sites.wp.odu.edu\/fre366draft\/?page_id=199"},"modified":"2024-12-03T14:45:40","modified_gmt":"2024-12-03T14:45:40","slug":"plan-daffaires","status":"publish","type":"page","link":"https:\/\/sites.wp.odu.edu\/kthomfr366\/plan-daffaires\/","title":{"rendered":"Plan d&#8217;affaires"},"content":{"rendered":"\n<h3 class=\"wp-block-heading\">Id\u00e9e g\u00e9n\u00e9rale: <\/h3>\n\n\n\n<p>Une librairie qui n&#8217;ouvert que la nuit. Elle fonctionnerait comme une librairie normale mais avec un atmosph\u00e8re calme et confortable. <\/p>\n\n\n\n<h3 class=\"wp-block-heading\">\u00c9tude de march\u00e9: <\/h3>\n\n\n\n<p>J&#8217;ai recherch\u00e9 combien de librairies n&#8217;ouvert que la nuit de voir si l&#8217;id\u00e9e serait un cr\u00e9neau. Les r\u00e9sultants est que ce type de librairie est tr\u00e8s rare. Il y a des librairies qui sont ouvert en retard mais pas just pour la nuit. Aussi, j&#8217;ai recherch\u00e9 le nombre de gens qui lisent la nuit et je le compare avec le tranche d&#8217;\u00e2ge des gens qui veillent tard la plus dans des r\u00e9gions \u00e0 travers la France. <\/p>\n\n\n\n<h3 class=\"wp-block-heading\">Cr\u00e9ation l\u00e9gale de l&#8217;entreprise: <\/h3>\n\n\n\n<p>Je dois obtenir une carte de s\u00e9jour, et puis je devrai inscrire mon entreprise par le Centre de formalit\u00e9s des entreprises, et publie un avis de constitution dans un journal d&#8217;annonces l\u00e9gales. Finalement, je devrai suivre des status juridiques pour une entreprise individuelle.  <\/p>\n\n\n\n<h3 class=\"wp-block-heading\">Publicit\u00e9: <\/h3>\n\n\n\n<p>J&#8217;utiliserai des comptes de r\u00e9seaux sociaux, et prendrai des prospecteurs aux endroits qui re\u00e7oivent la plupart de ma cible. <\/p>\n","protected":false},"excerpt":{"rendered":"<p>Id\u00e9e g\u00e9n\u00e9rale: Une librairie qui n&#8217;ouvert que la nuit. Elle fonctionnerait comme une librairie normale mais avec un atmosph\u00e8re calme et confortable. \u00c9tude de march\u00e9: J&#8217;ai recherch\u00e9 combien de librairies n&#8217;ouvert que la nuit de voir si l&#8217;id\u00e9e serait un cr\u00e9neau. Les r\u00e9sultants est que ce type de librairie est tr\u00e8s rare. Il y a&#8230; <\/p>\n<div class=\"link-more\"><a href=\"https:\/\/sites.wp.odu.edu\/kthomfr366\/plan-daffaires\/\">Read More<\/a><\/div>\n","protected":false},"author":30154,"featured_media":0,"parent":0,"menu_order":0,"comment_status":"closed","ping_status":"closed","template":"","meta":{"footnotes":""},"_links":{"self":[{"href":"https:\/\/sites.wp.odu.edu\/kthomfr366\/wp-json\/wp\/v2\/pages\/202"}],"collection":[{"href":"https:\/\/sites.wp.odu.edu\/kthomfr366\/wp-json\/wp\/v2\/pages"}],"about":[{"href":"https:\/\/sites.wp.odu.edu\/kthomfr366\/wp-json\/wp\/v2\/types\/page"}],"author":[{"embeddable":true,"href":"https:\/\/sites.wp.odu.edu\/kthomfr366\/wp-json\/wp\/v2\/users\/30154"}],"replies":[{"embeddable":true,"href":"https:\/\/sites.wp.odu.edu\/kthomfr366\/wp-json\/wp\/v2\/comments?post=202"}],"version-history":[{"count":2,"href":"https:\/\/sites.wp.odu.edu\/kthomfr366\/wp-json\/wp\/v2\/pages\/202\/revisions"}],"predecessor-version":[{"id":248,"href":"https:\/\/sites.wp.odu.edu\/kthomfr366\/wp-json\/wp\/v2\/pages\/202\/revisions\/248"}],"wp:attachment":[{"href":"https:\/\/sites.wp.odu.edu\/kthomfr366\/wp-json\/wp\/v2\/media?parent=202"}],"curies":[{"name":"wp","href":"https:\/\/api.w.org\/{rel}","templated":true}]}}