{"id":203,"date":"2024-11-29T04:34:06","date_gmt":"2024-11-29T04:34:06","guid":{"rendered":"https:\/\/sites.wp.odu.edu\/fre366draft\/?page_id=202"},"modified":"2024-12-03T19:20:00","modified_gmt":"2024-12-03T19:20:00","slug":"le-salon","status":"publish","type":"page","link":"https:\/\/sites.wp.odu.edu\/kthomfr366\/le-salon\/","title":{"rendered":"Le Salon"},"content":{"rendered":"\n<p><\/p>\n\n\n\n<ul>\n<li>J&#8217;assiste \u00e0 un programme qui s&#8217;appelle &#8220;French Chat Hour&#8221; au Language Learning Center (LLC) o\u00f9 les gens qui parlent le fran\u00e7ais se rencontrent pendant une heure le mardi. Il n&#8217;y a pas de r\u00e8gles strict et nous parler de toutes des choses. Le programme est tr\u00e8s b\u00e9n\u00e9fique! <\/li>\n<\/ul>\n","protected":false},"excerpt":{"rendered":"","protected":false},"author":30154,"featured_media":0,"parent":0,"menu_order":0,"comment_status":"closed","ping_status":"closed","template":"","meta":{"footnotes":""},"_links":{"self":[{"href":"https:\/\/sites.wp.odu.edu\/kthomfr366\/wp-json\/wp\/v2\/pages\/203"}],"collection":[{"href":"https:\/\/sites.wp.odu.edu\/kthomfr366\/wp-json\/wp\/v2\/pages"}],"about":[{"href":"https:\/\/sites.wp.odu.edu\/kthomfr366\/wp-json\/wp\/v2\/types\/page"}],"author":[{"embeddable":true,"href":"https:\/\/sites.wp.odu.edu\/kthomfr366\/wp-json\/wp\/v2\/users\/30154"}],"replies":[{"embeddable":true,"href":"https:\/\/sites.wp.odu.edu\/kthomfr366\/wp-json\/wp\/v2\/comments?post=203"}],"version-history":[{"count":2,"href":"https:\/\/sites.wp.odu.edu\/kthomfr366\/wp-json\/wp\/v2\/pages\/203\/revisions"}],"predecessor-version":[{"id":267,"href":"https:\/\/sites.wp.odu.edu\/kthomfr366\/wp-json\/wp\/v2\/pages\/203\/revisions\/267"}],"wp:attachment":[{"href":"https:\/\/sites.wp.odu.edu\/kthomfr366\/wp-json\/wp\/v2\/media?parent=203"}],"curies":[{"name":"wp","href":"https:\/\/api.w.org\/{rel}","templated":true}]}}