{"id":84,"date":"2024-11-29T04:34:06","date_gmt":"2024-11-29T04:34:06","guid":{"rendered":"https:\/\/sites.wp.odu.edu\/fre366draft\/?page_id=84"},"modified":"2024-12-03T13:47:16","modified_gmt":"2024-12-03T13:47:16","slug":"bio","status":"publish","type":"page","link":"https:\/\/sites.wp.odu.edu\/kthomfr366\/bio\/","title":{"rendered":"Bio"},"content":{"rendered":"\n<p>Bonjour! Je m&#8217;appelle Katlyn Thompson. J&#8217;ai vingt-deux ans et \u00e0 ce moment je suis dans le processus d&#8217;obtenir mon dipl\u00f4me avec une majeure dans le fran\u00e7ais et un minor dans les \u00e9tudes internationales. J&#8217;ai une grande passion pour les langues et la culture. Je trouve les pierres angulaires des civilisations fascinants et souhaite de travailler aux c\u00f4t\u00e9s d&#8217;eux par doucement et pr\u00e9server leur existence. Aussi, j&#8217;ai \u00e9t\u00e9 une amatrice de livres depuis mon enfance et je voudrais para\u00eetre cet amour avec tout le monde.   <\/p>\n\n\n<div class=\"wp-block-image\">\n<figure class=\"aligncenter size-full is-resized\"><a href=\"https:\/\/sites.wp.odu.edu\/kthomfr366\/wp-content\/uploads\/sites\/37790\/2024\/12\/0.jpeg\"><img loading=\"lazy\" decoding=\"async\" width=\"530\" height=\"795\" src=\"https:\/\/sites.wp.odu.edu\/kthomfr366\/wp-content\/uploads\/sites\/37790\/2024\/12\/0.jpeg\" alt=\"\" class=\"wp-image-240\" style=\"width:451px;height:auto\" srcset=\"https:\/\/sites.wp.odu.edu\/kthomfr366\/wp-content\/uploads\/sites\/37790\/2024\/12\/0.jpeg 530w, https:\/\/sites.wp.odu.edu\/kthomfr366\/wp-content\/uploads\/sites\/37790\/2024\/12\/0-200x300.jpeg 200w\" sizes=\"(max-width: 530px) 100vw, 530px\" \/><\/a><\/figure><\/div>","protected":false},"excerpt":{"rendered":"<p>Bonjour! Je m&#8217;appelle Katlyn Thompson. J&#8217;ai vingt-deux ans et \u00e0 ce moment je suis dans le processus d&#8217;obtenir mon dipl\u00f4me avec une majeure dans le fran\u00e7ais et un minor dans les \u00e9tudes internationales. J&#8217;ai une grande passion pour les langues et la culture. Je trouve les pierres angulaires des civilisations fascinants et souhaite de travailler&#8230; <\/p>\n<div class=\"link-more\"><a href=\"https:\/\/sites.wp.odu.edu\/kthomfr366\/bio\/\">Read More<\/a><\/div>\n","protected":false},"author":30154,"featured_media":0,"parent":0,"menu_order":0,"comment_status":"closed","ping_status":"closed","template":"","meta":{"footnotes":""},"_links":{"self":[{"href":"https:\/\/sites.wp.odu.edu\/kthomfr366\/wp-json\/wp\/v2\/pages\/84"}],"collection":[{"href":"https:\/\/sites.wp.odu.edu\/kthomfr366\/wp-json\/wp\/v2\/pages"}],"about":[{"href":"https:\/\/sites.wp.odu.edu\/kthomfr366\/wp-json\/wp\/v2\/types\/page"}],"author":[{"embeddable":true,"href":"https:\/\/sites.wp.odu.edu\/kthomfr366\/wp-json\/wp\/v2\/users\/30154"}],"replies":[{"embeddable":true,"href":"https:\/\/sites.wp.odu.edu\/kthomfr366\/wp-json\/wp\/v2\/comments?post=84"}],"version-history":[{"count":2,"href":"https:\/\/sites.wp.odu.edu\/kthomfr366\/wp-json\/wp\/v2\/pages\/84\/revisions"}],"predecessor-version":[{"id":242,"href":"https:\/\/sites.wp.odu.edu\/kthomfr366\/wp-json\/wp\/v2\/pages\/84\/revisions\/242"}],"wp:attachment":[{"href":"https:\/\/sites.wp.odu.edu\/kthomfr366\/wp-json\/wp\/v2\/media?parent=84"}],"curies":[{"name":"wp","href":"https:\/\/api.w.org\/{rel}","templated":true}]}}