{"id":93,"date":"2024-11-29T04:34:06","date_gmt":"2024-11-29T04:34:06","guid":{"rendered":"https:\/\/sites.wp.odu.edu\/fre366draft\/?page_id=93"},"modified":"2024-12-03T14:29:48","modified_gmt":"2024-12-03T14:29:48","slug":"accueil","status":"publish","type":"page","link":"https:\/\/sites.wp.odu.edu\/kthomfr366\/","title":{"rendered":"Accueil"},"content":{"rendered":"\n<p>Bonjour tout le monde! Je m&#8217;appelle Katlyn. Je voudrais vous donner des d\u00e9tails avant vous vous immergez dans mon portfolio. J&#8217;ai cr\u00e9\u00e9 ce sit pour mon cours sur les affaires fran\u00e7aises. J&#8217;ai deux buts que j&#8217;esp\u00e8re d&#8217;accomplir. Un est que je vous guide \u00e0 travers le monde des affaires fran\u00e7aises. Le deuxi\u00e8me but est que je peux vous inspirer de cr\u00e9er une entreprise par mon propre entreprise. Comme vous observez mon site, vous trouverez des information sur moi et un m\u00e9lange d&#8217;information sur des aspects des entreprises fran\u00e7aises et mon entreprise. J&#8217;esp\u00e8re qu&#8217;avec vos r\u00e9actions et critiques, je peux am\u00e9liorer comment je pr\u00e9sent mes id\u00e9es par l&#8217;angle fran\u00e7ais. Merci!  <\/p>\n","protected":false},"excerpt":{"rendered":"<p>Bonjour tout le monde! Je m&#8217;appelle Katlyn. Je voudrais vous donner des d\u00e9tails avant vous vous immergez dans mon portfolio. J&#8217;ai cr\u00e9\u00e9 ce sit pour mon cours sur les affaires fran\u00e7aises. J&#8217;ai deux buts que j&#8217;esp\u00e8re d&#8217;accomplir. Un est que je vous guide \u00e0 travers le monde des affaires fran\u00e7aises. Le deuxi\u00e8me but est que&#8230; <\/p>\n<div class=\"link-more\"><a href=\"https:\/\/sites.wp.odu.edu\/kthomfr366\/\">Read More<\/a><\/div>\n","protected":false},"author":30154,"featured_media":0,"parent":0,"menu_order":0,"comment_status":"closed","ping_status":"closed","template":"","meta":{"footnotes":""},"_links":{"self":[{"href":"https:\/\/sites.wp.odu.edu\/kthomfr366\/wp-json\/wp\/v2\/pages\/93"}],"collection":[{"href":"https:\/\/sites.wp.odu.edu\/kthomfr366\/wp-json\/wp\/v2\/pages"}],"about":[{"href":"https:\/\/sites.wp.odu.edu\/kthomfr366\/wp-json\/wp\/v2\/types\/page"}],"author":[{"embeddable":true,"href":"https:\/\/sites.wp.odu.edu\/kthomfr366\/wp-json\/wp\/v2\/users\/30154"}],"replies":[{"embeddable":true,"href":"https:\/\/sites.wp.odu.edu\/kthomfr366\/wp-json\/wp\/v2\/comments?post=93"}],"version-history":[{"count":1,"href":"https:\/\/sites.wp.odu.edu\/kthomfr366\/wp-json\/wp\/v2\/pages\/93\/revisions"}],"predecessor-version":[{"id":246,"href":"https:\/\/sites.wp.odu.edu\/kthomfr366\/wp-json\/wp\/v2\/pages\/93\/revisions\/246"}],"wp:attachment":[{"href":"https:\/\/sites.wp.odu.edu\/kthomfr366\/wp-json\/wp\/v2\/media?parent=93"}],"curies":[{"name":"wp","href":"https:\/\/api.w.org\/{rel}","templated":true}]}}