{"id":99,"date":"2024-11-29T04:34:06","date_gmt":"2024-11-29T04:34:06","guid":{"rendered":"https:\/\/sites.wp.odu.edu\/fre366draft\/?page_id=99"},"modified":"2024-12-04T20:25:10","modified_gmt":"2024-12-04T20:25:10","slug":"la-culture-dentreprise","status":"publish","type":"page","link":"https:\/\/sites.wp.odu.edu\/kthomfr366\/la-culture-dentreprise\/","title":{"rendered":"La culture d&#8217;entreprise"},"content":{"rendered":"\n<p><\/p>\n\n\n\n<p><a href=\"https:\/\/shs.cairn.info\/revue-actes-de-la-recherche-en-sciences-sociales-2002-4-page-70?lang=fr#\" data-type=\"link\" data-id=\"https:\/\/shs.cairn.info\/revue-actes-de-la-recherche-en-sciences-sociales-2002-4-page-70?lang=fr#\">https:\/\/shs.cairn.info\/revue-actes-de-la-recherche-en-sciences-sociales-2002-4-page-70?lang=fr#<\/a><\/p>\n\n\n\n<p>Je n&#8217;ai su pas de la maison d&#8217;\u00e9dition Seuil jusqu&#8217;\u00e0 ce semestre quand j&#8217;ai lu &#8220;Le Racism expliqu\u00e9 \u00e0 ma fille&#8221; de Tahar Ben Jelloun. L&#8217;information qu&#8217;est se remarqu\u00e9 \u00e0 moi \u00e9tait les s\u00e9rie des livres qu&#8217;enseignent des id\u00e9es qui sont difficiles de comprendre. Alors, cet article m&#8217;int\u00e9resse et me montre le but de cette maison \u00e9dition qu&#8217;est d&#8217;\u00e9taler la connaissance et les cultures \u00e0 travers le monde. L&#8217;histoire de Seuil commence avec une fondation entre la guerre et la catholicisme. La plupart de temps des guerre produit des \u00e9crivains qui cr\u00e9ent des \u0153uvres magnifique parce que malheureusement, il y a beaucoup de sentiments et \u00e9v\u00e8nements on pourrait \u00e9crire sur eux. Aussi, le commencement humble est fascinant. L&#8217;entreprise a commenc\u00e9 dans un abb\u00e9 et a grandi dans une entreprise qu&#8217;est presque plus populaire que la maison d&#8217;\u00e9dition Folio. C&#8217;est un peu incroyable de voir une entreprise qu&#8217;a cr\u00e9\u00e9 entre deux guerres mondiales, devient une de la plus populaire maison d&#8217;\u00e9dition fran\u00e7aise. J&#8217;admire la fa\u00e7on intelligente de se connecter des pi\u00e8ces du monde par la traduction. Il semble que ce strat\u00e9gie \u00e9tait une risque pendant cette p\u00e9riode parce que tout le monde semblait prudent vers le reste du monde. Mais parfois ces risques deviennent la meilleure d\u00e9cision de l&#8217;entreprise. Seuil a commenc\u00e9 avec des langues comme anglais, allemand, et am\u00e9ricain. L&#8217;allemand en particulier est un choix int\u00e9ressant parce que l&#8217;Allemand \u00e9tait un ennemie pour la plupart des pays dans les deux guerres, et il y a beaucoup d&#8217;histoire hostile entre la France et l&#8217;Allemand. Peut-\u00eatre la raison pour ce choix est que la francophone pouvaient comprendre les m\u00e9canismes de la pens\u00e9e des allemands. Eventuellement, Seuil a ajout\u00e9 l&#8217;autres langues comme chinois, le grec, le hongrois et plus. J&#8217;aime que Seuil e essay\u00e9 apporter les pens\u00e9es et histoires des auteurs \u00e0 un plus grand public. <\/p>\n","protected":false},"excerpt":{"rendered":"<p>https:\/\/shs.cairn.info\/revue-actes-de-la-recherche-en-sciences-sociales-2002-4-page-70?lang=fr# Je n&#8217;ai su pas de la maison d&#8217;\u00e9dition Seuil jusqu&#8217;\u00e0 ce semestre quand j&#8217;ai lu &#8220;Le Racism expliqu\u00e9 \u00e0 ma fille&#8221; de Tahar Ben Jelloun. L&#8217;information qu&#8217;est se remarqu\u00e9 \u00e0 moi \u00e9tait les s\u00e9rie des livres qu&#8217;enseignent des id\u00e9es qui sont difficiles de comprendre. Alors, cet article m&#8217;int\u00e9resse et me montre le but de&#8230; <\/p>\n<div class=\"link-more\"><a href=\"https:\/\/sites.wp.odu.edu\/kthomfr366\/la-culture-dentreprise\/\">Read More<\/a><\/div>\n","protected":false},"author":30154,"featured_media":0,"parent":0,"menu_order":0,"comment_status":"closed","ping_status":"closed","template":"","meta":{"footnotes":""},"_links":{"self":[{"href":"https:\/\/sites.wp.odu.edu\/kthomfr366\/wp-json\/wp\/v2\/pages\/99"}],"collection":[{"href":"https:\/\/sites.wp.odu.edu\/kthomfr366\/wp-json\/wp\/v2\/pages"}],"about":[{"href":"https:\/\/sites.wp.odu.edu\/kthomfr366\/wp-json\/wp\/v2\/types\/page"}],"author":[{"embeddable":true,"href":"https:\/\/sites.wp.odu.edu\/kthomfr366\/wp-json\/wp\/v2\/users\/30154"}],"replies":[{"embeddable":true,"href":"https:\/\/sites.wp.odu.edu\/kthomfr366\/wp-json\/wp\/v2\/comments?post=99"}],"version-history":[{"count":5,"href":"https:\/\/sites.wp.odu.edu\/kthomfr366\/wp-json\/wp\/v2\/pages\/99\/revisions"}],"predecessor-version":[{"id":293,"href":"https:\/\/sites.wp.odu.edu\/kthomfr366\/wp-json\/wp\/v2\/pages\/99\/revisions\/293"}],"wp:attachment":[{"href":"https:\/\/sites.wp.odu.edu\/kthomfr366\/wp-json\/wp\/v2\/media?parent=99"}],"curies":[{"name":"wp","href":"https:\/\/api.w.org\/{rel}","templated":true}]}}