{"id":89,"date":"2022-03-28T16:18:28","date_gmt":"2022-03-28T16:18:28","guid":{"rendered":"https:\/\/sites.wp.odu.edu\/basicspanishdraft\/?page_id=89"},"modified":"2022-04-08T06:23:25","modified_gmt":"2022-04-08T06:23:25","slug":"contact","status":"publish","type":"page","link":"https:\/\/sites.wp.odu.edu\/laura-peitz\/contact\/","title":{"rendered":"Contacto"},"content":{"rendered":"\n<p>Mi correo electronico es lpeit001@odu.edu. <\/p>\n\n\n\n<p>Respondo muchos correos electr\u00f3nicos relacionados con la escuela y algunos correos electr\u00f3nicos de trabajo con esto.<\/p>\n\n\n\n<p>mi n\u00famero de tel\u00e9fono es ***-***-****<\/p>\n","protected":false},"excerpt":{"rendered":"<p>Mi correo electronico es lpeit001@odu.edu. Respondo muchos correos electr\u00f3nicos relacionados con la escuela y algunos correos electr\u00f3nicos de trabajo con esto. mi n\u00famero de tel\u00e9fono es ***-***-****<\/p>\n","protected":false},"author":23719,"featured_media":0,"parent":0,"menu_order":0,"comment_status":"closed","ping_status":"closed","template":"","meta":{"footnotes":""},"_links":{"self":[{"href":"https:\/\/sites.wp.odu.edu\/laura-peitz\/wp-json\/wp\/v2\/pages\/89"}],"collection":[{"href":"https:\/\/sites.wp.odu.edu\/laura-peitz\/wp-json\/wp\/v2\/pages"}],"about":[{"href":"https:\/\/sites.wp.odu.edu\/laura-peitz\/wp-json\/wp\/v2\/types\/page"}],"author":[{"embeddable":true,"href":"https:\/\/sites.wp.odu.edu\/laura-peitz\/wp-json\/wp\/v2\/users\/23719"}],"replies":[{"embeddable":true,"href":"https:\/\/sites.wp.odu.edu\/laura-peitz\/wp-json\/wp\/v2\/comments?post=89"}],"version-history":[{"count":3,"href":"https:\/\/sites.wp.odu.edu\/laura-peitz\/wp-json\/wp\/v2\/pages\/89\/revisions"}],"predecessor-version":[{"id":495,"href":"https:\/\/sites.wp.odu.edu\/laura-peitz\/wp-json\/wp\/v2\/pages\/89\/revisions\/495"}],"wp:attachment":[{"href":"https:\/\/sites.wp.odu.edu\/laura-peitz\/wp-json\/wp\/v2\/media?parent=89"}],"curies":[{"name":"wp","href":"https:\/\/api.w.org\/{rel}","templated":true}]}}