{"id":471,"date":"2025-01-29T17:08:13","date_gmt":"2025-01-29T17:08:13","guid":{"rendered":"https:\/\/wp.odu.edu\/spring2017-fr102-template\/?page_id=471"},"modified":"2025-04-23T16:09:19","modified_gmt":"2025-04-23T16:09:19","slug":"about-me","status":"publish","type":"page","link":"https:\/\/sites.wp.odu.edu\/laurenfrench102\/","title":{"rendered":"About Me"},"content":{"rendered":"<p>Bonjour! Je m&#8217;appelle Lauren Westcott. Je suis \u00e9tudiante a la Old Dominion University. J&#8217;etudie anglais. Je suis sp\u00e9cialit\u00e9 est \u00e9criture.<\/p>\n<p><img loading=\"lazy\" decoding=\"async\" class=\"alignnone wp-image-616 size-medium\" src=\"http:\/\/sites.wp.odu.edu\/laurenfrench102\/wp-content\/uploads\/sites\/38306\/2025\/04\/IMG_6885-225x300.jpeg\" alt=\"\" width=\"225\" height=\"300\" srcset=\"https:\/\/sites.wp.odu.edu\/laurenfrench102\/wp-content\/uploads\/sites\/38306\/2025\/04\/IMG_6885-225x300.jpeg 225w, https:\/\/sites.wp.odu.edu\/laurenfrench102\/wp-content\/uploads\/sites\/38306\/2025\/04\/IMG_6885-768x1024.jpeg 768w, https:\/\/sites.wp.odu.edu\/laurenfrench102\/wp-content\/uploads\/sites\/38306\/2025\/04\/IMG_6885-1152x1536.jpeg 1152w, https:\/\/sites.wp.odu.edu\/laurenfrench102\/wp-content\/uploads\/sites\/38306\/2025\/04\/IMG_6885-600x800.jpeg 600w, https:\/\/sites.wp.odu.edu\/laurenfrench102\/wp-content\/uploads\/sites\/38306\/2025\/04\/IMG_6885-945x1260.jpeg 945w, https:\/\/sites.wp.odu.edu\/laurenfrench102\/wp-content\/uploads\/sites\/38306\/2025\/04\/IMG_6885.jpeg 1536w\" sizes=\"(max-width: 225px) 100vw, 225px\" \/><\/p>\n<hr \/>\n","protected":false},"excerpt":{"rendered":"<p>Bonjour! Je m&#8217;appelle Lauren Westcott. Je suis \u00e9tudiante a la Old Dominion University. J&#8217;etudie anglais. Je suis sp\u00e9cialit\u00e9 est \u00e9criture.<\/p>\n","protected":false},"author":27316,"featured_media":0,"parent":0,"menu_order":0,"comment_status":"closed","ping_status":"closed","template":"","meta":{"footnotes":""},"_links":{"self":[{"href":"https:\/\/sites.wp.odu.edu\/laurenfrench102\/wp-json\/wp\/v2\/pages\/471"}],"collection":[{"href":"https:\/\/sites.wp.odu.edu\/laurenfrench102\/wp-json\/wp\/v2\/pages"}],"about":[{"href":"https:\/\/sites.wp.odu.edu\/laurenfrench102\/wp-json\/wp\/v2\/types\/page"}],"author":[{"embeddable":true,"href":"https:\/\/sites.wp.odu.edu\/laurenfrench102\/wp-json\/wp\/v2\/users\/27316"}],"replies":[{"embeddable":true,"href":"https:\/\/sites.wp.odu.edu\/laurenfrench102\/wp-json\/wp\/v2\/comments?post=471"}],"version-history":[{"count":5,"href":"https:\/\/sites.wp.odu.edu\/laurenfrench102\/wp-json\/wp\/v2\/pages\/471\/revisions"}],"predecessor-version":[{"id":618,"href":"https:\/\/sites.wp.odu.edu\/laurenfrench102\/wp-json\/wp\/v2\/pages\/471\/revisions\/618"}],"wp:attachment":[{"href":"https:\/\/sites.wp.odu.edu\/laurenfrench102\/wp-json\/wp\/v2\/media?parent=471"}],"curies":[{"name":"wp","href":"https:\/\/api.w.org\/{rel}","templated":true}]}}