{"id":474,"date":"2025-01-29T17:08:56","date_gmt":"2025-01-29T17:08:56","guid":{"rendered":"https:\/\/wp.odu.edu\/spring2017-fr102-template\/?page_id=474"},"modified":"2025-05-02T05:53:04","modified_gmt":"2025-05-02T05:53:04","slug":"bio","status":"publish","type":"page","link":"https:\/\/sites.wp.odu.edu\/levi-guan-fr-odu\/bio\/","title":{"rendered":"Bio"},"content":{"rendered":"<p><span style=\"font-weight: 400\">Bonjour! Je m&#8217;appelle Levi, j\u2019ai 19 ans et je suis originaire en Floride \u00e0 Jacksonville. J&#8217;\u00e9tudie le g\u00e9nie m\u00e9canique \u00e0 l\u2019universit\u00e9 du Old Dominion University. Je suis brun, je suis de taille moyenne, mes yeux marron. Je suis tr\u00e8s timide mais je sais que je suis un peu dr\u00f4le. J\u2019adore les chats, je pr\u00e9f\u00e8re le riz au pain. J\u2019adore l&#8217;escalade. Dans ma famille, il y a mon p\u00e8re Wayne, ma m\u00e8re Ashley, et mon petit-fr\u00e8re Christopher. J\u2019ai un chat, Olaf. Je travaille dans un magasin d&#8217; animaux.<\/span><\/p>\n<p>\u00a0<\/p>\n<p><img loading=\"lazy\" decoding=\"async\" class=\"\" src=\"https:\/\/cdn.discordapp.com\/attachments\/1367740094810820690\/1367740307642519652\/IMG_6154.jpg?ex=6815aeec&amp;is=68145d6c&amp;hm=0bbc7bf31cc7180370345c0c51799c4a8e3bc6463cc2e5b19378b931b9d6e0af&amp;\" width=\"390\" height=\"520\" \/><img loading=\"lazy\" decoding=\"async\" class=\"alignright\" src=\"https:\/\/cdn.discordapp.com\/attachments\/1367740094810820690\/1367740406132899850\/IMG_9424.jpg?ex=6815af04&amp;is=68145d84&amp;hm=42f3027a1e566c429715774070ea7e7d1842af4973202ebf1c2a5fd934406278&amp;\" width=\"389\" height=\"519\" \/><\/p>\n\n\n<p><\/p>\n","protected":false},"excerpt":{"rendered":"<p>Bonjour! Je m&#8217;appelle Levi, j\u2019ai 19 ans et je suis originaire en Floride \u00e0 Jacksonville. J&#8217;\u00e9tudie le g\u00e9nie m\u00e9canique \u00e0 l\u2019universit\u00e9 du Old Dominion University. Je suis brun, je suis de taille moyenne, mes yeux marron. Je suis tr\u00e8s timide&#8230; <a class=\"more-link\" href=\"https:\/\/sites.wp.odu.edu\/levi-guan-fr-odu\/bio\/\">Continue Reading &rarr;<\/a><\/p>\n","protected":false},"author":30454,"featured_media":0,"parent":0,"menu_order":0,"comment_status":"closed","ping_status":"closed","template":"","meta":{"footnotes":""},"_links":{"self":[{"href":"https:\/\/sites.wp.odu.edu\/levi-guan-fr-odu\/wp-json\/wp\/v2\/pages\/474"}],"collection":[{"href":"https:\/\/sites.wp.odu.edu\/levi-guan-fr-odu\/wp-json\/wp\/v2\/pages"}],"about":[{"href":"https:\/\/sites.wp.odu.edu\/levi-guan-fr-odu\/wp-json\/wp\/v2\/types\/page"}],"author":[{"embeddable":true,"href":"https:\/\/sites.wp.odu.edu\/levi-guan-fr-odu\/wp-json\/wp\/v2\/users\/30454"}],"replies":[{"embeddable":true,"href":"https:\/\/sites.wp.odu.edu\/levi-guan-fr-odu\/wp-json\/wp\/v2\/comments?post=474"}],"version-history":[{"count":3,"href":"https:\/\/sites.wp.odu.edu\/levi-guan-fr-odu\/wp-json\/wp\/v2\/pages\/474\/revisions"}],"predecessor-version":[{"id":611,"href":"https:\/\/sites.wp.odu.edu\/levi-guan-fr-odu\/wp-json\/wp\/v2\/pages\/474\/revisions\/611"}],"wp:attachment":[{"href":"https:\/\/sites.wp.odu.edu\/levi-guan-fr-odu\/wp-json\/wp\/v2\/media?parent=474"}],"curies":[{"name":"wp","href":"https:\/\/api.w.org\/{rel}","templated":true}]}}