{"id":173,"date":"2020-12-04T15:34:51","date_gmt":"2020-12-04T15:34:51","guid":{"rendered":"https:\/\/wp.odu.edu\/odupresentationtemplate\/?page_id=2"},"modified":"2022-04-19T21:48:56","modified_gmt":"2022-04-19T21:48:56","slug":"sample-page-2","status":"publish","type":"page","link":"https:\/\/sites.wp.odu.edu\/madisonspanish202\/","title":{"rendered":"Bienvenido!"},"content":{"rendered":"\n<div class=\"wp-block-group is-layout-flow wp-block-group-is-layout-flow\"><div class=\"wp-block-group__inner-container\">\n<pre id=\"tw-target-text\" class=\"wp-block-code\" style=\"font-size:14px\"><code>Este curso desafi\u00f3 y mejor\u00f3 mi capacidad para funcionar de manera efectiva en el extranjero con el idioma. A lo largo del curso aprend\u00ed vocabulario y discurso en espa\u00f1ol sobre el trato con diferentes tipos de empresas; administraci\u00f3n; banca y contabilidad; propiedades, plantas y equipos; la oficina comercial moderna; y recursos humanos.El curso tambi\u00e9n me ense\u00f1\u00f3 la alfabetizaci\u00f3n geogr\u00e1fica y la cultura con el mundo de habla hispana. En general, para prepararme predominantemente para trabajar en el campo de los negocios globales y trabajar para convertirme en un l\u00edder global<\/code><\/pre>\n\n\n\n<p><\/p>\n<\/div><\/div>\n\n\n\n<figure class=\"wp-block-image size-large is-style-rounded\"><img loading=\"lazy\" decoding=\"async\" width=\"626\" height=\"626\" src=\"https:\/\/sites.wp.odu.edu\/madisonspanish202\/wp-content\/uploads\/sites\/22151\/2020\/12\/spanish-icons-background-design_1284-909.jpg\" alt=\"\" class=\"wp-image-505\" srcset=\"https:\/\/sites.wp.odu.edu\/madisonspanish202\/wp-content\/uploads\/sites\/22151\/2020\/12\/spanish-icons-background-design_1284-909.jpg 626w, https:\/\/sites.wp.odu.edu\/madisonspanish202\/wp-content\/uploads\/sites\/22151\/2020\/12\/spanish-icons-background-design_1284-909-300x300.jpg 300w, https:\/\/sites.wp.odu.edu\/madisonspanish202\/wp-content\/uploads\/sites\/22151\/2020\/12\/spanish-icons-background-design_1284-909-150x150.jpg 150w\" sizes=\"(max-width: 626px) 100vw, 626px\" \/><\/figure>\n\n\n<b>PDF Embedder requires a url attribute<\/b>\n\n\n<p><\/p>\n","protected":false},"excerpt":{"rendered":"","protected":false},"author":12291,"featured_media":0,"parent":0,"menu_order":0,"comment_status":"closed","ping_status":"open","template":"","meta":{"footnotes":""},"_links":{"self":[{"href":"https:\/\/sites.wp.odu.edu\/madisonspanish202\/wp-json\/wp\/v2\/pages\/173"}],"collection":[{"href":"https:\/\/sites.wp.odu.edu\/madisonspanish202\/wp-json\/wp\/v2\/pages"}],"about":[{"href":"https:\/\/sites.wp.odu.edu\/madisonspanish202\/wp-json\/wp\/v2\/types\/page"}],"author":[{"embeddable":true,"href":"https:\/\/sites.wp.odu.edu\/madisonspanish202\/wp-json\/wp\/v2\/users\/12291"}],"replies":[{"embeddable":true,"href":"https:\/\/sites.wp.odu.edu\/madisonspanish202\/wp-json\/wp\/v2\/comments?post=173"}],"version-history":[{"count":4,"href":"https:\/\/sites.wp.odu.edu\/madisonspanish202\/wp-json\/wp\/v2\/pages\/173\/revisions"}],"predecessor-version":[{"id":574,"href":"https:\/\/sites.wp.odu.edu\/madisonspanish202\/wp-json\/wp\/v2\/pages\/173\/revisions\/574"}],"wp:attachment":[{"href":"https:\/\/sites.wp.odu.edu\/madisonspanish202\/wp-json\/wp\/v2\/media?parent=173"}],"curies":[{"name":"wp","href":"https:\/\/api.w.org\/{rel}","templated":true}]}}