{"id":508,"date":"2020-12-06T15:12:22","date_gmt":"2020-12-06T15:12:22","guid":{"rendered":"https:\/\/sites.wp.odu.edu\/madisonspanish202\/?page_id=508"},"modified":"2020-12-07T15:36:28","modified_gmt":"2020-12-07T15:36:28","slug":"talkabroad-2","status":"publish","type":"page","link":"https:\/\/sites.wp.odu.edu\/madisonspanish202\/talkabroad-2\/","title":{"rendered":"TalkAbroad"},"content":{"rendered":"\n<p>Talk Abroad gave the opportunity for students to talk to native speakers about their culture and an assortment of other things. Below are some things I learned about the two their culture and new words! <\/p>\n\n\n\n<p><br>Mi primera conversaci\u00f3n hablamos mucho sobre nuestras vacaciones, festivales, y otras ocasiones.  <\/p>\n\n\n\n<div class=\"wp-block-image\"><figure class=\"alignleft size-large is-resized\"><img loading=\"lazy\" decoding=\"async\" src=\"https:\/\/sites.wp.odu.edu\/madisonspanish202\/wp-content\/uploads\/sites\/22151\/2020\/12\/Screen-Shot-2020-12-07-at-10.06.18-AM-1024x746.png\" alt=\"\" class=\"wp-image-531\" width=\"402\" height=\"292\" srcset=\"https:\/\/sites.wp.odu.edu\/madisonspanish202\/wp-content\/uploads\/sites\/22151\/2020\/12\/Screen-Shot-2020-12-07-at-10.06.18-AM-1024x746.png 1024w, https:\/\/sites.wp.odu.edu\/madisonspanish202\/wp-content\/uploads\/sites\/22151\/2020\/12\/Screen-Shot-2020-12-07-at-10.06.18-AM-300x219.png 300w, https:\/\/sites.wp.odu.edu\/madisonspanish202\/wp-content\/uploads\/sites\/22151\/2020\/12\/Screen-Shot-2020-12-07-at-10.06.18-AM-768x560.png 768w, https:\/\/sites.wp.odu.edu\/madisonspanish202\/wp-content\/uploads\/sites\/22151\/2020\/12\/Screen-Shot-2020-12-07-at-10.06.18-AM-412x300.png 412w, https:\/\/sites.wp.odu.edu\/madisonspanish202\/wp-content\/uploads\/sites\/22151\/2020\/12\/Screen-Shot-2020-12-07-at-10.06.18-AM.png 1070w\" sizes=\"(max-width: 402px) 100vw, 402px\" \/><\/figure><\/div>\n\n\n\n<p><br><br>Aprend\u00ed que en su <br>pa\u00eds ella tiene Covid-19 reglas similares! Los restaurantes pueden tener cincuenta por ciento y muchos lugares no est\u00e1n abiertos. <\/p>\n\n\n\n<figure class=\"wp-block-image size-large\"><img loading=\"lazy\" decoding=\"async\" width=\"20\" height=\"20\" src=\"https:\/\/sites.wp.odu.edu\/madisonspanish202\/wp-content\/uploads\/sites\/22151\/2020\/12\/image.png\" alt=\"Community Verified icon\" class=\"wp-image-532\" \/><\/figure>\n\n\n\n<div class=\"wp-block-image\"><figure class=\"alignright size-large is-resized\"><img loading=\"lazy\" decoding=\"async\" src=\"https:\/\/sites.wp.odu.edu\/madisonspanish202\/wp-content\/uploads\/sites\/22151\/2020\/12\/Screen-Shot-2020-12-07-at-10.13.53-AM.png\" alt=\"\" class=\"wp-image-533\" width=\"229\" height=\"160\" srcset=\"https:\/\/sites.wp.odu.edu\/madisonspanish202\/wp-content\/uploads\/sites\/22151\/2020\/12\/Screen-Shot-2020-12-07-at-10.13.53-AM.png 736w, https:\/\/sites.wp.odu.edu\/madisonspanish202\/wp-content\/uploads\/sites\/22151\/2020\/12\/Screen-Shot-2020-12-07-at-10.13.53-AM-300x211.png 300w, https:\/\/sites.wp.odu.edu\/madisonspanish202\/wp-content\/uploads\/sites\/22151\/2020\/12\/Screen-Shot-2020-12-07-at-10.13.53-AM-426x300.png 426w\" sizes=\"(max-width: 229px) 100vw, 229px\" \/><\/figure><\/div>\n\n\n\n<p><\/p>\n\n\n\n<p>Aprend\u00ed que en su<br>pa\u00eds ellos no tienen cucarachas, pero tienen muchos mosquitos. Muy interesante! <\/p>\n\n\n\n<div class=\"wp-block-image\"><figure class=\"alignleft size-large is-resized\"><img loading=\"lazy\" decoding=\"async\" src=\"https:\/\/sites.wp.odu.edu\/madisonspanish202\/wp-content\/uploads\/sites\/22151\/2020\/12\/Screen-Shot-2020-12-07-at-10.17.08-AM-1024x855.png\" alt=\"\" class=\"wp-image-534\" width=\"261\" height=\"218\" srcset=\"https:\/\/sites.wp.odu.edu\/madisonspanish202\/wp-content\/uploads\/sites\/22151\/2020\/12\/Screen-Shot-2020-12-07-at-10.17.08-AM-1024x855.png 1024w, https:\/\/sites.wp.odu.edu\/madisonspanish202\/wp-content\/uploads\/sites\/22151\/2020\/12\/Screen-Shot-2020-12-07-at-10.17.08-AM-300x251.png 300w, https:\/\/sites.wp.odu.edu\/madisonspanish202\/wp-content\/uploads\/sites\/22151\/2020\/12\/Screen-Shot-2020-12-07-at-10.17.08-AM-768x641.png 768w, https:\/\/sites.wp.odu.edu\/madisonspanish202\/wp-content\/uploads\/sites\/22151\/2020\/12\/Screen-Shot-2020-12-07-at-10.17.08-AM-359x300.png 359w, https:\/\/sites.wp.odu.edu\/madisonspanish202\/wp-content\/uploads\/sites\/22151\/2020\/12\/Screen-Shot-2020-12-07-at-10.17.08-AM.png 1044w\" sizes=\"(max-width: 261px) 100vw, 261px\" \/><\/figure><\/div>\n\n\n\n<p><br><\/p>\n\n\n\n<p>Ella habl\u00f3 de su quincea\u00f1era! <br>Ten\u00eda un bonito vestido y muchas personas. <\/p>\n\n\n\n<p><\/p>\n\n\n\n<p><\/p>\n\n\n\n<div class=\"wp-block-image\"><figure class=\"alignright size-large is-resized\"><img loading=\"lazy\" decoding=\"async\" src=\"https:\/\/sites.wp.odu.edu\/madisonspanish202\/wp-content\/uploads\/sites\/22151\/2020\/12\/Screen-Shot-2020-12-07-at-10.24.03-AM-1024x652.png\" alt=\"\" class=\"wp-image-535\" width=\"271\" height=\"172\" srcset=\"https:\/\/sites.wp.odu.edu\/madisonspanish202\/wp-content\/uploads\/sites\/22151\/2020\/12\/Screen-Shot-2020-12-07-at-10.24.03-AM-1024x652.png 1024w, https:\/\/sites.wp.odu.edu\/madisonspanish202\/wp-content\/uploads\/sites\/22151\/2020\/12\/Screen-Shot-2020-12-07-at-10.24.03-AM-300x191.png 300w, https:\/\/sites.wp.odu.edu\/madisonspanish202\/wp-content\/uploads\/sites\/22151\/2020\/12\/Screen-Shot-2020-12-07-at-10.24.03-AM-768x489.png 768w, https:\/\/sites.wp.odu.edu\/madisonspanish202\/wp-content\/uploads\/sites\/22151\/2020\/12\/Screen-Shot-2020-12-07-at-10.24.03-AM-471x300.png 471w, https:\/\/sites.wp.odu.edu\/madisonspanish202\/wp-content\/uploads\/sites\/22151\/2020\/12\/Screen-Shot-2020-12-07-at-10.24.03-AM.png 1382w\" sizes=\"(max-width: 271px) 100vw, 271px\" \/><\/figure><\/div>\n\n\n\n<p>Aprend\u00ed sobre de unos vacaciones que no tenemos en los Estados Unidos. Se llama D\u00eda de Muertos. <\/p>\n\n\n\n<p><\/p>\n\n\n\n<p><\/p>\n\n\n\n<p>En mi segunda conversaci\u00f3n hablamos sobre nuestras diferencias tecnol\u00f3gicas y nuestros apartamentos.<\/p>\n\n\n\n<div class=\"wp-block-image\"><figure class=\"alignleft size-large is-resized\"><img loading=\"lazy\" decoding=\"async\" src=\"https:\/\/sites.wp.odu.edu\/madisonspanish202\/wp-content\/uploads\/sites\/22151\/2020\/12\/Screen-Shot-2020-12-07-at-9.52.51-AM.png\" alt=\"\" class=\"wp-image-529\" width=\"301\" height=\"212\" srcset=\"https:\/\/sites.wp.odu.edu\/madisonspanish202\/wp-content\/uploads\/sites\/22151\/2020\/12\/Screen-Shot-2020-12-07-at-9.52.51-AM.png 798w, https:\/\/sites.wp.odu.edu\/madisonspanish202\/wp-content\/uploads\/sites\/22151\/2020\/12\/Screen-Shot-2020-12-07-at-9.52.51-AM-300x212.png 300w, https:\/\/sites.wp.odu.edu\/madisonspanish202\/wp-content\/uploads\/sites\/22151\/2020\/12\/Screen-Shot-2020-12-07-at-9.52.51-AM-768x543.png 768w, https:\/\/sites.wp.odu.edu\/madisonspanish202\/wp-content\/uploads\/sites\/22151\/2020\/12\/Screen-Shot-2020-12-07-at-9.52.51-AM-424x300.png 424w\" sizes=\"(max-width: 301px) 100vw, 301px\" \/><\/figure><\/div>\n\n\n\n<p><br><br>Aprend\u00ed que muchas personas en su pa\u00eds usan esta aplicaci\u00f3n llamada WhatsApp. Puedes mensaje de texto y hablar con tus amigos! <\/p>\n","protected":false},"excerpt":{"rendered":"<p>Talk Abroad gave the opportunity for students to talk to native speakers about their culture and an assortment of other things. Below are some things I learned about the two their culture and new words! Mi primera conversaci\u00f3n hablamos mucho sobre nuestras vacaciones, festivales, y otras ocasiones. Aprend\u00ed que en su pa\u00eds ella tiene Covid-19&#8230; <\/p>\n<div class=\"link-more\"><a href=\"https:\/\/sites.wp.odu.edu\/madisonspanish202\/talkabroad-2\/\">Read More<\/a><\/div>\n","protected":false},"author":12291,"featured_media":0,"parent":0,"menu_order":0,"comment_status":"closed","ping_status":"closed","template":"","meta":{"footnotes":""},"_links":{"self":[{"href":"https:\/\/sites.wp.odu.edu\/madisonspanish202\/wp-json\/wp\/v2\/pages\/508"}],"collection":[{"href":"https:\/\/sites.wp.odu.edu\/madisonspanish202\/wp-json\/wp\/v2\/pages"}],"about":[{"href":"https:\/\/sites.wp.odu.edu\/madisonspanish202\/wp-json\/wp\/v2\/types\/page"}],"author":[{"embeddable":true,"href":"https:\/\/sites.wp.odu.edu\/madisonspanish202\/wp-json\/wp\/v2\/users\/12291"}],"replies":[{"embeddable":true,"href":"https:\/\/sites.wp.odu.edu\/madisonspanish202\/wp-json\/wp\/v2\/comments?post=508"}],"version-history":[{"count":4,"href":"https:\/\/sites.wp.odu.edu\/madisonspanish202\/wp-json\/wp\/v2\/pages\/508\/revisions"}],"predecessor-version":[{"id":536,"href":"https:\/\/sites.wp.odu.edu\/madisonspanish202\/wp-json\/wp\/v2\/pages\/508\/revisions\/536"}],"wp:attachment":[{"href":"https:\/\/sites.wp.odu.edu\/madisonspanish202\/wp-json\/wp\/v2\/media?parent=508"}],"curies":[{"name":"wp","href":"https:\/\/api.w.org\/{rel}","templated":true}]}}