{"id":116,"date":"2023-12-05T00:38:16","date_gmt":"2023-12-05T00:38:16","guid":{"rendered":"https:\/\/sites.wp.odu.edu\/span330draft\/?page_id=116"},"modified":"2024-12-04T01:47:45","modified_gmt":"2024-12-04T01:47:45","slug":"evaluacion","status":"publish","type":"page","link":"https:\/\/sites.wp.odu.edu\/martinezpichespanish-311\/evaluacion\/","title":{"rendered":"Reflexi\u00f3n-Reflection"},"content":{"rendered":"\n<p>Durante este semestre, el haber tomado la clase SPAN 312W me ense\u00f1\u00f3 a extender mucho m\u00e1s mis conocimientos, tanto culturales como en mi escritura, y a tener siempre una mente abierta al momento de realizar una discusi\u00f3n. El tomar una clase de espa\u00f1ol para muchas personas que no es su primer idioma es bastante temeroso, por lo tanto no la llegan a tomar, pero lo que no se dan cuenta es que est\u00e1n perdiendo una gran oportunidad para tener un desarrollo y una evoluci\u00f3n de conocimiento en el idioma. Aunque es una clase de escritura avanzada, en mi opini\u00f3n, siento que cualquier persona la puede tener siempre y cuando le ponga la dedicaci\u00f3n adecuada y las ganas de aprender un nuevo idioma y no solo eso, sino tambi\u00e9n aprender un nuevo conocimiento cultural. Esta clase comienza el semestre y se finaliza completamente en espa\u00f1ol, la cual ayuda a crear perspectivas diferentes, desde un punto cultural hasta una autoevaluaci\u00f3n personal.&nbsp;<\/p>\n\n\n\n<p>Para m\u00ed, uno de los mayores objetivos de esta clase era el poder aprender y comprender nuevas formas de mejorar mi escritura, incrementar mi vocabulario en el idioma, poner en pr\u00e1ctica mi gram\u00e1tica al utilizar diferentes verbos y expresiones. Las clases en l\u00ednea, la mayor\u00eda, no tienden a ser tan interactivas con la profesora ni mucho menos con los compa\u00f1eros de clase, ya que tienden a tener un concepto m\u00e1s individualista, pero a diferencia de esta clase, SPAN 312W, nos une como una comunidad con una finalidad de mejorar y ayudar a los dem\u00e1s a crecer en un diferente idioma. Al mismo tiempo, completando los proyectos en el programa VHL. Lo que m\u00e1s me gusta de esta clase es la interacci\u00f3n constante que tuve con la Profesora Alvaro, donde me pude comunicar con ella por medio del grupo del Chat Gmail; todo el tiempo que necesitaba ayuda, ella estaba ah\u00ed para m\u00ed. Algunos de los objetivos que me ayudaron son:<\/p>\n\n\n\n<ol>\n<li>Desarrollar mis habilidades de comprensi\u00f3n cultural.<\/li>\n\n\n\n<li>Desarrollar mis pensamientos cr\u00edticos en las discusiones.<\/li>\n\n\n\n<li>Mejorar la precisi\u00f3n gramatical y la precisi\u00f3n en mi forma de comunicaci\u00f3n.<\/li>\n\n\n\n<li>Mejorar mi forma de pensar al momento de hacer una escritura, pensar siempre con la mente abierta al responderle a mis compa\u00f1eros.<\/li>\n\n\n\n<li>Ampliar mi vocabulario para que al momento de mi escritura no hubiera ninguna palabra repetida.<\/li>\n<\/ol>\n\n\n\n<p><em>English Version.<\/em><\/p>\n\n\n\n<p>During this semester, taking the SPAN 312W class taught me to extend my knowledge much further, both culturally and in my writing, and to always have an open mind when making a discussion. Taking a Spanish class for many people who do not speak Spanish as their first language is quite scary; therefore, they do not take it, but what they do not realize is that they are missing a great opportunity to have a development and an evolution of knowledge in the language. Although it is an advanced writing class, in my opinion, I feel that anyone can take it as long as they put in the proper dedication and the desire to learn a new language and not only that, but also learn new cultural knowledge. This class begins the semester and ends completely in Spanish, which helps create different perspectives, from a cultural point of view to a personal self-evaluation.<\/p>\n\n\n\n<p>For me, one of the biggest goals of this class was to be able to learn and understand new ways to improve my writing, increase my vocabulary in the language, and put my grammar into practice by using different verbs and expressions. Online classes, most of them, do not tend to be as interactive with the teacher or even with classmates since they tend to have a more individualistic concept, but unlike this class, SPAN 312W, it brings us together as a community with a purpose to improve and help others grow in a different language. At the same time, completing the projects in the VHL program. What I like most about this class is the constant interaction I had with Professor Alvaro, where I was able to communicate with her through the Gmail Chat group; all the time I needed help, she was there for me. Some of the goals that helped me are:<\/p>\n\n\n\n<ol>\n<li>Develop my cultural understanding skills.<\/li>\n\n\n\n<li>Develop my critical thinking in discussions.<\/li>\n\n\n\n<li>Improve grammatical accuracy and precision in my way of communicating.<\/li>\n\n\n\n<li>Improve my way of thinking when writing, always thinking with an open mind when responding to my classmates.<\/li>\n\n\n\n<li>Expand my vocabulary so that at the time of writing there would be no repeated words.<\/li>\n<\/ol>\n","protected":false},"excerpt":{"rendered":"<p>Durante este semestre, el haber tomado la clase SPAN 312W me ense\u00f1\u00f3 a extender mucho m\u00e1s mis conocimientos, tanto culturales como en mi escritura, y a tener siempre una mente abierta al momento de realizar una discusi\u00f3n. El tomar una clase de espa\u00f1ol para muchas personas que no es su primer idioma es bastante temeroso,&#8230; <\/p>\n<div class=\"link-more\"><a href=\"https:\/\/sites.wp.odu.edu\/martinezpichespanish-311\/evaluacion\/\">Read More<\/a><\/div>\n","protected":false},"author":26628,"featured_media":0,"parent":0,"menu_order":0,"comment_status":"closed","ping_status":"closed","template":"","meta":{"footnotes":""},"_links":{"self":[{"href":"https:\/\/sites.wp.odu.edu\/martinezpichespanish-311\/wp-json\/wp\/v2\/pages\/116"}],"collection":[{"href":"https:\/\/sites.wp.odu.edu\/martinezpichespanish-311\/wp-json\/wp\/v2\/pages"}],"about":[{"href":"https:\/\/sites.wp.odu.edu\/martinezpichespanish-311\/wp-json\/wp\/v2\/types\/page"}],"author":[{"embeddable":true,"href":"https:\/\/sites.wp.odu.edu\/martinezpichespanish-311\/wp-json\/wp\/v2\/users\/26628"}],"replies":[{"embeddable":true,"href":"https:\/\/sites.wp.odu.edu\/martinezpichespanish-311\/wp-json\/wp\/v2\/comments?post=116"}],"version-history":[{"count":5,"href":"https:\/\/sites.wp.odu.edu\/martinezpichespanish-311\/wp-json\/wp\/v2\/pages\/116\/revisions"}],"predecessor-version":[{"id":202,"href":"https:\/\/sites.wp.odu.edu\/martinezpichespanish-311\/wp-json\/wp\/v2\/pages\/116\/revisions\/202"}],"wp:attachment":[{"href":"https:\/\/sites.wp.odu.edu\/martinezpichespanish-311\/wp-json\/wp\/v2\/media?parent=116"}],"curies":[{"name":"wp","href":"https:\/\/api.w.org\/{rel}","templated":true}]}}