{"id":128,"date":"2023-12-05T00:38:16","date_gmt":"2023-12-05T00:38:16","guid":{"rendered":"https:\/\/sites.wp.odu.edu\/span330draft\/?page_id=96"},"modified":"2024-12-04T20:30:19","modified_gmt":"2024-12-04T20:30:19","slug":"obra-creativa","status":"publish","type":"page","link":"https:\/\/sites.wp.odu.edu\/martinezpichespanish-311\/obra-creativa\/","title":{"rendered":"MI EXPERIENCIA-MY EXPERIENCE"},"content":{"rendered":"\n<p>Mi experiencia con la clase de SPAN 312W fue una de mis clases favoritas que tom\u00e9 durante este semestre. Definitivamente es una clase que te llega a consumir si no est\u00e1s pendiente de las fechas l\u00edmites que la Profesora Alvaro pone, pero sin importar eso, es una clase bastante interactiva y din\u00e1mica; la profesora se involucra mucho por el bienestar del estudiante. Yo hablo perfectamente espa\u00f1ol, por lo tanto la clase se me hizo un poco m\u00e1s f\u00e1cil, pero independientemente de eso le escrib\u00eda mucho a la Profesora Alvaro para que me explicara ciertas escrituras, en mi gram\u00e1tica, vocabulario, algunas instrucciones que para m\u00ed no estaban claras, y ella siempre me ayudaba a realizar bien mis escrituras. Es una clase 100 % en espa\u00f1ol: las escrituras, las discusiones, las entrevistas, VHL Central, pero hab\u00eda estudiantes cuyo primer idioma no es el espa\u00f1ol y hac\u00edan el mayor esfuerzo de entender y escribir y, sobre todo con la ayuda de la profesora, dir\u00eda que no tuvieron ning\u00fan problema.&nbsp;<\/p>\n\n\n\n<p>Algunas de las dificultades que tuve al iniciar esta clase fue manejar mi tiempo porque nunca me imagin\u00e9 lo que tardaba hacer una buena y excelente escritura para obtener la nota m\u00e1s alta de la clase, el pedir ayuda a la primera vez que no entiendes las instrucciones y no esperar en el \u00faltimo momento para pedir la ayuda de la Profesora Alvaro, y para finalizar, la clase tiene demasiado contenido y m\u00f3dulos que me mantuvieron bastante activa durante todo el semestre. Mi recomendaci\u00f3n ser\u00eda que trates siempre de entregar los trabajos a tiempo porque despu\u00e9s vas a terminar haciendo el doble de lo que deb\u00edas si lo hubieras entregado a tiempo. Sin importar estas dificultades, disfrut\u00e9 demasiado la clase de SPAN 312W. La p\u00e1gina VHL Central, el prop\u00f3sito de esta p\u00e1gina es ayudar a entender y a mejorar la gram\u00e1tica y utilizar las palabras apropiadamente al momento de iniciar una escritura. Las personas piensan que, al ser una clase en l\u00ednea, el nivel de dificultad iba a disminuir y que no iba a tener una interacci\u00f3n constante, pero en este caso la interacci\u00f3n con la Profesora Alvaro fue una pieza clave en este curso para as\u00ed tener un mejor desenvolvimiento y desempe\u00f1o en el idioma.<\/p>\n\n\n\n<p>Los dejo con un video en espa\u00f1ol con subt\u00edtulos en ingl\u00e9s si est\u00e1n interesados en conocer m\u00e1s sobre mi experiencia tomando esta clase.<\/p>\n\n\n\n<p><em>English version.<\/em><\/p>\n\n\n\n<p>My experience with the SPAN 312W class was one of my favorite classes that I took during this semester. It is definitely a class that gets to you if you are not aware of the deadlines that Professor Alvaro sets, but regardless of that, it is a very interactive and dynamic class. The professor is very involved in the well-being of the student. I speak perfect Spanish; therefore, the class was a little easier for me, but regardless of that, I wrote a lot to Professor Alvaro to explain certain writings, my grammar, vocabulary, and some instructions that were not clear to me, and she always helped me to do my writings well. It is a 100% Spanish class\u2014the writings, the discussions, the interviews, and VHL Central\u2014but there were students whose first language is not Spanish, and they made the greatest effort to understand and write, and above all, with the help of the professor, I would say that they did not have any problems.<\/p>\n\n\n\n<p>Some of the difficulties I had when starting this class were managing my time because I never imagined how long it took to write a good and excellent essay to get the highest grade in the class, asking for help the first time you don&#8217;t understand the instructions and not waiting until the last minute to ask for help from Professor Alvaro, and finally, the class has too much content and modules that kept me quite active throughout the semester. My recommendation would be to always try to hand in your work on time because you will end up doing twice as much as you should have if you had handed it in on time. Regardless of these difficulties, I really enjoyed the SPAN 312W class. The VHL Central purpose of this page is to help you understand and improve your grammar and use words appropriately when you start writing. People think that, being an online class, the level of difficulty would decrease and that there would not be constant interaction, but in this case the interaction with the Professor Alvaro was a key piece in this course in order to have a better development and performance in the language.<\/p>\n\n\n\n<p>I leave you with a video in Spanish with English subtitles if you are interested in learning more about my experience taking this class.<\/p>\n\n\n\n<figure class=\"wp-block-embed is-type-video is-provider-youtube wp-block-embed-youtube wp-embed-aspect-4-3 wp-has-aspect-ratio\"><div class=\"wp-block-embed__wrapper\">\n<iframe loading=\"lazy\" title=\"Mi Experiencia-My Experience.\" width=\"1000\" height=\"750\" src=\"https:\/\/www.youtube.com\/embed\/QfsNswFqhO4?start=92\" frameborder=\"0\" allow=\"accelerometer; autoplay; clipboard-write; encrypted-media; gyroscope; picture-in-picture; web-share\" referrerpolicy=\"strict-origin-when-cross-origin\" allowfullscreen><\/iframe>\n<\/div><\/figure>\n","protected":false},"excerpt":{"rendered":"<p>Mi experiencia con la clase de SPAN 312W fue una de mis clases favoritas que tom\u00e9 durante este semestre. Definitivamente es una clase que te llega a consumir si no est\u00e1s pendiente de las fechas l\u00edmites que la Profesora Alvaro pone, pero sin importar eso, es una clase bastante interactiva y din\u00e1mica; la profesora se&#8230; <\/p>\n<div class=\"link-more\"><a href=\"https:\/\/sites.wp.odu.edu\/martinezpichespanish-311\/obra-creativa\/\">Read More<\/a><\/div>\n","protected":false},"author":26628,"featured_media":0,"parent":0,"menu_order":0,"comment_status":"closed","ping_status":"closed","template":"","meta":{"footnotes":""},"_links":{"self":[{"href":"https:\/\/sites.wp.odu.edu\/martinezpichespanish-311\/wp-json\/wp\/v2\/pages\/128"}],"collection":[{"href":"https:\/\/sites.wp.odu.edu\/martinezpichespanish-311\/wp-json\/wp\/v2\/pages"}],"about":[{"href":"https:\/\/sites.wp.odu.edu\/martinezpichespanish-311\/wp-json\/wp\/v2\/types\/page"}],"author":[{"embeddable":true,"href":"https:\/\/sites.wp.odu.edu\/martinezpichespanish-311\/wp-json\/wp\/v2\/users\/26628"}],"replies":[{"embeddable":true,"href":"https:\/\/sites.wp.odu.edu\/martinezpichespanish-311\/wp-json\/wp\/v2\/comments?post=128"}],"version-history":[{"count":5,"href":"https:\/\/sites.wp.odu.edu\/martinezpichespanish-311\/wp-json\/wp\/v2\/pages\/128\/revisions"}],"predecessor-version":[{"id":239,"href":"https:\/\/sites.wp.odu.edu\/martinezpichespanish-311\/wp-json\/wp\/v2\/pages\/128\/revisions\/239"}],"wp:attachment":[{"href":"https:\/\/sites.wp.odu.edu\/martinezpichespanish-311\/wp-json\/wp\/v2\/media?parent=128"}],"curies":[{"name":"wp","href":"https:\/\/api.w.org\/{rel}","templated":true}]}}