{"id":193,"date":"2024-12-04T00:55:34","date_gmt":"2024-12-04T00:55:34","guid":{"rendered":"https:\/\/sites.wp.odu.edu\/martinezpichespanish-311\/?page_id=193"},"modified":"2024-12-04T07:28:57","modified_gmt":"2024-12-04T07:28:57","slug":"mis-escrituras-my-writings","status":"publish","type":"page","link":"https:\/\/sites.wp.odu.edu\/martinezpichespanish-311\/mis-escrituras-my-writings\/","title":{"rendered":"MIS ESCRITURAS FAVORITAS-MY FAVORITE WRITINGS"},"content":{"rendered":"\n<p>Durante todo el semestre realizamos cinco escrituras, todas han sido muy importantes, ya que nos ayudaron a tener nuevos conocimientos, habilidades y vocabulario en cada una de estas. Voy a mostrar cada una de mis escrituras finales que yo realic\u00e9 durante esta clase SPAN 312W, las voy a categorizar desde mis favoritas porque las disfrut\u00e9, a las que se me hicieron un poco m\u00e1s f\u00e1cil escribirlas.<\/p>\n\n\n\n<p><em>English Version.<\/em><\/p>\n\n\n\n<p>Throughout the semester we did five writing assignments, all of which have been very important, as they helped us gain new knowledge, skills, and vocabulary in each of them. I am going to show each of my final writing assignments that I did during this SPAN 312W class. I am going to categorize them from my favorites, because I enjoyed them, to those that were a little easier for me to write.<\/p>\n\n\n\n<p>1. Blog de Refutaci\u00f3n.<\/p>\n\n\n\n<p>La primera es el \u201cBlog de Refutaci\u00f3n\u201d, que es una de mis escrituras favoritas, ya que la realic\u00e9 de forma creativa e instructiva siguiendo las instrucciones de la Profesora Alvaro. Tambi\u00e9n fue una de las que me llev\u00f3 m\u00e1s tiempo en hacer, ya que ten\u00eda que crear un blog en Canvas para completar mi escritura. Explicando el contenido de mi escritura, ten\u00edamos que realizar un blog, ya sea en Canvas o en una p\u00e1gina creativa, para que nos diera el molde o el dise\u00f1o que quer\u00edamos trabajar en ello. La Profesora Alvaro nos dio diferentes temas donde pod\u00edamos escoger el que nosotros quisi\u00e9ramos junto con algunas de las preguntas que podr\u00edamos incluir al momento de hacer el blog. Como el t\u00edtulo lo dice, el blog ten\u00eda que explicar si estabas en contra o a favor del tema que hab\u00edamos escogido. Y al final ten\u00edamos que investigar a profundidad el tema para dar motivos y razones por qu\u00e9 est\u00e1bamos en contra o a favor. Por lo tanto, yo escog\u00ed el tema: \u201cLa Inteligencia Artificial\u201d. En la parte de abajo se observa mi escritura.<\/p>\n\n\n\n<p><em>English Version.<\/em><\/p>\n\n\n\n<p>The first one is the \u201cBlog of Refutation,\u201d which is one of my favorite writings since I did it in a creative and instructive way following the instructions of Professor Alvaro. It was also one of the ones that took me the longest to do since I had to create a blog in Canvas to complete my writing. Explaining the content of my writing, we had to make a blog, either in Canvas or on a creative page, to give us the mold or the design that we wanted to work on. Professor Alvaro gave us different topics where we could choose the one we wanted along with some of the questions that we could include when making the blog. As the title said, the blog had to explain if you were against or in favor of the topic we had chosen. And at the end we had to investigate the topic in depth to give reasons and arguments why we were against or in favor. Therefore, I chose the topic: \u201cArtificial Intelligence.\u201d Below you can see my writing.<\/p>\n\n\n<div class=\"wp-block-image\">\n<figure class=\"aligncenter size-large is-resized\"><a href=\"https:\/\/sites.wp.odu.edu\/martinezpichespanish-311\/wp-content\/uploads\/sites\/34910\/2024\/12\/Dark-Grey-And-White-Minimalist-Elegant-On-The-Blog-Instagram-Story-copy.png\"><img loading=\"lazy\" decoding=\"async\" width=\"576\" height=\"1024\" src=\"https:\/\/sites.wp.odu.edu\/martinezpichespanish-311\/wp-content\/uploads\/sites\/34910\/2024\/12\/Dark-Grey-And-White-Minimalist-Elegant-On-The-Blog-Instagram-Story-copy-576x1024.png\" alt=\"\" class=\"wp-image-204\" style=\"width:245px;height:auto\" srcset=\"https:\/\/sites.wp.odu.edu\/martinezpichespanish-311\/wp-content\/uploads\/sites\/34910\/2024\/12\/Dark-Grey-And-White-Minimalist-Elegant-On-The-Blog-Instagram-Story-copy-576x1024.png 576w, https:\/\/sites.wp.odu.edu\/martinezpichespanish-311\/wp-content\/uploads\/sites\/34910\/2024\/12\/Dark-Grey-And-White-Minimalist-Elegant-On-The-Blog-Instagram-Story-copy-169x300.png 169w, https:\/\/sites.wp.odu.edu\/martinezpichespanish-311\/wp-content\/uploads\/sites\/34910\/2024\/12\/Dark-Grey-And-White-Minimalist-Elegant-On-The-Blog-Instagram-Story-copy-768x1365.png 768w, https:\/\/sites.wp.odu.edu\/martinezpichespanish-311\/wp-content\/uploads\/sites\/34910\/2024\/12\/Dark-Grey-And-White-Minimalist-Elegant-On-The-Blog-Instagram-Story-copy-864x1536.png 864w, https:\/\/sites.wp.odu.edu\/martinezpichespanish-311\/wp-content\/uploads\/sites\/34910\/2024\/12\/Dark-Grey-And-White-Minimalist-Elegant-On-The-Blog-Instagram-Story-copy.png 1080w\" sizes=\"(max-width: 576px) 100vw, 576px\" \/><\/a><\/figure><\/div>\n\n<div class=\"wp-block-image\">\n<figure class=\"aligncenter size-large is-resized\"><a href=\"https:\/\/sites.wp.odu.edu\/martinezpichespanish-311\/wp-content\/uploads\/sites\/34910\/2024\/12\/Dark-Grey-And-White-Minimalist-Elegant-On-The-Blog-Instagram-Story-1.png\"><img loading=\"lazy\" decoding=\"async\" width=\"576\" height=\"1024\" src=\"https:\/\/sites.wp.odu.edu\/martinezpichespanish-311\/wp-content\/uploads\/sites\/34910\/2024\/12\/Dark-Grey-And-White-Minimalist-Elegant-On-The-Blog-Instagram-Story-1-576x1024.png\" alt=\"\" class=\"wp-image-210\" style=\"width:246px;height:auto\" srcset=\"https:\/\/sites.wp.odu.edu\/martinezpichespanish-311\/wp-content\/uploads\/sites\/34910\/2024\/12\/Dark-Grey-And-White-Minimalist-Elegant-On-The-Blog-Instagram-Story-1-576x1024.png 576w, https:\/\/sites.wp.odu.edu\/martinezpichespanish-311\/wp-content\/uploads\/sites\/34910\/2024\/12\/Dark-Grey-And-White-Minimalist-Elegant-On-The-Blog-Instagram-Story-1-169x300.png 169w, https:\/\/sites.wp.odu.edu\/martinezpichespanish-311\/wp-content\/uploads\/sites\/34910\/2024\/12\/Dark-Grey-And-White-Minimalist-Elegant-On-The-Blog-Instagram-Story-1-768x1365.png 768w, https:\/\/sites.wp.odu.edu\/martinezpichespanish-311\/wp-content\/uploads\/sites\/34910\/2024\/12\/Dark-Grey-And-White-Minimalist-Elegant-On-The-Blog-Instagram-Story-1-864x1536.png 864w, https:\/\/sites.wp.odu.edu\/martinezpichespanish-311\/wp-content\/uploads\/sites\/34910\/2024\/12\/Dark-Grey-And-White-Minimalist-Elegant-On-The-Blog-Instagram-Story-1.png 1080w\" sizes=\"(max-width: 576px) 100vw, 576px\" \/><\/a><\/figure><\/div>\n\n\n<p>      2. Art\u00edculo Period\u00edstico.<\/p>\n\n\n\n<p>La segunda es el \u201cArt\u00edculo Period\u00edstico\u201d, que es la segunda de mis escrituras favoritas, ya que la realic\u00e9 de forma creativa e instructiva siguiendo las instrucciones de la Profesora Alvaro. Tambi\u00e9n fue una de las que me llev\u00f3 m\u00e1s tiempo en hacer, ya que ten\u00eda que crear un articulo de periodico tambien en Canvas para completar mi escritura. Explicando el contenido de mi escritura, ten\u00edamos que realizar un periodico, ya sea en Canvas o en una p\u00e1gina creativa, para que nos diera el molde o el dise\u00f1o que quer\u00edamos trabajar en ello. La Profesora Alvaro nos dio que escogieramos cualquier tema informativo que se encontrara solo en los peri\u00f3dicos para informarles a las personas de diferentes partes del mundo. El art\u00edculo de periodico ten\u00eda que explicar cualquier noticia impactante para que le llegara a cualquier persona del mundo, ya sea clim\u00e1tico, receta de cocina, cultura, deportes, entre otras noticias impactantes. Al igual que el primero ten\u00edamos que investigar a profundidad el tema para dar datos relevantes y verdaderos en la noticia que escogieramos. Por lo tanto, yo escog\u00ed la noticia: \u201cHurac\u00e1n Helene\u201d. En la parte de abajo se observa mi escritura.<\/p>\n\n\n\n<p><em>English Version.<\/em><\/p>\n\n\n\n<p>The second is the \u201cNewspaper Article,\u201d which is my second favorite piece of writing since I created it in a creative and instructive way following Professor Alvaro\u2019s instructions. It was also one of the ones that took me the longest to do since I had to create a newspaper article also in Canvas to complete my writing. Explaining the content of my writing, we had to create a newspaper, either in Canvas or on a creative page, to give us the template or design that we wanted to work on. Professor Alvaro told us to choose any news topic that was only found in newspapers to inform people from different parts of the world. The newspaper article had to explain any shocking news so that it would reach anyone in the world, whether it was about weather, cooking recipes, culture, sports, or other shocking news. Like the first one, we had to investigate the topic in depth to give relevant and true data in the news we chose. Therefore, I chose the news: \u201cHurricane Helene.\u201d At the bottom you can see my writing.<\/p>\n\n\n<div class=\"wp-block-image\">\n<figure class=\"aligncenter size-large is-resized\"><a href=\"https:\/\/sites.wp.odu.edu\/martinezpichespanish-311\/wp-content\/uploads\/sites\/34910\/2024\/12\/1.jpg\"><img loading=\"lazy\" decoding=\"async\" width=\"724\" height=\"1024\" src=\"https:\/\/sites.wp.odu.edu\/martinezpichespanish-311\/wp-content\/uploads\/sites\/34910\/2024\/12\/1-724x1024.jpg\" alt=\"\" class=\"wp-image-208\" style=\"width:286px;height:auto\" srcset=\"https:\/\/sites.wp.odu.edu\/martinezpichespanish-311\/wp-content\/uploads\/sites\/34910\/2024\/12\/1-724x1024.jpg 724w, https:\/\/sites.wp.odu.edu\/martinezpichespanish-311\/wp-content\/uploads\/sites\/34910\/2024\/12\/1-212x300.jpg 212w, https:\/\/sites.wp.odu.edu\/martinezpichespanish-311\/wp-content\/uploads\/sites\/34910\/2024\/12\/1-768x1086.jpg 768w, https:\/\/sites.wp.odu.edu\/martinezpichespanish-311\/wp-content\/uploads\/sites\/34910\/2024\/12\/1-1086x1536.jpg 1086w, https:\/\/sites.wp.odu.edu\/martinezpichespanish-311\/wp-content\/uploads\/sites\/34910\/2024\/12\/1.jpg 1414w\" sizes=\"(max-width: 724px) 100vw, 724px\" \/><\/a><\/figure><\/div>\n\n<div class=\"wp-block-image\">\n<figure class=\"aligncenter size-large is-resized\"><a href=\"https:\/\/sites.wp.odu.edu\/martinezpichespanish-311\/wp-content\/uploads\/sites\/34910\/2024\/12\/2.jpg\"><img loading=\"lazy\" decoding=\"async\" width=\"724\" height=\"1024\" src=\"https:\/\/sites.wp.odu.edu\/martinezpichespanish-311\/wp-content\/uploads\/sites\/34910\/2024\/12\/2-724x1024.jpg\" alt=\"\" class=\"wp-image-209\" style=\"width:283px;height:auto\" srcset=\"https:\/\/sites.wp.odu.edu\/martinezpichespanish-311\/wp-content\/uploads\/sites\/34910\/2024\/12\/2-724x1024.jpg 724w, https:\/\/sites.wp.odu.edu\/martinezpichespanish-311\/wp-content\/uploads\/sites\/34910\/2024\/12\/2-212x300.jpg 212w, https:\/\/sites.wp.odu.edu\/martinezpichespanish-311\/wp-content\/uploads\/sites\/34910\/2024\/12\/2-768x1086.jpg 768w, https:\/\/sites.wp.odu.edu\/martinezpichespanish-311\/wp-content\/uploads\/sites\/34910\/2024\/12\/2-1086x1536.jpg 1086w, https:\/\/sites.wp.odu.edu\/martinezpichespanish-311\/wp-content\/uploads\/sites\/34910\/2024\/12\/2.jpg 1414w\" sizes=\"(max-width: 724px) 100vw, 724px\" \/><\/a><\/figure><\/div>","protected":false},"excerpt":{"rendered":"<p>Durante todo el semestre realizamos cinco escrituras, todas han sido muy importantes, ya que nos ayudaron a tener nuevos conocimientos, habilidades y vocabulario en cada una de estas. Voy a mostrar cada una de mis escrituras finales que yo realic\u00e9 durante esta clase SPAN 312W, las voy a categorizar desde mis favoritas porque las disfrut\u00e9,&#8230; <\/p>\n<div class=\"link-more\"><a href=\"https:\/\/sites.wp.odu.edu\/martinezpichespanish-311\/mis-escrituras-my-writings\/\">Read More<\/a><\/div>\n","protected":false},"author":26628,"featured_media":0,"parent":0,"menu_order":0,"comment_status":"closed","ping_status":"closed","template":"","meta":{"footnotes":""},"_links":{"self":[{"href":"https:\/\/sites.wp.odu.edu\/martinezpichespanish-311\/wp-json\/wp\/v2\/pages\/193"}],"collection":[{"href":"https:\/\/sites.wp.odu.edu\/martinezpichespanish-311\/wp-json\/wp\/v2\/pages"}],"about":[{"href":"https:\/\/sites.wp.odu.edu\/martinezpichespanish-311\/wp-json\/wp\/v2\/types\/page"}],"author":[{"embeddable":true,"href":"https:\/\/sites.wp.odu.edu\/martinezpichespanish-311\/wp-json\/wp\/v2\/users\/26628"}],"replies":[{"embeddable":true,"href":"https:\/\/sites.wp.odu.edu\/martinezpichespanish-311\/wp-json\/wp\/v2\/comments?post=193"}],"version-history":[{"count":5,"href":"https:\/\/sites.wp.odu.edu\/martinezpichespanish-311\/wp-json\/wp\/v2\/pages\/193\/revisions"}],"predecessor-version":[{"id":232,"href":"https:\/\/sites.wp.odu.edu\/martinezpichespanish-311\/wp-json\/wp\/v2\/pages\/193\/revisions\/232"}],"wp:attachment":[{"href":"https:\/\/sites.wp.odu.edu\/martinezpichespanish-311\/wp-json\/wp\/v2\/media?parent=193"}],"curies":[{"name":"wp","href":"https:\/\/api.w.org\/{rel}","templated":true}]}}