{"id":213,"date":"2024-12-04T02:41:36","date_gmt":"2024-12-04T02:41:36","guid":{"rendered":"https:\/\/sites.wp.odu.edu\/martinezpichespanish-311\/?page_id=213"},"modified":"2024-12-04T03:23:24","modified_gmt":"2024-12-04T03:23:24","slug":"mis-escrituras-my-writings-2","status":"publish","type":"page","link":"https:\/\/sites.wp.odu.edu\/martinezpichespanish-311\/mis-escrituras-my-writings-2\/","title":{"rendered":"MIS ESCRITURAS-MY WRITINGS"},"content":{"rendered":"\n<p>     3.  Carta de Recomendaci\u00f3n.<\/p>\n\n\n\n<p>La tercera es la \u201cCarta de Recomendaci\u00f3n\u201d, que es la tercera de mis escrituras. S\u00ed me gust\u00f3 realizarla, pero no fue de mis favoritas porque, aunque no parezca, lleva mucho m\u00e1s tiempo que las otras escrituras. La complet\u00e9 siguiendo las instrucciones de la Profesora Alvaro. Explicando el contenido de mi escritura, ten\u00edamos que realizar una carta de recomendaci\u00f3n; la Profesora Alvaro nos dio que escoger a qui\u00e9n quer\u00edamos escribirle la carta de recomendaci\u00f3n, incluso a cualquier empresa, ya sea imaginaria o alguna espec\u00edfica. No las pod\u00edamos hacer dirigidas a nosotros mismos sin necesidad de buscar a alguien m\u00e1s para recomendar. En la carta de recomendaciones ten\u00edamos que explicar ciertos aspectos de las personas, las cualidades, como esas habilidades califican a la persona para el trabajo, escuela, empresa o universidad. Ten\u00edamos que hablar bien de esa persona, cu\u00e1nto tiempo la llevamos conociendo y otros aspectos que tiene una carta de recomendaci\u00f3n. Por lo tanto, yo escog\u00ed la carta de recomendaci\u00f3n para ser aceptada en la Facultad de Ingenier\u00eda con la licenciatura de Ingenier\u00eda Mec\u00e1nica con la concentraci\u00f3n de Ingenier\u00eda Aeroespacial. En la parte de abajo se observa mi escritura.<\/p>\n\n\n\n<p><em>English Version.<\/em><\/p>\n\n\n\n<p>The third is the \u201cLetter of Recommendation,\u201d which is the third of my writings. I did like to do it, but it was not one of my favorites because, although it may not seem like it, it takes much more time than the other writings. I completed it following Professor Alvaro\u2019s instructions. Explaining the content of my writing, we had to write a letter of recommendation. Professor Alvaro told us to choose who we wanted to write the letter of recommendation to, even to any company, whether imaginary or specific; we could not write them addressed to ourselves without having to look for someone else to recommend. In the letter of recommendation, we had to explain certain aspects of the person, the qualities, and how those skills qualify the person for the job, school, company, or university. We had to speak well of that person, how long we have known them, and other aspects that a letter of recommendation has. Therefore, I chose the letter of recommendation to be accepted in the Faculty of Engineering with a degree in Mechanical Engineering with a concentration in Aerospace Engineering. At the bottom you can see my writing.<\/p>\n\n\n<div class=\"wp-block-image\">\n<figure class=\"aligncenter size-large is-resized\"><a href=\"https:\/\/sites.wp.odu.edu\/martinezpichespanish-311\/wp-content\/uploads\/sites\/34910\/2024\/12\/Screenshot-2024-12-03-at-9.56.08\u202fPM.png\"><img loading=\"lazy\" decoding=\"async\" width=\"926\" height=\"1024\" src=\"https:\/\/sites.wp.odu.edu\/martinezpichespanish-311\/wp-content\/uploads\/sites\/34910\/2024\/12\/Screenshot-2024-12-03-at-9.56.08\u202fPM-926x1024.png\" alt=\"\" class=\"wp-image-218\" style=\"width:412px;height:auto\" srcset=\"https:\/\/sites.wp.odu.edu\/martinezpichespanish-311\/wp-content\/uploads\/sites\/34910\/2024\/12\/Screenshot-2024-12-03-at-9.56.08\u202fPM-926x1024.png 926w, https:\/\/sites.wp.odu.edu\/martinezpichespanish-311\/wp-content\/uploads\/sites\/34910\/2024\/12\/Screenshot-2024-12-03-at-9.56.08\u202fPM-271x300.png 271w, https:\/\/sites.wp.odu.edu\/martinezpichespanish-311\/wp-content\/uploads\/sites\/34910\/2024\/12\/Screenshot-2024-12-03-at-9.56.08\u202fPM-768x849.png 768w, https:\/\/sites.wp.odu.edu\/martinezpichespanish-311\/wp-content\/uploads\/sites\/34910\/2024\/12\/Screenshot-2024-12-03-at-9.56.08\u202fPM.png 1376w\" sizes=\"(max-width: 926px) 100vw, 926px\" \/><\/a><\/figure><\/div>\n\n\n<p>     4. La Narraci\u00f3n.<\/p>\n\n\n\n<p>La cuarta es \u201cLa Narraci\u00f3n\u201d, que es la cuarta de mis escrituras; sinceramente, es una de las escrituras m\u00e1s dif\u00edciles que he realizado en esta clase e incluso es la que m\u00e1s me llev\u00f3 tiempo a comparaci\u00f3n de las otras escrituras. La complet\u00e9 siguiendo las instrucciones de la profesora Alvaro. Explicando el contenido de mi escritura, ten\u00edamos que realizar una narraci\u00f3n de acuerdo a la fotograf\u00eda que hab\u00edamos escogido al inicio del semestre. La profesora Alvaro nos dio que escoger al inicio del semestre cualquier foto que nosotros quisi\u00e9ramos para describir las dos primeras escrituras del semestre. Ten\u00eda que haber una historia, ya sea inventada o algo que realmente pas\u00f3, antes de tomar esa fotograf\u00eda e irla desarrollando para que fuera entretenida al lector. Ten\u00eda que tener mucho drama, ficci\u00f3n, alegr\u00eda, tristeza, sentimientos, describir qu\u00e9 estaba haciendo cada persona de la fotograf\u00eda; definitivamente es mucho por lo cual ten\u00edamos que escribir, pero al final todo vale la pena. Por lo tanto, yo escog\u00ed una fotograf\u00eda en la que estaba con mi familia en mi pa\u00eds, en la que est\u00e1bamos pasando la Navidad junto con toda mi familia. En la parte de abajo se observa la mitad de mi escritura porque fue una de las m\u00e1s largas que realic\u00e9.<\/p>\n\n\n\n<p><em>English Version.<\/em><\/p>\n\n\n\n<p>The fourth is \u201cThe Narration,\u201d which is the fourth of my writings. It is honestly one of the most difficult writings that I have done in this class, and it is even the one that took me the longest compared to the other writings. I completed it following Professor Alvaro\u2019s instructions. Explaining the content of my writing, we had to make a narration according to the photograph that we had chosen at the beginning of the semester. Professor Alvaro gave us the choice of any photo that we wanted at the beginning of the semester to describe the first two writings of the semester. We had to have a story, either invented or something that really happened, before taking that photograph and develop it so that it would be entertaining for the reader. It had to have a lot of drama, fiction, joy, sadness, and feelings, describing what each person in the photograph was doing. It is definitely a lot to write about, but in the end it is all worth it. Therefore, I chose a photograph that was with my family in my country, that we were spending Christmas together with my entire family. At the bottom you can see half of my writing because it was one of the longest I did.<\/p>\n\n\n<div class=\"wp-block-image\">\n<figure class=\"aligncenter size-full is-resized\"><a href=\"https:\/\/sites.wp.odu.edu\/martinezpichespanish-311\/wp-content\/uploads\/sites\/34910\/2024\/12\/Screenshot-2024-12-03-at-10.10.47\u202fPM.png\"><img loading=\"lazy\" decoding=\"async\" width=\"742\" height=\"957\" src=\"https:\/\/sites.wp.odu.edu\/martinezpichespanish-311\/wp-content\/uploads\/sites\/34910\/2024\/12\/Screenshot-2024-12-03-at-10.10.47\u202fPM.png\" alt=\"\" class=\"wp-image-219\" style=\"width:322px;height:auto\" srcset=\"https:\/\/sites.wp.odu.edu\/martinezpichespanish-311\/wp-content\/uploads\/sites\/34910\/2024\/12\/Screenshot-2024-12-03-at-10.10.47\u202fPM.png 742w, https:\/\/sites.wp.odu.edu\/martinezpichespanish-311\/wp-content\/uploads\/sites\/34910\/2024\/12\/Screenshot-2024-12-03-at-10.10.47\u202fPM-233x300.png 233w\" sizes=\"(max-width: 742px) 100vw, 742px\" \/><\/a><\/figure><\/div>\n\n<div class=\"wp-block-image\">\n<figure class=\"aligncenter size-full is-resized\"><a href=\"https:\/\/sites.wp.odu.edu\/martinezpichespanish-311\/wp-content\/uploads\/sites\/34910\/2024\/12\/Screenshot-2024-12-03-at-10.11.18\u202fPM.png\"><img loading=\"lazy\" decoding=\"async\" width=\"721\" height=\"491\" src=\"https:\/\/sites.wp.odu.edu\/martinezpichespanish-311\/wp-content\/uploads\/sites\/34910\/2024\/12\/Screenshot-2024-12-03-at-10.11.18\u202fPM.png\" alt=\"\" class=\"wp-image-220\" style=\"width:335px;height:auto\" srcset=\"https:\/\/sites.wp.odu.edu\/martinezpichespanish-311\/wp-content\/uploads\/sites\/34910\/2024\/12\/Screenshot-2024-12-03-at-10.11.18\u202fPM.png 721w, https:\/\/sites.wp.odu.edu\/martinezpichespanish-311\/wp-content\/uploads\/sites\/34910\/2024\/12\/Screenshot-2024-12-03-at-10.11.18\u202fPM-300x204.png 300w, https:\/\/sites.wp.odu.edu\/martinezpichespanish-311\/wp-content\/uploads\/sites\/34910\/2024\/12\/Screenshot-2024-12-03-at-10.11.18\u202fPM-441x300.png 441w\" sizes=\"(max-width: 721px) 100vw, 721px\" \/><\/a><\/figure><\/div>\n\n\n<p>     5.  La Descripci\u00f3n.<\/p>\n\n\n\n<p>La quinta es \u201cLa descripci\u00f3n\u201d, que es la quinta y la \u00faltima de mis escrituras; esta es la primera escritura que yo realic\u00e9 al inicio del semestre y una de las m\u00e1s f\u00e1ciles, podr\u00eda decir. Tambi\u00e9n me llev\u00f3 m\u00e1s tiempo, no al igual que las otras escrituras, pero en el rango de 2 a 4 horas. La complet\u00e9 siguiendo las instrucciones de la Profesora Alvaro. Explicando el contenido de mi escritura, ten\u00edamos que realizar una descripci\u00f3n de acuerdo a la fotograf\u00eda que hab\u00edamos escogido al inicio del semestre. La Profesora Alvaro nos dio que escoger al inicio del semestre cualquier foto que nosotros quisi\u00e9ramos para describir las dos primeras escrituras del semestre. Ten\u00edamos que describir a las personas de nuestra fotograf\u00eda, qu\u00e9 llevaban puesto, qui\u00e9nes eran, los rasgos faciales, entre otros aspectos. Por lo tanto, yo escog\u00ed una fotograf\u00eda en la que estaba con mi familia en mi pa\u00eds, en la que est\u00e1bamos pasando la Navidad junto con toda mi familia. En la parte de abajo se observa la mitad de mi escritura porque fue una de las m\u00e1s largas que realic\u00e9.<\/p>\n\n\n\n<p><em>English Version.<\/em><\/p>\n\n\n\n<p>The fifth is \u201cThe Description,\u201d which is the fifth and last of my writings; this is the first writing I did at the beginning of the semester and one of the easiest, I could say. It also took me the longest, not as long as the other writings, but in the range of 2 to 4 hours. I completed it following the instructions of Professor Alvaro. Explaining the content of my writing, we had to make a description according to the photograph we had chosen at the beginning of the semester. Professor Alvaro gave us the choice at the beginning of the semester of any photo we wanted to describe the first two writings of the semester. We had to describe the people in our photograph: what they were wearing, who they were, their facial features, among other aspects. Therefore, I chose a photograph in which I was with my family in my country, in which we were spending Christmas together with my entire family. At the bottom you can see half of my writing because it was one of the longest I did.<\/p>\n\n\n<div class=\"wp-block-image\">\n<figure class=\"aligncenter size-full is-resized\"><a href=\"https:\/\/sites.wp.odu.edu\/martinezpichespanish-311\/wp-content\/uploads\/sites\/34910\/2024\/12\/Screenshot-2024-12-03-at-10.20.57\u202fPM.png\"><img loading=\"lazy\" decoding=\"async\" width=\"697\" height=\"840\" src=\"https:\/\/sites.wp.odu.edu\/martinezpichespanish-311\/wp-content\/uploads\/sites\/34910\/2024\/12\/Screenshot-2024-12-03-at-10.20.57\u202fPM.png\" alt=\"\" class=\"wp-image-222\" style=\"width:320px;height:auto\" srcset=\"https:\/\/sites.wp.odu.edu\/martinezpichespanish-311\/wp-content\/uploads\/sites\/34910\/2024\/12\/Screenshot-2024-12-03-at-10.20.57\u202fPM.png 697w, https:\/\/sites.wp.odu.edu\/martinezpichespanish-311\/wp-content\/uploads\/sites\/34910\/2024\/12\/Screenshot-2024-12-03-at-10.20.57\u202fPM-249x300.png 249w\" sizes=\"(max-width: 697px) 100vw, 697px\" \/><\/a><\/figure><\/div>","protected":false},"excerpt":{"rendered":"<p>3. Carta de Recomendaci\u00f3n. La tercera es la \u201cCarta de Recomendaci\u00f3n\u201d, que es la tercera de mis escrituras. S\u00ed me gust\u00f3 realizarla, pero no fue de mis favoritas porque, aunque no parezca, lleva mucho m\u00e1s tiempo que las otras escrituras. La complet\u00e9 siguiendo las instrucciones de la Profesora Alvaro. Explicando el contenido de mi escritura,&#8230; <\/p>\n<div class=\"link-more\"><a href=\"https:\/\/sites.wp.odu.edu\/martinezpichespanish-311\/mis-escrituras-my-writings-2\/\">Read More<\/a><\/div>\n","protected":false},"author":26628,"featured_media":0,"parent":0,"menu_order":0,"comment_status":"closed","ping_status":"closed","template":"","meta":{"footnotes":""},"_links":{"self":[{"href":"https:\/\/sites.wp.odu.edu\/martinezpichespanish-311\/wp-json\/wp\/v2\/pages\/213"}],"collection":[{"href":"https:\/\/sites.wp.odu.edu\/martinezpichespanish-311\/wp-json\/wp\/v2\/pages"}],"about":[{"href":"https:\/\/sites.wp.odu.edu\/martinezpichespanish-311\/wp-json\/wp\/v2\/types\/page"}],"author":[{"embeddable":true,"href":"https:\/\/sites.wp.odu.edu\/martinezpichespanish-311\/wp-json\/wp\/v2\/users\/26628"}],"replies":[{"embeddable":true,"href":"https:\/\/sites.wp.odu.edu\/martinezpichespanish-311\/wp-json\/wp\/v2\/comments?post=213"}],"version-history":[{"count":3,"href":"https:\/\/sites.wp.odu.edu\/martinezpichespanish-311\/wp-json\/wp\/v2\/pages\/213\/revisions"}],"predecessor-version":[{"id":223,"href":"https:\/\/sites.wp.odu.edu\/martinezpichespanish-311\/wp-json\/wp\/v2\/pages\/213\/revisions\/223"}],"wp:attachment":[{"href":"https:\/\/sites.wp.odu.edu\/martinezpichespanish-311\/wp-json\/wp\/v2\/media?parent=213"}],"curies":[{"name":"wp","href":"https:\/\/api.w.org\/{rel}","templated":true}]}}