{"id":82,"date":"2023-12-05T00:38:16","date_gmt":"2023-12-05T00:38:16","guid":{"rendered":"https:\/\/sites.wp.odu.edu\/span330draft\/?page_id=82"},"modified":"2024-12-04T01:22:28","modified_gmt":"2024-12-04T01:22:28","slug":"conocimiento-cultural","status":"publish","type":"page","link":"https:\/\/sites.wp.odu.edu\/martinezpichespanish-311\/conocimiento-cultural\/","title":{"rendered":"Conocimiento Cultural-Cultural Knowledge"},"content":{"rendered":"\n<figure class=\"wp-block-gallery has-nested-images columns-default is-cropped wp-block-gallery-1 is-layout-flex wp-block-gallery-is-layout-flex\">\n<figure class=\"wp-block-image size-large\"><a href=\"https:\/\/sites.wp.odu.edu\/martinezpichespanish-311\/wp-content\/uploads\/sites\/34910\/2024\/12\/image.png\"><img loading=\"lazy\" decoding=\"async\" width=\"700\" height=\"400\" data-id=\"197\" src=\"https:\/\/sites.wp.odu.edu\/martinezpichespanish-311\/wp-content\/uploads\/sites\/34910\/2024\/12\/image.png\" alt=\"\" class=\"wp-image-197\" srcset=\"https:\/\/sites.wp.odu.edu\/martinezpichespanish-311\/wp-content\/uploads\/sites\/34910\/2024\/12\/image.png 700w, https:\/\/sites.wp.odu.edu\/martinezpichespanish-311\/wp-content\/uploads\/sites\/34910\/2024\/12\/image-300x171.png 300w, https:\/\/sites.wp.odu.edu\/martinezpichespanish-311\/wp-content\/uploads\/sites\/34910\/2024\/12\/image-525x300.png 525w\" sizes=\"(max-width: 700px) 100vw, 700px\" \/><\/a><\/figure>\n<\/figure>\n\n\n\n<p>El conocimiento cultural es uno de los conocimientos que hoy en d\u00eda las personas est\u00e1n en decadencia, ya sea por su definici\u00f3n o porque no llegan a expandir sus habilidades de conocimiento por no llegar a conocer m\u00e1s all\u00e1 de su raza. Lamentablemente, lamentablemente estamos acostumbrados a que el conocimiento cultural solo se refiere al hacer preguntas relacionadas con historia, valores, costumbres, tradiciones, entre muchas otras \u00e1reas que hacen distinguir una cultura de la otra. Sin embargo, es ah\u00ed donde debemos aprender mucho m\u00e1s all\u00e1 que solo esas preguntas, no solo en lo te\u00f3rico, sino llegar a lograr interactuar con personas de otros pa\u00edses para llegar a conocer m\u00e1s a profundidad sus culturas. Para m\u00ed, el conocimiento cultural es la importancia de la interacci\u00f3n constante entre personas de otros pa\u00edses con el fin de aprender y enriquecerse en el vocabulario, conocimiento, aprendizaje y especialmente la cultura. La importancia de interactuar no solo te lleva a ver lo superficial, sino a aprender datos, palabras y expresiones que nunca te imaginaste que podr\u00edan llegar a coincidir en su significado.&nbsp;<\/p>\n\n\n\n<p>En esta clase todo eso se llega a desarrollar en la constante interacci\u00f3n, no solo en el habla, sino tambi\u00e9n por medio de la escritura, ya que todos estamos aqu\u00ed con el prop\u00f3sito de aprender un nuevo idioma, pero al mismo tiempo aprendemos los diferentes puntos de vista en los temas vistos, en VHL y en las discusiones tenemos que tener una mente abierta, ya que no todos llegamos a tener una misma opini\u00f3n. Al realizar todos esos proyectos y escrituras, no solo estamos autoaprendiendo, sino que tambi\u00e9n ayudamos a otras personas a poder comprender, analizar y tener una perspectiva diferente, donde los conocimientos culturales lleguen a combinarse en una sola comunidad y de esa forma crear una nueva cultura.<\/p>\n\n\n\n<p><em>English version.<\/em><\/p>\n\n\n\n<p>Cultural knowledge is one of the types of knowledge that people are lacking nowadays, either because of its definition or because they do not manage to expand their knowledge skills by not knowing beyond their race. Unfortunately, we are accustomed to the fact that cultural knowledge only refers to asking questions related to history, values, customs, traditions, and many other areas that distinguish one culture from another. However, that is where we must learn much more than just those questions, not only in theory but also to interact with people from other countries to get to know their cultures in more depth. For me, cultural awareness is the importance of constant interaction between people from other countries in order to learn and enrich oneself in vocabulary, knowledge, learning, and especially culture. The importance of interacting not only leads you to see the superficial, but also to learn facts, words, and expressions that you never imagined could have the same meaning.<\/p>\n\n\n\n<p>In this class, all of this is developed through constant interaction, not only through speaking but also through writing, since we are all here with the purpose of learning a new language, but at the same time we learn the different points of view on the topics covered, VHL, and in the discussions we have to have an open mind, since not all of us have the same opinion. By carrying out all of these projects and writings, we are not only self-learning, but we are also helping other people to be able to understand, analyze, and have a different perspective, where cultural knowledge comes to be combined in a single community and in this way create a new culture.<\/p>\n","protected":false},"excerpt":{"rendered":"<p>El conocimiento cultural es uno de los conocimientos que hoy en d\u00eda las personas est\u00e1n en decadencia, ya sea por su definici\u00f3n o porque no llegan a expandir sus habilidades de conocimiento por no llegar a conocer m\u00e1s all\u00e1 de su raza. Lamentablemente, lamentablemente estamos acostumbrados a que el conocimiento cultural solo se refiere al&#8230; <\/p>\n<div class=\"link-more\"><a href=\"https:\/\/sites.wp.odu.edu\/martinezpichespanish-311\/conocimiento-cultural\/\">Read More<\/a><\/div>\n","protected":false},"author":26628,"featured_media":0,"parent":0,"menu_order":0,"comment_status":"closed","ping_status":"closed","template":"","meta":{"footnotes":""},"_links":{"self":[{"href":"https:\/\/sites.wp.odu.edu\/martinezpichespanish-311\/wp-json\/wp\/v2\/pages\/82"}],"collection":[{"href":"https:\/\/sites.wp.odu.edu\/martinezpichespanish-311\/wp-json\/wp\/v2\/pages"}],"about":[{"href":"https:\/\/sites.wp.odu.edu\/martinezpichespanish-311\/wp-json\/wp\/v2\/types\/page"}],"author":[{"embeddable":true,"href":"https:\/\/sites.wp.odu.edu\/martinezpichespanish-311\/wp-json\/wp\/v2\/users\/26628"}],"replies":[{"embeddable":true,"href":"https:\/\/sites.wp.odu.edu\/martinezpichespanish-311\/wp-json\/wp\/v2\/comments?post=82"}],"version-history":[{"count":3,"href":"https:\/\/sites.wp.odu.edu\/martinezpichespanish-311\/wp-json\/wp\/v2\/pages\/82\/revisions"}],"predecessor-version":[{"id":199,"href":"https:\/\/sites.wp.odu.edu\/martinezpichespanish-311\/wp-json\/wp\/v2\/pages\/82\/revisions\/199"}],"wp:attachment":[{"href":"https:\/\/sites.wp.odu.edu\/martinezpichespanish-311\/wp-json\/wp\/v2\/media?parent=82"}],"curies":[{"name":"wp","href":"https:\/\/api.w.org\/{rel}","templated":true}]}}