{"id":173,"date":"2021-12-06T16:04:01","date_gmt":"2021-12-06T16:04:01","guid":{"rendered":"https:\/\/wp.odu.edu\/odupresentationtemplate\/?page_id=2"},"modified":"2025-05-01T13:36:23","modified_gmt":"2025-05-01T13:36:23","slug":"sample-page-2","status":"publish","type":"page","link":"https:\/\/sites.wp.odu.edu\/miadavisspan312\/","title":{"rendered":"Home"},"content":{"rendered":"\n<figure class=\"wp-block-image size-large is-resized\"><a href=\"http:\/\/sites.wp.odu.edu\/miadavisspan312\/wp-content\/uploads\/sites\/27176\/2020\/06\/zach-rowlandson-Jnr4wigOj2A-unsplash-scaled-1.jpg\"><img loading=\"lazy\" decoding=\"async\" width=\"1024\" height=\"768\" src=\"http:\/\/sites.wp.odu.edu\/miadavisspan312\/wp-content\/uploads\/sites\/27176\/2020\/06\/zach-rowlandson-Jnr4wigOj2A-unsplash-scaled-1-1024x768.jpg\" alt=\"\" class=\"wp-image-163\" style=\"width:697px;height:auto\" srcset=\"https:\/\/sites.wp.odu.edu\/miadavisspan312\/wp-content\/uploads\/sites\/27176\/2020\/06\/zach-rowlandson-Jnr4wigOj2A-unsplash-scaled-1-1024x768.jpg 1024w, https:\/\/sites.wp.odu.edu\/miadavisspan312\/wp-content\/uploads\/sites\/27176\/2020\/06\/zach-rowlandson-Jnr4wigOj2A-unsplash-scaled-1-300x225.jpg 300w, https:\/\/sites.wp.odu.edu\/miadavisspan312\/wp-content\/uploads\/sites\/27176\/2020\/06\/zach-rowlandson-Jnr4wigOj2A-unsplash-scaled-1-768x576.jpg 768w, https:\/\/sites.wp.odu.edu\/miadavisspan312\/wp-content\/uploads\/sites\/27176\/2020\/06\/zach-rowlandson-Jnr4wigOj2A-unsplash-scaled-1-1536x1152.jpg 1536w, https:\/\/sites.wp.odu.edu\/miadavisspan312\/wp-content\/uploads\/sites\/27176\/2020\/06\/zach-rowlandson-Jnr4wigOj2A-unsplash-scaled-1-2048x1536.jpg 2048w, https:\/\/sites.wp.odu.edu\/miadavisspan312\/wp-content\/uploads\/sites\/27176\/2020\/06\/zach-rowlandson-Jnr4wigOj2A-unsplash-scaled-1-600x450.jpg 600w, https:\/\/sites.wp.odu.edu\/miadavisspan312\/wp-content\/uploads\/sites\/27176\/2020\/06\/zach-rowlandson-Jnr4wigOj2A-unsplash-scaled-1-945x709.jpg 945w\" sizes=\"(max-width: 1024px) 100vw, 1024px\" \/><\/a><\/figure>\n\n\n\n<p>Hello and Welcome to my portfolio! Here is an insight into my development of my career in Spanish over time as a student at Old Dominion University. It includes an overview of the classes I&#8217;ve taken during each semester, relevant assignments and projects that exemplify my understanding of the topics, as well as a reflection of what I&#8217;ve learned and how that can be applied to future endeavors. <\/p>\n\n\n\n<p>Hola y Bienvenido a mi portafolio! Aqu\u00ed es una historia sobre mi desarrollo para ser traductora y profesora de Espa\u00f1ol con el paso del tiempo como  estudiante a la universidad de Old Dominion. Incluye un resumen de cada clase que he tomado durante en el semestre, tareas relevantes y proyectos que exemplifican mi entendimiento de los temas e incluso una reflexi\u00f3n de qu\u00e9 he aprendido  y c\u00f3mo puedo aplicarselos para oportunidades en el futuro. <\/p>\n","protected":false},"excerpt":{"rendered":"<p>Hello and Welcome to my portfolio! Here is an insight into my development of my career in Spanish over time as a student at Old Dominion University. It includes an overview of the classes I&#8217;ve taken during each semester, relevant assignments and projects that exemplify my understanding of the topics, as well as a reflection&#8230; <\/p>\n<div class=\"link-more\"><a href=\"https:\/\/sites.wp.odu.edu\/miadavisspan312\/\">Read More<\/a><\/div>\n","protected":false},"author":22642,"featured_media":0,"parent":0,"menu_order":0,"comment_status":"closed","ping_status":"open","template":"","meta":{"footnotes":""},"_links":{"self":[{"href":"https:\/\/sites.wp.odu.edu\/miadavisspan312\/wp-json\/wp\/v2\/pages\/173"}],"collection":[{"href":"https:\/\/sites.wp.odu.edu\/miadavisspan312\/wp-json\/wp\/v2\/pages"}],"about":[{"href":"https:\/\/sites.wp.odu.edu\/miadavisspan312\/wp-json\/wp\/v2\/types\/page"}],"author":[{"embeddable":true,"href":"https:\/\/sites.wp.odu.edu\/miadavisspan312\/wp-json\/wp\/v2\/users\/22642"}],"replies":[{"embeddable":true,"href":"https:\/\/sites.wp.odu.edu\/miadavisspan312\/wp-json\/wp\/v2\/comments?post=173"}],"version-history":[{"count":4,"href":"https:\/\/sites.wp.odu.edu\/miadavisspan312\/wp-json\/wp\/v2\/pages\/173\/revisions"}],"predecessor-version":[{"id":618,"href":"https:\/\/sites.wp.odu.edu\/miadavisspan312\/wp-json\/wp\/v2\/pages\/173\/revisions\/618"}],"wp:attachment":[{"href":"https:\/\/sites.wp.odu.edu\/miadavisspan312\/wp-json\/wp\/v2\/media?parent=173"}],"curies":[{"name":"wp","href":"https:\/\/api.w.org\/{rel}","templated":true}]}}