{"id":2,"date":"2021-12-06T16:04:01","date_gmt":"2021-12-06T16:04:01","guid":{"rendered":"https:\/\/wp.pprd.odu.edu\/odupresentationtemplate\/?page_id=2"},"modified":"2021-12-06T18:03:07","modified_gmt":"2021-12-06T18:03:07","slug":"sample-page","status":"publish","type":"page","link":"https:\/\/sites.wp.odu.edu\/miadavisspan312\/sample-page\/","title":{"rendered":"Escrituras de SPAN 312"},"content":{"rendered":"\n<div class=\"wp-block-buttons is-layout-flex wp-block-buttons-is-layout-flex\"><\/div>\n\n\n\n<p>In the following escrituras, they will be showcasing the writing skills I&#8217;ve learned over the semester based on the following genres: Descripci\u00f3n, Narraci\u00f3n, Editorial, and Refutaci\u00f3n. <\/p>\n\n\n\n<div class=\"wp-block-buttons is-layout-flex wp-block-buttons-is-layout-flex\"><\/div>\n\n\n\n<div class=\"wp-block-buttons is-layout-flex wp-block-buttons-is-layout-flex\"><\/div>\n\n\n<a href=\"https:\/\/sites.wp.odu.edu\/miadavisspan312\/wp-content\/uploads\/sites\/27176\/2021\/12\/Final-de-Descripcion.pdf\" class=\"pdfemb-viewer\" style=\"\" data-width=\"max\" data-height=\"max\"  data-toolbar=\"bottom\" data-toolbar-fixed=\"off\">Final-de-Descripcion<br\/><\/a>\n<p class=\"wp-block-pdfemb-pdf-embedder-viewer\"><\/p>\n\n\n<a href=\"https:\/\/sites.wp.odu.edu\/miadavisspan312\/wp-content\/uploads\/sites\/27176\/2021\/12\/Final-de-Narracion.pdf\" class=\"pdfemb-viewer\" style=\"\" data-width=\"max\" data-height=\"max\"  data-toolbar=\"bottom\" data-toolbar-fixed=\"off\">Final-de-Narracion<br\/><\/a>\n<p class=\"wp-block-pdfemb-pdf-embedder-viewer\"><\/p>\n\n\n<a href=\"https:\/\/sites.wp.odu.edu\/miadavisspan312\/wp-content\/uploads\/sites\/27176\/2021\/12\/Final-de-Editorial.pdf\" class=\"pdfemb-viewer\" style=\"\" data-width=\"max\" data-height=\"max\"  data-toolbar=\"bottom\" data-toolbar-fixed=\"off\">Final-de-Editorial<br\/><\/a>\n<p class=\"wp-block-pdfemb-pdf-embedder-viewer\"><\/p>\n\n\n<a href=\"https:\/\/sites.wp.odu.edu\/miadavisspan312\/wp-content\/uploads\/sites\/27176\/2021\/12\/Final-de-Refutacion.pdf\" class=\"pdfemb-viewer\" style=\"\" data-width=\"max\" data-height=\"max\"  data-toolbar=\"bottom\" data-toolbar-fixed=\"off\">Final-de-Refutacion<br\/><\/a>\n<p class=\"wp-block-pdfemb-pdf-embedder-viewer\"><\/p>\n","protected":false},"excerpt":{"rendered":"<p>In the following escrituras, they will be showcasing the writing skills I&#8217;ve learned over the semester based on the following genres: Descripci\u00f3n, Narraci\u00f3n, Editorial, and Refutaci\u00f3n.<\/p>\n","protected":false},"author":22642,"featured_media":0,"parent":0,"menu_order":0,"comment_status":"open","ping_status":"open","template":"","meta":{"footnotes":""},"_links":{"self":[{"href":"https:\/\/sites.wp.odu.edu\/miadavisspan312\/wp-json\/wp\/v2\/pages\/2"}],"collection":[{"href":"https:\/\/sites.wp.odu.edu\/miadavisspan312\/wp-json\/wp\/v2\/pages"}],"about":[{"href":"https:\/\/sites.wp.odu.edu\/miadavisspan312\/wp-json\/wp\/v2\/types\/page"}],"author":[{"embeddable":true,"href":"https:\/\/sites.wp.odu.edu\/miadavisspan312\/wp-json\/wp\/v2\/users\/22642"}],"replies":[{"embeddable":true,"href":"https:\/\/sites.wp.odu.edu\/miadavisspan312\/wp-json\/wp\/v2\/comments?post=2"}],"version-history":[{"count":4,"href":"https:\/\/sites.wp.odu.edu\/miadavisspan312\/wp-json\/wp\/v2\/pages\/2\/revisions"}],"predecessor-version":[{"id":505,"href":"https:\/\/sites.wp.odu.edu\/miadavisspan312\/wp-json\/wp\/v2\/pages\/2\/revisions\/505"}],"wp:attachment":[{"href":"https:\/\/sites.wp.odu.edu\/miadavisspan312\/wp-json\/wp\/v2\/media?parent=2"}],"curies":[{"name":"wp","href":"https:\/\/api.w.org\/{rel}","templated":true}]}}