{"id":312,"date":"2026-02-10T22:21:11","date_gmt":"2026-02-10T22:21:11","guid":{"rendered":"https:\/\/sites.wp.odu.edu\/michelle-smith\/?page_id=312"},"modified":"2026-02-12T02:32:13","modified_gmt":"2026-02-12T02:32:13","slug":"cyse-201s","status":"publish","type":"page","link":"https:\/\/sites.wp.odu.edu\/michelle-smith\/cyse-201s\/","title":{"rendered":"CYSE 201S"},"content":{"rendered":"\n<figure class=\"wp-block-image size-large is-resized\"><img decoding=\"async\" src=\"https:\/\/cdn.shopify.com\/s\/files\/1\/0007\/8017\/3348\/files\/image_d064b5d6-651d-4a84-886b-dfab54a4d1dd.png?v=1733918449\" alt=\"\" style=\"width:385px;height:auto\" \/><\/figure>\n\n\n\n<figure class=\"wp-block-image size-large is-resized\"><img loading=\"lazy\" decoding=\"async\" width=\"1024\" height=\"585\" src=\"https:\/\/sites.wp.odu.edu\/michelle-smith\/wp-content\/uploads\/sites\/39741\/2026\/02\/image-1024x585.png\" alt=\"\" class=\"wp-image-317\" style=\"width:634px;height:auto\" srcset=\"https:\/\/sites.wp.odu.edu\/michelle-smith\/wp-content\/uploads\/sites\/39741\/2026\/02\/image-1024x585.png 1024w, https:\/\/sites.wp.odu.edu\/michelle-smith\/wp-content\/uploads\/sites\/39741\/2026\/02\/image-300x171.png 300w, https:\/\/sites.wp.odu.edu\/michelle-smith\/wp-content\/uploads\/sites\/39741\/2026\/02\/image-768x439.png 768w, https:\/\/sites.wp.odu.edu\/michelle-smith\/wp-content\/uploads\/sites\/39741\/2026\/02\/image-1536x878.png 1536w, https:\/\/sites.wp.odu.edu\/michelle-smith\/wp-content\/uploads\/sites\/39741\/2026\/02\/image-525x300.png 525w, https:\/\/sites.wp.odu.edu\/michelle-smith\/wp-content\/uploads\/sites\/39741\/2026\/02\/image.png 1792w\" sizes=\"(max-width: 1024px) 100vw, 1024px\" \/><\/figure>\n\n\n\n<figure class=\"wp-block-image size-full is-resized\"><img loading=\"lazy\" decoding=\"async\" width=\"923\" height=\"820\" src=\"https:\/\/sites.wp.odu.edu\/michelle-smith\/wp-content\/uploads\/sites\/39741\/2026\/02\/image-1.png\" alt=\"\" class=\"wp-image-318\" style=\"width:504px;height:auto\" srcset=\"https:\/\/sites.wp.odu.edu\/michelle-smith\/wp-content\/uploads\/sites\/39741\/2026\/02\/image-1.png 923w, https:\/\/sites.wp.odu.edu\/michelle-smith\/wp-content\/uploads\/sites\/39741\/2026\/02\/image-1-300x267.png 300w, https:\/\/sites.wp.odu.edu\/michelle-smith\/wp-content\/uploads\/sites\/39741\/2026\/02\/image-1-768x682.png 768w, https:\/\/sites.wp.odu.edu\/michelle-smith\/wp-content\/uploads\/sites\/39741\/2026\/02\/image-1-338x300.png 338w\" sizes=\"(max-width: 923px) 100vw, 923px\" \/><\/figure>\n\n\n\n<p>Image 1: Shapiro, Vladislav. \u201cWhat Is Social Engineering in Cybersecurity? Real-World Examples and Prevention Methods.\u201d Hideez.com, Hideez, 13 Dec. 2024, hideez.com\/blogs\/news\/social-engineering.<\/p>\n\n\n\n<p>Image 2: Bogn\u00e1r, L\u00e1szl\u00f3 , and L\u00e1szl\u00f3 Botty\u00e1n. \u201cEvaluating Online Security Behavior: Development and Validation of a Personal Cybersecurity Awareness Scale for University Students.\u201d <em>Education Sciences<\/em>, vol. 14, no. 6, 29 May 2024, pp. 588\u2013588, https:\/\/doi.org\/10.3390\/educsci14060588.<\/p>\n\n\n\n<p>Image 3: \u201cCybersecurity, the Human Factor.\u201d Edwards Air Force Base, 2023, www.edwards.af.mil\/News\/Photos\/igphoto\/2003317535\/. Accessed 12 Feb. 2026.<\/p>\n","protected":false},"excerpt":{"rendered":"<p>Image 1: Shapiro, Vladislav. \u201cWhat Is Social Engineering in Cybersecurity? Real-World Examples and Prevention Methods.\u201d Hideez.com, Hideez, 13 Dec. 2024, hideez.com\/blogs\/news\/social-engineering. Image 2: Bogn\u00e1r, L\u00e1szl\u00f3 , and L\u00e1szl\u00f3 Botty\u00e1n. \u201cEvaluating Online Security Behavior: Development and Validation of a Personal Cybersecurity Awareness Scale for University Students.\u201d Education Sciences, vol. 14, no. 6, 29 May 2024, pp&#8230;. <\/p>\n<div class=\"link-more\"><a href=\"https:\/\/sites.wp.odu.edu\/michelle-smith\/cyse-201s\/\">Read More<\/a><\/div>\n","protected":false},"author":31476,"featured_media":0,"parent":0,"menu_order":0,"comment_status":"closed","ping_status":"closed","template":"","meta":{"footnotes":""},"_links":{"self":[{"href":"https:\/\/sites.wp.odu.edu\/michelle-smith\/wp-json\/wp\/v2\/pages\/312"}],"collection":[{"href":"https:\/\/sites.wp.odu.edu\/michelle-smith\/wp-json\/wp\/v2\/pages"}],"about":[{"href":"https:\/\/sites.wp.odu.edu\/michelle-smith\/wp-json\/wp\/v2\/types\/page"}],"author":[{"embeddable":true,"href":"https:\/\/sites.wp.odu.edu\/michelle-smith\/wp-json\/wp\/v2\/users\/31476"}],"replies":[{"embeddable":true,"href":"https:\/\/sites.wp.odu.edu\/michelle-smith\/wp-json\/wp\/v2\/comments?post=312"}],"version-history":[{"count":3,"href":"https:\/\/sites.wp.odu.edu\/michelle-smith\/wp-json\/wp\/v2\/pages\/312\/revisions"}],"predecessor-version":[{"id":319,"href":"https:\/\/sites.wp.odu.edu\/michelle-smith\/wp-json\/wp\/v2\/pages\/312\/revisions\/319"}],"wp:attachment":[{"href":"https:\/\/sites.wp.odu.edu\/michelle-smith\/wp-json\/wp\/v2\/media?parent=312"}],"curies":[{"name":"wp","href":"https:\/\/api.w.org\/{rel}","templated":true}]}}