{"id":471,"date":"2025-01-29T17:10:05","date_gmt":"2025-01-29T17:10:05","guid":{"rendered":"https:\/\/wp.odu.edu\/spring2017-fr102-template\/?page_id=471"},"modified":"2025-04-27T22:32:38","modified_gmt":"2025-04-27T22:32:38","slug":"about-me","status":"publish","type":"page","link":"https:\/\/sites.wp.odu.edu\/mon-frencais-expericnce\/","title":{"rendered":"About Me"},"content":{"rendered":"<p><img loading=\"lazy\" decoding=\"async\" class=\"wp-image-609 size-medium aligncenter\" src=\"http:\/\/sites.wp.odu.edu\/mon-frencais-expericnce\/wp-content\/uploads\/sites\/38313\/2025\/01\/20241101_203340-EDIT-225x300.jpg\" alt=\"\" width=\"225\" height=\"300\" srcset=\"https:\/\/sites.wp.odu.edu\/mon-frencais-expericnce\/wp-content\/uploads\/sites\/38313\/2025\/01\/20241101_203340-EDIT-225x300.jpg 225w, https:\/\/sites.wp.odu.edu\/mon-frencais-expericnce\/wp-content\/uploads\/sites\/38313\/2025\/01\/20241101_203340-EDIT-768x1024.jpg 768w, https:\/\/sites.wp.odu.edu\/mon-frencais-expericnce\/wp-content\/uploads\/sites\/38313\/2025\/01\/20241101_203340-EDIT-1152x1536.jpg 1152w, https:\/\/sites.wp.odu.edu\/mon-frencais-expericnce\/wp-content\/uploads\/sites\/38313\/2025\/01\/20241101_203340-EDIT-1536x2048.jpg 1536w, https:\/\/sites.wp.odu.edu\/mon-frencais-expericnce\/wp-content\/uploads\/sites\/38313\/2025\/01\/20241101_203340-EDIT-600x800.jpg 600w, https:\/\/sites.wp.odu.edu\/mon-frencais-expericnce\/wp-content\/uploads\/sites\/38313\/2025\/01\/20241101_203340-EDIT-945x1260.jpg 945w, https:\/\/sites.wp.odu.edu\/mon-frencais-expericnce\/wp-content\/uploads\/sites\/38313\/2025\/01\/20241101_203340-EDIT-scaled.jpg 1920w\" sizes=\"(max-width: 225px) 100vw, 225px\" \/><\/p>\n<p>Bonjour, je m&#8217;appelle Shamia Talley, mais je pr\u00e9f\u00e8re me faire appeler Mia. J&#8217;ai 20 ans. Je suis \u00e9tudiante \u00e0 l&#8217;universit\u00e9 Old Dominion. Ma sp\u00e9cialisation est, et mon objectif est d&#8217;obtenir une licence et d&#8217;acqu\u00e9rir de l&#8217;exp\u00e9rience pour pouvoir aider ma famille plus tard.<\/p>\n<p>Mes genres litt\u00e9raires pr\u00e9f\u00e9r\u00e9s sont la fiction, le roman policier, la science-fiction, le fantastique, la science-fiction historique, l&#8217;aventure et la romance. Les genres de l&#8217;flim, je pr\u00e9f\u00e9r\u00e9s est l&#8217;action, la com\u00e9die, le myst\u00e8re, un peu de romance et de fantasy, mais je d\u00e9teste l&#8217;horreur. Les animes pr\u00e9f\u00e9r\u00e9s est Black Butler, One Piece, Sailor Moon, Jujutsu Kaisen, Ouran High School Host Club et<span data-ccp-props=\"{}\"><span class=\"TextRun SCXW27155204 BCX8\" lang=\"EN-US\" xml:lang=\"EN-US\" data-contrast=\"auto\"><span class=\"NormalTextRun SCXW27155204 BCX8\"> That time I got reincarnated as a slime.<\/span><\/span><\/span><\/p>\n","protected":false},"excerpt":{"rendered":"<p>Bonjour, je m&#8217;appelle Shamia Talley, mais je pr\u00e9f\u00e8re me faire appeler Mia. J&#8217;ai 20 ans. Je suis \u00e9tudiante \u00e0 l&#8217;universit\u00e9 Old Dominion. Ma sp\u00e9cialisation est, et mon objectif est d&#8217;obtenir une licence et d&#8217;acqu\u00e9rir de l&#8217;exp\u00e9rience pour pouvoir aider ma&#8230; <a class=\"more-link\" href=\"https:\/\/sites.wp.odu.edu\/mon-frencais-expericnce\/\">Continue Reading &rarr;<\/a><\/p>\n","protected":false},"author":30455,"featured_media":0,"parent":0,"menu_order":0,"comment_status":"closed","ping_status":"closed","template":"","meta":{"footnotes":""},"_links":{"self":[{"href":"https:\/\/sites.wp.odu.edu\/mon-frencais-expericnce\/wp-json\/wp\/v2\/pages\/471"}],"collection":[{"href":"https:\/\/sites.wp.odu.edu\/mon-frencais-expericnce\/wp-json\/wp\/v2\/pages"}],"about":[{"href":"https:\/\/sites.wp.odu.edu\/mon-frencais-expericnce\/wp-json\/wp\/v2\/types\/page"}],"author":[{"embeddable":true,"href":"https:\/\/sites.wp.odu.edu\/mon-frencais-expericnce\/wp-json\/wp\/v2\/users\/30455"}],"replies":[{"embeddable":true,"href":"https:\/\/sites.wp.odu.edu\/mon-frencais-expericnce\/wp-json\/wp\/v2\/comments?post=471"}],"version-history":[{"count":5,"href":"https:\/\/sites.wp.odu.edu\/mon-frencais-expericnce\/wp-json\/wp\/v2\/pages\/471\/revisions"}],"predecessor-version":[{"id":663,"href":"https:\/\/sites.wp.odu.edu\/mon-frencais-expericnce\/wp-json\/wp\/v2\/pages\/471\/revisions\/663"}],"wp:attachment":[{"href":"https:\/\/sites.wp.odu.edu\/mon-frencais-expericnce\/wp-json\/wp\/v2\/media?parent=471"}],"curies":[{"name":"wp","href":"https:\/\/api.w.org\/{rel}","templated":true}]}}