{"id":474,"date":"2025-01-29T17:10:05","date_gmt":"2025-01-29T17:10:05","guid":{"rendered":"https:\/\/wp.odu.edu\/spring2017-fr102-template\/?page_id=474"},"modified":"2025-04-27T23:06:30","modified_gmt":"2025-04-27T23:06:30","slug":"bio","status":"publish","type":"page","link":"https:\/\/sites.wp.odu.edu\/mon-frencais-expericnce\/bio\/","title":{"rendered":"Bio"},"content":{"rendered":"\n<figure class=\"wp-block-image size-large\"><img decoding=\"async\" src=\"https:\/\/gifdb.com\/images\/high\/whats-up-doc-standing-bugs-bunny-rusto5jnftnj6lgr.webp\" alt=\"\" \/><\/figure>\n\n\n\n<p><strong>Salut!<\/strong><\/p>\n\n\n\n<p>Je m&#8217;appelle Shamia Talley- J&#8217;ai 20 ans et j&#8217;habite \u00e0 Norfolk en Virginie. Mon origine est les \u00c9tats-Unis, et je suis fier de ma pays. Mon personnalit\u00e9 est \u00e7ela je suis cr\u00e9ative, intelligente, a peu sportive et je suis absolument un peu de lectrice avide. Actuellement, je vis en appartement et Je travaille en comptable d&#8217;assistante et Je pense c&#8217;est un bonne travail. Pendant le semestre,je travaille en bureau deux un semaine, sur Mardis et jeudis, mais quand l&#8217;\u00e9cole est ferm\u00e9e, je travaille de 7h00 \u00e0 17h du lundi au vendredi.<\/p>\n\n\n\n<p>Quand il vient \u00e0 mon passe-temps, comme la musique, ma pr\u00e9f\u00e9rence pour musique peut \u00eatre partout- J&#8217;aime le rock, le folk, le classique, la pop, la country et le R&amp;B. Pour les films, je pr\u00e9f\u00e8re les genres comme la romance, le drame, l&#8217;action et surtout la com\u00e9die.Aussi, j&#8217;aime les animes et j\u2019adore lire.<\/p>\n\n\n\n<p><strong>Un peu de ma famille:<\/strong><\/p>\n\n\n\n<p>Ja suis le vieille de mon deux fr\u00e8res et une s\u0153ur. Mon fr\u00e8re, Jarmorieon est a deux ans de moins que moi. Il est dipl\u00f4m\u00e9 du lyc\u00e9e  bient\u00f4t (super fier !). Puis il y a ma s\u0153ur, Amira\u2014 elle&#8217;s quatre ans plus jeune que moi et elle est au lyc\u00e9e, aussi. Le plus jeune est fr\u00e8re Scott, mais nous l&#8217;appelons Sunsun, il a 14 ans, et il passe-temps est conduire des v\u00e9hicules \u00e0 quatre roues, faire du sport et technologie.<\/p>\n\n\n\n<p><strong>Et mes parents<\/strong>:<\/p>\n\n\n\n<p>Ma m\u00e8re, Seanna Francis, est formidable&nbsp;: intelligente, gentille, forte et actuellement dans l\u2019arm\u00e9e.Elle a 39&nbsp;ans et elle adores voyager, regarder des films,et jouer au poker le week-end. Elle aime le football am\u00e9ricain, et elle pr\u00e9f\u00e9r\u00e9e \u00e9quipe est les Eagles de Philadelphie. <\/p>\n\n\n\n<p>Mon p\u00e8re, Mario Talley, a 41 ans. Il travaille dans un h\u00f4tel et il passe-temps, est regarder des films, un peu d&#8217;anime , et il est aussi fan de football.<\/p>\n\n\n\n<p><strong>En mon temps libre:<\/strong><\/p>\n\n\n\n<p>Pendant les f\u00eates, j\u2019adore partir en vacances avec ma famille. j\u2019ai fait un croisi\u00e8re voyage et nous allons \u00e0 places comme les bahamas. En mon derni\u00e8re famille vacances, Nous sommes all\u00e9s \u00e0 freeport et lui explorer et en mon apr\u00e8s vacances, je veux aller un pays \u00e9tranger comme Tokyo en japon.<\/p>\n","protected":false},"excerpt":{"rendered":"<p>Salut! Je m&#8217;appelle Shamia Talley- J&#8217;ai 20 ans et j&#8217;habite \u00e0 Norfolk en Virginie. Mon origine est les \u00c9tats-Unis, et je suis fier de ma pays. Mon personnalit\u00e9 est \u00e7ela je suis cr\u00e9ative, intelligente, a peu sportive et je suis&#8230; <a class=\"more-link\" href=\"https:\/\/sites.wp.odu.edu\/mon-frencais-expericnce\/bio\/\">Continue Reading &rarr;<\/a><\/p>\n","protected":false},"author":30455,"featured_media":0,"parent":0,"menu_order":0,"comment_status":"closed","ping_status":"closed","template":"","meta":{"footnotes":""},"_links":{"self":[{"href":"https:\/\/sites.wp.odu.edu\/mon-frencais-expericnce\/wp-json\/wp\/v2\/pages\/474"}],"collection":[{"href":"https:\/\/sites.wp.odu.edu\/mon-frencais-expericnce\/wp-json\/wp\/v2\/pages"}],"about":[{"href":"https:\/\/sites.wp.odu.edu\/mon-frencais-expericnce\/wp-json\/wp\/v2\/types\/page"}],"author":[{"embeddable":true,"href":"https:\/\/sites.wp.odu.edu\/mon-frencais-expericnce\/wp-json\/wp\/v2\/users\/30455"}],"replies":[{"embeddable":true,"href":"https:\/\/sites.wp.odu.edu\/mon-frencais-expericnce\/wp-json\/wp\/v2\/comments?post=474"}],"version-history":[{"count":5,"href":"https:\/\/sites.wp.odu.edu\/mon-frencais-expericnce\/wp-json\/wp\/v2\/pages\/474\/revisions"}],"predecessor-version":[{"id":666,"href":"https:\/\/sites.wp.odu.edu\/mon-frencais-expericnce\/wp-json\/wp\/v2\/pages\/474\/revisions\/666"}],"wp:attachment":[{"href":"https:\/\/sites.wp.odu.edu\/mon-frencais-expericnce\/wp-json\/wp\/v2\/media?parent=474"}],"curies":[{"name":"wp","href":"https:\/\/api.w.org\/{rel}","templated":true}]}}