{"id":486,"date":"2025-01-29T17:10:05","date_gmt":"2025-01-29T17:10:05","guid":{"rendered":"https:\/\/wp.odu.edu\/spring2017-fr102-template\/?page_id=486"},"modified":"2025-04-27T17:11:20","modified_gmt":"2025-04-27T17:11:20","slug":"profil","status":"publish","type":"page","link":"https:\/\/sites.wp.odu.edu\/mon-frencais-expericnce\/profil\/","title":{"rendered":"Profil"},"content":{"rendered":"\n<div class=\"wp-block-group is-layout-constrained wp-block-group-is-layout-constrained\"><div class=\"wp-block-group__inner-container\">\n<p>Talley, Shamia<\/p>\n<p>email: Shamiatalley13@gmail.com<\/p>\n<p>J&#8217;ai 20 ans<\/p>\n<p>Je suis n\u00e9 \u00e0 Norfolk VA aux \u00c9tats-Unis.<\/p>\n<p>Je suis \u00e9tudiant \u00e0 l&#8217;Universit\u00e9 Old Dominion et je suis en deuxi\u00e8me ann\u00e9e.<\/p>\n<p>ma sp\u00e9cialit\u00e9 est les affaire.<\/p>\n<p>Mes activit\u00e9s pr\u00e9f\u00e9r\u00e9es sont est lecture le dessin, la peinture, et regarde des films et des animes. Je pr\u00e9f\u00e8re rendez-vous avec ma famille et voyager avec \u00e0 diff\u00e9rents pays.<\/p>\n<p>Why is it important to study a world language?<\/p>\n<p><span class=\"TextRun SCXW46834419 BCX8\" lang=\"EN-US\" xml:lang=\"EN-US\" data-contrast=\"auto\"><span class=\"NormalTextRun SCXW46834419 BCX8\">\u00a0 \u00a0 \u00a0 \u00a0 \u00a0 \u00a0 \u00a0 I believe it&#8217;s important to study a world language because you&#8217;re learning something new and with learning a world language you&#8217;re also learning about their culture and what they do in their daily lives as well as how they greet each other or learn about their foods what are their traditions maybe even just a little bit of their history as well that is why I believe it&#8217;s important to study a world language.<\/span><\/span><span class=\"EOP SCXW46834419 BCX8\" data-ccp-props=\"{}\">\u00a0<\/span><\/p>\n<p><em><strong> Why are you studying French?<\/strong><\/em><\/p>\n<p>Th<span class=\"TextRun SCXW113295752 BCX8\" lang=\"EN-US\" xml:lang=\"EN-US\" data-contrast=\"auto\"><span class=\"NormalTextRun SCXW113295752 BCX8\">e reason why I <\/span><span class=\"NormalTextRun DictationCorrection SCXW113295752 BCX8\">study<\/span><span class=\"NormalTextRun SCXW113295752 BCX8\"> French is partly because it&#8217;s a class requirement for my degree but it&#8217;s also because I&#8217;m very much interested in French not the language itself but more so of the culture of France and everything that entails with dealing with said culture from learning how their school system is different from ours to what they do<\/span><span class=\"NormalTextRun SCXW113295752 BCX8\"> during certain seasons or certain times of the day for the holidays.<\/span><\/span><span class=\"EOP SCXW113295752 BCX8\" data-ccp-props=\"{}\">\u00a0<\/span><\/p>\n<\/div><\/div>\n","protected":false},"excerpt":{"rendered":"<p>Talley, Shamia email: Shamiatalley13@gmail.com J&#8217;ai 20 ans Je suis n\u00e9 \u00e0 Norfolk VA aux \u00c9tats-Unis. Je suis \u00e9tudiant \u00e0 l&#8217;Universit\u00e9 Old Dominion et je suis en deuxi\u00e8me ann\u00e9e. ma sp\u00e9cialit\u00e9 est les affaire. Mes activit\u00e9s pr\u00e9f\u00e9r\u00e9es sont est lecture le&#8230; <a class=\"more-link\" href=\"https:\/\/sites.wp.odu.edu\/mon-frencais-expericnce\/profil\/\">Continue Reading &rarr;<\/a><\/p>\n","protected":false},"author":30455,"featured_media":0,"parent":0,"menu_order":0,"comment_status":"closed","ping_status":"closed","template":"","meta":{"footnotes":""},"_links":{"self":[{"href":"https:\/\/sites.wp.odu.edu\/mon-frencais-expericnce\/wp-json\/wp\/v2\/pages\/486"}],"collection":[{"href":"https:\/\/sites.wp.odu.edu\/mon-frencais-expericnce\/wp-json\/wp\/v2\/pages"}],"about":[{"href":"https:\/\/sites.wp.odu.edu\/mon-frencais-expericnce\/wp-json\/wp\/v2\/types\/page"}],"author":[{"embeddable":true,"href":"https:\/\/sites.wp.odu.edu\/mon-frencais-expericnce\/wp-json\/wp\/v2\/users\/30455"}],"replies":[{"embeddable":true,"href":"https:\/\/sites.wp.odu.edu\/mon-frencais-expericnce\/wp-json\/wp\/v2\/comments?post=486"}],"version-history":[{"count":5,"href":"https:\/\/sites.wp.odu.edu\/mon-frencais-expericnce\/wp-json\/wp\/v2\/pages\/486\/revisions"}],"predecessor-version":[{"id":659,"href":"https:\/\/sites.wp.odu.edu\/mon-frencais-expericnce\/wp-json\/wp\/v2\/pages\/486\/revisions\/659"}],"wp:attachment":[{"href":"https:\/\/sites.wp.odu.edu\/mon-frencais-expericnce\/wp-json\/wp\/v2\/media?parent=486"}],"curies":[{"name":"wp","href":"https:\/\/api.w.org\/{rel}","templated":true}]}}