{"id":505,"date":"2025-01-29T17:10:05","date_gmt":"2025-01-29T17:10:05","guid":{"rendered":"https:\/\/wp.odu.edu\/spring2017-fr102-template\/?page_id=505"},"modified":"2025-04-30T12:09:03","modified_gmt":"2025-04-30T12:09:03","slug":"forum-de-discussion","status":"publish","type":"page","link":"https:\/\/sites.wp.odu.edu\/mon-frencais-expericnce\/forum-de-discussion\/","title":{"rendered":"Forum de Discussion"},"content":{"rendered":"\n<details class=\"wp-block-details is-layout-flow wp-block-details-is-layout-flow\"><summary>Le\u00e7on1: Qu\u2019est-ce qu\u2019ils font tes parents, tes soeurs, tes fr\u00e8res? 2. Qu\u2019est-ce que tu veux devenir? 3. Pourquoi est-ce que cette profession t\u2019int\u00e9resse? (le type de travail, les heures \u00e0 travailler, le salaire, l\u2019obligation de voyager, la passion de ta vie, etc.) 4. As-tu une vision plus pessimiste ou optimiste de ton avenir professionnel? (le taux et les risques de ch\u00f4mage, la formation, la mondialisation, etc.)<br><\/summary>\n<p>Bonjour, mon nome est Shamia. Mon m\u00e9re travaille dans l&#8217;Arm\u00e9e et mon p\u00e9re travailler \u00e0 la h\u00f4tel.<\/p>\n<\/details>\n\n\n\n<details class=\"wp-block-details is-layout-flow wp-block-details-is-layout-flow\"><summary>Le\u00e7on 3:&nbsp;Au restaurant 1. Connaissez-vous un bon restaurant? 2. Quelles cuisines aimez-vous? 3. Est-ce que vous allez souvent au restaurant? 4. Avec qui mangez-vous le diner normalement? 5. Aimez-vous aller au restaurant le week-end ou en semaine? 6. Pr\u00e9f\u00e9rez-vous l\u2019ambiance au restaurant qui est tr\u00e8s relaxe ou formel? 7. Pourquoi est-ce que vous pr\u00e9f\u00e9rez un restaurant ? \u2022 L\u2019ambiance \u2022 la cuisine \u2022 le prix \u2022 le service \u2022 les clients<\/summary>\n<p>Oui, je sais un bon restaurant, le nom de restaurant est &#8220;bulgogi guys&#8221; et c&#8217;est un cor\u00e9en restaurant. j&#8217;aime le cuisine du cor\u00e9en et je vais avec mon famille.<\/p>\n<\/details>\n\n\n\n<details class=\"wp-block-details is-layout-flow wp-block-details-is-layout-flow\"><summary>Le\u00e7on 10: Les vacances &#8211; Forum:<br>1. Qu\u2019est-ce que vous faites normalement pendant les vacances (o\u00f9 vous allez,<br>les activit\u00e9s que vous aimez faire, avec qui vous passez vos vacances)<br>2. O\u00f9 vous \u00eates all\u00e9e pendant les derni\u00e8res vacances et ce que vous avez fait<br>pendant ces vacances<br>3. O\u00f9 est-ce que vous voulez prendre vos prochaines vacances (exemples : \u00e0 la<br>plage, \u00e0 la montagne, dans une grande ville, dans un pays \u00e9tranger, sur une<br>\u00eele, sur un bateau.<\/summary>\n<p>1.j&#8217;ai fait un croisi\u00e8re voyage et nous allons \u00e0 places comme les bahamas. 2.En mon derni\u00e8re famille vacances, Nous sommes all\u00e9s \u00e0 freeport et lui explorer. 3. Et en mon apr\u00e8s vacances, je veux aller un pays \u00e9tranger comme Tokyo en japon.<\/p>\n<\/details>\n\n\n\n<div class=\"wp-block-group is-layout-constrained wp-block-group-is-layout-constrained\"><div class=\"wp-block-group__inner-container\">\n<div class=\"wp-block-group is-layout-constrained wp-block-group-is-layout-constrained\"><div class=\"wp-block-group__inner-container\">\n<div class=\"wp-block-columns is-layout-flex wp-container-core-columns-layout-1 wp-block-columns-is-layout-flex\">\n<div class=\"wp-block-column is-layout-flow wp-block-column-is-layout-flow\"><\/div>\n<\/div>\n<\/div><\/div>\n<\/div><\/div>\n","protected":false},"excerpt":{"rendered":"","protected":false},"author":30455,"featured_media":0,"parent":0,"menu_order":0,"comment_status":"closed","ping_status":"closed","template":"","meta":{"footnotes":""},"_links":{"self":[{"href":"https:\/\/sites.wp.odu.edu\/mon-frencais-expericnce\/wp-json\/wp\/v2\/pages\/505"}],"collection":[{"href":"https:\/\/sites.wp.odu.edu\/mon-frencais-expericnce\/wp-json\/wp\/v2\/pages"}],"about":[{"href":"https:\/\/sites.wp.odu.edu\/mon-frencais-expericnce\/wp-json\/wp\/v2\/types\/page"}],"author":[{"embeddable":true,"href":"https:\/\/sites.wp.odu.edu\/mon-frencais-expericnce\/wp-json\/wp\/v2\/users\/30455"}],"replies":[{"embeddable":true,"href":"https:\/\/sites.wp.odu.edu\/mon-frencais-expericnce\/wp-json\/wp\/v2\/comments?post=505"}],"version-history":[{"count":4,"href":"https:\/\/sites.wp.odu.edu\/mon-frencais-expericnce\/wp-json\/wp\/v2\/pages\/505\/revisions"}],"predecessor-version":[{"id":680,"href":"https:\/\/sites.wp.odu.edu\/mon-frencais-expericnce\/wp-json\/wp\/v2\/pages\/505\/revisions\/680"}],"wp:attachment":[{"href":"https:\/\/sites.wp.odu.edu\/mon-frencais-expericnce\/wp-json\/wp\/v2\/media?parent=505"}],"curies":[{"name":"wp","href":"https:\/\/api.w.org\/{rel}","templated":true}]}}