{"id":471,"date":"2025-01-29T17:23:31","date_gmt":"2025-01-29T17:23:31","guid":{"rendered":"https:\/\/wp.odu.edu\/spring2017-fr102-template\/?page_id=471"},"modified":"2025-05-01T16:28:05","modified_gmt":"2025-05-01T16:28:05","slug":"about-me","status":"publish","type":"page","link":"https:\/\/sites.wp.odu.edu\/monsieur-edward11\/","title":{"rendered":"About Me"},"content":{"rendered":"<p>Bonjour! Je m&#8217;appelle Edward. J&#8217;habite a Fredericksburg, Virginie, mais je vein de Maryland. J&#8217;etudie et je me specialise en Cybersecurity a la university Old dominion. J&#8217;esp\u00e8re obtenir mon dipl\u00f4me bient\u00f4t. Je suis trois semestre et Je veux mon bachelor. J&#8217;aime aussi\u00a0 l&#8217;art, sp\u00e9cifiquement croquis d\u00e9taill\u00e9, et regarder des films avec mes amis et ma petite s\u0153ur.<\/p>\n","protected":false},"excerpt":{"rendered":"<p>Bonjour! Je m&#8217;appelle Edward. J&#8217;habite a Fredericksburg, Virginie, mais je vein de Maryland. J&#8217;etudie et je me specialise en Cybersecurity a la university Old dominion. J&#8217;esp\u00e8re obtenir mon dipl\u00f4me bient\u00f4t. Je suis trois semestre et Je veux mon bachelor. J&#8217;aime&#8230; <a class=\"more-link\" href=\"https:\/\/sites.wp.odu.edu\/monsieur-edward11\/\">Continue Reading &rarr;<\/a><\/p>\n","protected":false},"author":25279,"featured_media":0,"parent":0,"menu_order":0,"comment_status":"closed","ping_status":"closed","template":"","meta":{"footnotes":""},"_links":{"self":[{"href":"https:\/\/sites.wp.odu.edu\/monsieur-edward11\/wp-json\/wp\/v2\/pages\/471"}],"collection":[{"href":"https:\/\/sites.wp.odu.edu\/monsieur-edward11\/wp-json\/wp\/v2\/pages"}],"about":[{"href":"https:\/\/sites.wp.odu.edu\/monsieur-edward11\/wp-json\/wp\/v2\/types\/page"}],"author":[{"embeddable":true,"href":"https:\/\/sites.wp.odu.edu\/monsieur-edward11\/wp-json\/wp\/v2\/users\/25279"}],"replies":[{"embeddable":true,"href":"https:\/\/sites.wp.odu.edu\/monsieur-edward11\/wp-json\/wp\/v2\/comments?post=471"}],"version-history":[{"count":5,"href":"https:\/\/sites.wp.odu.edu\/monsieur-edward11\/wp-json\/wp\/v2\/pages\/471\/revisions"}],"predecessor-version":[{"id":668,"href":"https:\/\/sites.wp.odu.edu\/monsieur-edward11\/wp-json\/wp\/v2\/pages\/471\/revisions\/668"}],"wp:attachment":[{"href":"https:\/\/sites.wp.odu.edu\/monsieur-edward11\/wp-json\/wp\/v2\/media?parent=471"}],"curies":[{"name":"wp","href":"https:\/\/api.w.org\/{rel}","templated":true}]}}