{"id":474,"date":"2025-01-29T17:23:31","date_gmt":"2025-01-29T17:23:31","guid":{"rendered":"https:\/\/wp.odu.edu\/spring2017-fr102-template\/?page_id=474"},"modified":"2025-05-02T17:03:27","modified_gmt":"2025-05-02T17:03:27","slug":"bio","status":"publish","type":"page","link":"https:\/\/sites.wp.odu.edu\/monsieur-edward11\/bio\/","title":{"rendered":"Bio"},"content":{"rendered":"<p>Je m\u2019appelle Edward. J\u2019habite a Fredericksburg, Virginie, mais je vein de Maryland. J\u2019etudie et je me specialise en Cybersecurity a la university Old dominion. J\u2019esp\u00e8re obtenir mon dipl\u00f4me bient\u00f4t. Je suis trois semestre et Je veux mon bachelor.<\/p>\n<p>J&#8217;ai vingt-quatre ans.<\/p>\n<p>J&#8217;ai trois s\u0153urs, duex plus grande et une petite, et un petite frere.<\/p>\n<p><em><strong>Pendant mon temps libre:<\/strong><\/em><\/p>\n<p>Je prefere tranquille jours que bruyant.<\/p>\n<p>J&#8217;adore faire dessiner et photographie.<\/p>\n\n\n<figure class=\"wp-block-image size-large is-resized\"><img loading=\"lazy\" decoding=\"async\" width=\"1024\" height=\"768\" src=\"https:\/\/sites.wp.odu.edu\/monsieur-edward11\/wp-content\/uploads\/sites\/38321\/2025\/05\/1000000484-1024x768.jpg\" alt=\"\" class=\"wp-image-670\" style=\"width:502px;height:auto\" srcset=\"https:\/\/sites.wp.odu.edu\/monsieur-edward11\/wp-content\/uploads\/sites\/38321\/2025\/05\/1000000484-1024x768.jpg 1024w, https:\/\/sites.wp.odu.edu\/monsieur-edward11\/wp-content\/uploads\/sites\/38321\/2025\/05\/1000000484-300x225.jpg 300w, https:\/\/sites.wp.odu.edu\/monsieur-edward11\/wp-content\/uploads\/sites\/38321\/2025\/05\/1000000484-768x576.jpg 768w, https:\/\/sites.wp.odu.edu\/monsieur-edward11\/wp-content\/uploads\/sites\/38321\/2025\/05\/1000000484-1536x1152.jpg 1536w, https:\/\/sites.wp.odu.edu\/monsieur-edward11\/wp-content\/uploads\/sites\/38321\/2025\/05\/1000000484-600x450.jpg 600w, https:\/\/sites.wp.odu.edu\/monsieur-edward11\/wp-content\/uploads\/sites\/38321\/2025\/05\/1000000484-945x709.jpg 945w, https:\/\/sites.wp.odu.edu\/monsieur-edward11\/wp-content\/uploads\/sites\/38321\/2025\/05\/1000000484.jpg 2048w\" sizes=\"(max-width: 1024px) 100vw, 1024px\" \/><\/figure>\n\n\n\n<figure class=\"wp-block-image size-large is-resized\"><img loading=\"lazy\" decoding=\"async\" width=\"981\" height=\"1024\" src=\"https:\/\/sites.wp.odu.edu\/monsieur-edward11\/wp-content\/uploads\/sites\/38321\/2025\/05\/SmartSelect_20210214-154546_Instagram-981x1024.jpg\" alt=\"\" class=\"wp-image-671\" style=\"width:422px;height:auto\" srcset=\"https:\/\/sites.wp.odu.edu\/monsieur-edward11\/wp-content\/uploads\/sites\/38321\/2025\/05\/SmartSelect_20210214-154546_Instagram-981x1024.jpg 981w, https:\/\/sites.wp.odu.edu\/monsieur-edward11\/wp-content\/uploads\/sites\/38321\/2025\/05\/SmartSelect_20210214-154546_Instagram-287x300.jpg 287w, https:\/\/sites.wp.odu.edu\/monsieur-edward11\/wp-content\/uploads\/sites\/38321\/2025\/05\/SmartSelect_20210214-154546_Instagram-768x801.jpg 768w, https:\/\/sites.wp.odu.edu\/monsieur-edward11\/wp-content\/uploads\/sites\/38321\/2025\/05\/SmartSelect_20210214-154546_Instagram-600x626.jpg 600w, https:\/\/sites.wp.odu.edu\/monsieur-edward11\/wp-content\/uploads\/sites\/38321\/2025\/05\/SmartSelect_20210214-154546_Instagram-945x986.jpg 945w, https:\/\/sites.wp.odu.edu\/monsieur-edward11\/wp-content\/uploads\/sites\/38321\/2025\/05\/SmartSelect_20210214-154546_Instagram.jpg 1078w\" sizes=\"(max-width: 981px) 100vw, 981px\" \/><\/figure>\n\n\n\n<p>Je joue avec mon chein.<\/p>\n\n\n\n<figure class=\"wp-block-image size-large is-resized\"><img loading=\"lazy\" decoding=\"async\" width=\"461\" height=\"1024\" src=\"https:\/\/sites.wp.odu.edu\/monsieur-edward11\/wp-content\/uploads\/sites\/38321\/2025\/05\/20220314_143635-461x1024.jpg\" alt=\"\" class=\"wp-image-673\" style=\"width:172px;height:auto\" srcset=\"https:\/\/sites.wp.odu.edu\/monsieur-edward11\/wp-content\/uploads\/sites\/38321\/2025\/05\/20220314_143635-461x1024.jpg 461w, https:\/\/sites.wp.odu.edu\/monsieur-edward11\/wp-content\/uploads\/sites\/38321\/2025\/05\/20220314_143635-135x300.jpg 135w, https:\/\/sites.wp.odu.edu\/monsieur-edward11\/wp-content\/uploads\/sites\/38321\/2025\/05\/20220314_143635-768x1705.jpg 768w, https:\/\/sites.wp.odu.edu\/monsieur-edward11\/wp-content\/uploads\/sites\/38321\/2025\/05\/20220314_143635-692x1536.jpg 692w, https:\/\/sites.wp.odu.edu\/monsieur-edward11\/wp-content\/uploads\/sites\/38321\/2025\/05\/20220314_143635-922x2048.jpg 922w, https:\/\/sites.wp.odu.edu\/monsieur-edward11\/wp-content\/uploads\/sites\/38321\/2025\/05\/20220314_143635-600x1332.jpg 600w, https:\/\/sites.wp.odu.edu\/monsieur-edward11\/wp-content\/uploads\/sites\/38321\/2025\/05\/20220314_143635-945x2098.jpg 945w, https:\/\/sites.wp.odu.edu\/monsieur-edward11\/wp-content\/uploads\/sites\/38321\/2025\/05\/20220314_143635-scaled.jpg 1153w\" sizes=\"(max-width: 461px) 100vw, 461px\" \/><\/figure>\n\n\n\n<p>J\u2019aime aussi\u00a0regarder des films avec mes amis et ma petite s\u0153ur. J\u2019adore la cuisine aussi, en particuli\u00e8rement du Jama\u00efcain et du mexicainne.<\/p>\n\n\n\n<figure class=\"wp-block-image size-large is-resized\"><img decoding=\"async\" src=\"https:\/\/i.redd.it\/gug1z1u3xy781.jpg\" alt=\"\" style=\"width:388px;height:auto\" \/><\/figure>\n","protected":false},"excerpt":{"rendered":"<p>Je m\u2019appelle Edward. J\u2019habite a Fredericksburg, Virginie, mais je vein de Maryland. J\u2019etudie et je me specialise en Cybersecurity a la university Old dominion. J\u2019esp\u00e8re obtenir mon dipl\u00f4me bient\u00f4t. Je suis trois semestre et Je veux mon bachelor. J&#8217;ai vingt-quatre&#8230; <a class=\"more-link\" href=\"https:\/\/sites.wp.odu.edu\/monsieur-edward11\/bio\/\">Continue Reading &rarr;<\/a><\/p>\n","protected":false},"author":25279,"featured_media":0,"parent":0,"menu_order":0,"comment_status":"closed","ping_status":"closed","template":"","meta":{"footnotes":""},"_links":{"self":[{"href":"https:\/\/sites.wp.odu.edu\/monsieur-edward11\/wp-json\/wp\/v2\/pages\/474"}],"collection":[{"href":"https:\/\/sites.wp.odu.edu\/monsieur-edward11\/wp-json\/wp\/v2\/pages"}],"about":[{"href":"https:\/\/sites.wp.odu.edu\/monsieur-edward11\/wp-json\/wp\/v2\/types\/page"}],"author":[{"embeddable":true,"href":"https:\/\/sites.wp.odu.edu\/monsieur-edward11\/wp-json\/wp\/v2\/users\/25279"}],"replies":[{"embeddable":true,"href":"https:\/\/sites.wp.odu.edu\/monsieur-edward11\/wp-json\/wp\/v2\/comments?post=474"}],"version-history":[{"count":5,"href":"https:\/\/sites.wp.odu.edu\/monsieur-edward11\/wp-json\/wp\/v2\/pages\/474\/revisions"}],"predecessor-version":[{"id":711,"href":"https:\/\/sites.wp.odu.edu\/monsieur-edward11\/wp-json\/wp\/v2\/pages\/474\/revisions\/711"}],"wp:attachment":[{"href":"https:\/\/sites.wp.odu.edu\/monsieur-edward11\/wp-json\/wp\/v2\/media?parent=474"}],"curies":[{"name":"wp","href":"https:\/\/api.w.org\/{rel}","templated":true}]}}