{"id":486,"date":"2025-01-29T17:23:31","date_gmt":"2025-01-29T17:23:31","guid":{"rendered":"https:\/\/wp.odu.edu\/spring2017-fr102-template\/?page_id=486"},"modified":"2025-05-02T15:52:44","modified_gmt":"2025-05-02T15:52:44","slug":"profil","status":"publish","type":"page","link":"https:\/\/sites.wp.odu.edu\/monsieur-edward11\/profil\/","title":{"rendered":"Profil"},"content":{"rendered":"<p>nom de famille: Hampton<\/p>\n<p>pr\u00e9nom: Edward,<\/p>\n<p>courriel:EdeddEddy@gmail.com<\/p>\n<p>ville\/\u00e9tat\/pays de naissance: Silver Spring, Maryland<\/p>\n<p>\u00e2ge: Vingt-Quatre Ans<\/p>\n<p>sp\u00e9cialisation: je me specialise en Cybersecuritie.<\/p>\n<p>loisirs (activit\u00e9s pr\u00e9f\u00e9r\u00e9es):<\/p>\n<ul>\n<li style=\"font-weight: 400\"><span style=\"font-weight: 400\">Mes passe-temps incluent la peinture, l&#8217;\u00e9coute des musiques, la lecture de livres, le jogging et la musculation. J&#8217;aime aussi les regarder au cin\u00e9ma\u00a0 avec ma petite s\u0153ur le week-end.<\/span><\/li>\n<li style=\"font-weight: 400\"><span style=\"font-weight: 400\">Je utilise bien mon temps libre quand je joue mon chien aussi.<\/span><\/li>\n<li>J&#8217;aime cherche la cuisine nouvelle<\/li>\n<\/ul>\n<p>C&#8217;est important pour moi a etudie Francais parce que:<\/p>\n<ol>\n<li style=\"list-style-type: none\">\n<ol>\n<li>C&#8217;est une diff\u00e9rent culturel experience.<\/li>\n<li>Pour amusant<\/li>\n<\/ol>\n<\/li>\n<\/ol>\n<p>J&#8217;etudie Francais parce que jai besoin une langue pour mon diplome, et je aussi trouve nouvelle langue tres int\u00e9ressant.<\/p>\n","protected":false},"excerpt":{"rendered":"<p>nom de famille: Hampton pr\u00e9nom: Edward, courriel:EdeddEddy@gmail.com ville\/\u00e9tat\/pays de naissance: Silver Spring, Maryland \u00e2ge: Vingt-Quatre Ans sp\u00e9cialisation: je me specialise en Cybersecuritie. loisirs (activit\u00e9s pr\u00e9f\u00e9r\u00e9es): Mes passe-temps incluent la peinture, l&#8217;\u00e9coute des musiques, la lecture de livres, le jogging et&#8230; <a class=\"more-link\" href=\"https:\/\/sites.wp.odu.edu\/monsieur-edward11\/profil\/\">Continue Reading &rarr;<\/a><\/p>\n","protected":false},"author":25279,"featured_media":0,"parent":0,"menu_order":0,"comment_status":"closed","ping_status":"closed","template":"","meta":{"footnotes":""},"_links":{"self":[{"href":"https:\/\/sites.wp.odu.edu\/monsieur-edward11\/wp-json\/wp\/v2\/pages\/486"}],"collection":[{"href":"https:\/\/sites.wp.odu.edu\/monsieur-edward11\/wp-json\/wp\/v2\/pages"}],"about":[{"href":"https:\/\/sites.wp.odu.edu\/monsieur-edward11\/wp-json\/wp\/v2\/types\/page"}],"author":[{"embeddable":true,"href":"https:\/\/sites.wp.odu.edu\/monsieur-edward11\/wp-json\/wp\/v2\/users\/25279"}],"replies":[{"embeddable":true,"href":"https:\/\/sites.wp.odu.edu\/monsieur-edward11\/wp-json\/wp\/v2\/comments?post=486"}],"version-history":[{"count":5,"href":"https:\/\/sites.wp.odu.edu\/monsieur-edward11\/wp-json\/wp\/v2\/pages\/486\/revisions"}],"predecessor-version":[{"id":695,"href":"https:\/\/sites.wp.odu.edu\/monsieur-edward11\/wp-json\/wp\/v2\/pages\/486\/revisions\/695"}],"wp:attachment":[{"href":"https:\/\/sites.wp.odu.edu\/monsieur-edward11\/wp-json\/wp\/v2\/media?parent=486"}],"curies":[{"name":"wp","href":"https:\/\/api.w.org\/{rel}","templated":true}]}}