{"id":471,"date":"2024-01-22T17:08:25","date_gmt":"2024-01-22T17:08:25","guid":{"rendered":"https:\/\/wp.odu.edu\/spring2017-fr102-template\/?page_id=471"},"modified":"2024-04-21T21:51:57","modified_gmt":"2024-04-21T21:51:57","slug":"about-me","status":"publish","type":"page","link":"https:\/\/sites.wp.odu.edu\/myersmckayla\/","title":{"rendered":"About Me"},"content":{"rendered":"<p>J&#8217;ai dix-huit ans. J&#8217;\u00e9tudie la justice p\u00e9nale. Je veux aller \u00e0 la facult\u00e9 de droit. Je veux \u00eatre avocate. Je travaille comme serveur dans un steakhouse. Je travaille que dix \u00e0 quinze heures par semaine.<\/p>\n","protected":false},"excerpt":{"rendered":"<p>J&#8217;ai dix-huit ans. J&#8217;\u00e9tudie la justice p\u00e9nale. Je veux aller \u00e0 la facult\u00e9 de droit. Je veux \u00eatre avocate. Je travaille comme serveur dans un steakhouse. Je travaille que dix \u00e0 quinze heures par semaine.<\/p>\n","protected":false},"author":28492,"featured_media":0,"parent":0,"menu_order":0,"comment_status":"closed","ping_status":"closed","template":"","meta":{"footnotes":""},"_links":{"self":[{"href":"https:\/\/sites.wp.odu.edu\/myersmckayla\/wp-json\/wp\/v2\/pages\/471"}],"collection":[{"href":"https:\/\/sites.wp.odu.edu\/myersmckayla\/wp-json\/wp\/v2\/pages"}],"about":[{"href":"https:\/\/sites.wp.odu.edu\/myersmckayla\/wp-json\/wp\/v2\/types\/page"}],"author":[{"embeddable":true,"href":"https:\/\/sites.wp.odu.edu\/myersmckayla\/wp-json\/wp\/v2\/users\/28492"}],"replies":[{"embeddable":true,"href":"https:\/\/sites.wp.odu.edu\/myersmckayla\/wp-json\/wp\/v2\/comments?post=471"}],"version-history":[{"count":4,"href":"https:\/\/sites.wp.odu.edu\/myersmckayla\/wp-json\/wp\/v2\/pages\/471\/revisions"}],"predecessor-version":[{"id":627,"href":"https:\/\/sites.wp.odu.edu\/myersmckayla\/wp-json\/wp\/v2\/pages\/471\/revisions\/627"}],"wp:attachment":[{"href":"https:\/\/sites.wp.odu.edu\/myersmckayla\/wp-json\/wp\/v2\/media?parent=471"}],"curies":[{"name":"wp","href":"https:\/\/api.w.org\/{rel}","templated":true}]}}