{"id":474,"date":"2024-01-22T17:08:25","date_gmt":"2024-01-22T17:08:25","guid":{"rendered":"https:\/\/wp.odu.edu\/spring2017-fr102-template\/?page_id=474"},"modified":"2024-04-22T01:07:38","modified_gmt":"2024-04-22T01:07:38","slug":"bio","status":"publish","type":"page","link":"https:\/\/sites.wp.odu.edu\/myersmckayla\/bio\/","title":{"rendered":"Bio"},"content":{"rendered":"<p>Je viens de Pennsylvanie. Je habite en Virginie pendant l&#8217;ann\u00e9e scolaire. Tous les deux de mes parents sont de Pennsylvanie. Ma m\u00e8re est une manager. Ma p\u00e8re poss\u00e8de un magasin d&#8217;automobiles. Je suis un enfant unique. Mes int\u00e9r\u00eats sont randonn\u00e9es, shopping, et passer du tempts avec ma famille et mes amis.<\/p>\n","protected":false},"excerpt":{"rendered":"<p>Je viens de Pennsylvanie. Je habite en Virginie pendant l&#8217;ann\u00e9e scolaire. Tous les deux de mes parents sont de Pennsylvanie. Ma m\u00e8re est une manager. Ma p\u00e8re poss\u00e8de un magasin d&#8217;automobiles. Je suis un enfant unique. Mes int\u00e9r\u00eats sont randonn\u00e9es,&#8230; <a class=\"more-link\" href=\"https:\/\/sites.wp.odu.edu\/myersmckayla\/bio\/\">Continue Reading &rarr;<\/a><\/p>\n","protected":false},"author":28492,"featured_media":0,"parent":0,"menu_order":0,"comment_status":"closed","ping_status":"closed","template":"","meta":{"footnotes":""},"_links":{"self":[{"href":"https:\/\/sites.wp.odu.edu\/myersmckayla\/wp-json\/wp\/v2\/pages\/474"}],"collection":[{"href":"https:\/\/sites.wp.odu.edu\/myersmckayla\/wp-json\/wp\/v2\/pages"}],"about":[{"href":"https:\/\/sites.wp.odu.edu\/myersmckayla\/wp-json\/wp\/v2\/types\/page"}],"author":[{"embeddable":true,"href":"https:\/\/sites.wp.odu.edu\/myersmckayla\/wp-json\/wp\/v2\/users\/28492"}],"replies":[{"embeddable":true,"href":"https:\/\/sites.wp.odu.edu\/myersmckayla\/wp-json\/wp\/v2\/comments?post=474"}],"version-history":[{"count":3,"href":"https:\/\/sites.wp.odu.edu\/myersmckayla\/wp-json\/wp\/v2\/pages\/474\/revisions"}],"predecessor-version":[{"id":629,"href":"https:\/\/sites.wp.odu.edu\/myersmckayla\/wp-json\/wp\/v2\/pages\/474\/revisions\/629"}],"wp:attachment":[{"href":"https:\/\/sites.wp.odu.edu\/myersmckayla\/wp-json\/wp\/v2\/media?parent=474"}],"curies":[{"name":"wp","href":"https:\/\/api.w.org\/{rel}","templated":true}]}}