{"id":486,"date":"2024-01-22T17:08:25","date_gmt":"2024-01-22T17:08:25","guid":{"rendered":"https:\/\/wp.odu.edu\/spring2017-fr102-template\/?page_id=486"},"modified":"2024-04-24T17:02:48","modified_gmt":"2024-04-24T17:02:48","slug":"profil","status":"publish","type":"page","link":"https:\/\/sites.wp.odu.edu\/myersmckayla\/profil\/","title":{"rendered":"Profil"},"content":{"rendered":"<p>Nom- Mckayla Myers<\/p>\n<p>\u00c2ge- 18 ans<\/p>\n<p>Ma m\u00e8re nom est Brandy et ma p\u00e8re nom est Justin. Je suis le enfant unique. Je viens de Hershey, Pennsylvanie. Ma sp\u00e9cialit\u00e9 est justice p\u00e9nal. J&#8217;aime passer mon temps libre \u00eatre dehors et cuisiner.<\/p>\n<p>Why is it important to study a world language?<\/p>\n<ul>\n<li>Studying a world language is extremely beneficial in many different aspects of your life. Whether you just take a couple different language courses or master one, learning a language as a whole benefits your cognitive functions due to the brain&#8217;s activeness. Having a language on a resume also is a great add on to studying a language, when an employer see&#8217;s you had the dedication as well as the special skill, you will easily become a top hire. Studying world language also helps raise awareness and respect for other ways cultures live, communicate, and spread ideas.<\/li>\n<\/ul>\n<ol>\n<li>Why are you studying French?<\/li>\n<\/ol>\n<ul>\n<li>I am studying French because their culture has always been interesting to me. Aside from my interests in the culture the language itself is interesting and relatively similar which is another reason I am studying French. Learning a new language while being able to see similarities with my native is a very helpful connection.<\/li>\n<\/ul>\n","protected":false},"excerpt":{"rendered":"<p>Nom- Mckayla Myers \u00c2ge- 18 ans Ma m\u00e8re nom est Brandy et ma p\u00e8re nom est Justin. Je suis le enfant unique. Je viens de Hershey, Pennsylvanie. Ma sp\u00e9cialit\u00e9 est justice p\u00e9nal. J&#8217;aime passer mon temps libre \u00eatre dehors et&#8230; <a class=\"more-link\" href=\"https:\/\/sites.wp.odu.edu\/myersmckayla\/profil\/\">Continue Reading &rarr;<\/a><\/p>\n","protected":false},"author":28492,"featured_media":0,"parent":0,"menu_order":0,"comment_status":"closed","ping_status":"closed","template":"","meta":{"footnotes":""},"_links":{"self":[{"href":"https:\/\/sites.wp.odu.edu\/myersmckayla\/wp-json\/wp\/v2\/pages\/486"}],"collection":[{"href":"https:\/\/sites.wp.odu.edu\/myersmckayla\/wp-json\/wp\/v2\/pages"}],"about":[{"href":"https:\/\/sites.wp.odu.edu\/myersmckayla\/wp-json\/wp\/v2\/types\/page"}],"author":[{"embeddable":true,"href":"https:\/\/sites.wp.odu.edu\/myersmckayla\/wp-json\/wp\/v2\/users\/28492"}],"replies":[{"embeddable":true,"href":"https:\/\/sites.wp.odu.edu\/myersmckayla\/wp-json\/wp\/v2\/comments?post=486"}],"version-history":[{"count":5,"href":"https:\/\/sites.wp.odu.edu\/myersmckayla\/wp-json\/wp\/v2\/pages\/486\/revisions"}],"predecessor-version":[{"id":670,"href":"https:\/\/sites.wp.odu.edu\/myersmckayla\/wp-json\/wp\/v2\/pages\/486\/revisions\/670"}],"wp:attachment":[{"href":"https:\/\/sites.wp.odu.edu\/myersmckayla\/wp-json\/wp\/v2\/media?parent=486"}],"curies":[{"name":"wp","href":"https:\/\/api.w.org\/{rel}","templated":true}]}}