{"id":505,"date":"2024-01-22T17:08:25","date_gmt":"2024-01-22T17:08:25","guid":{"rendered":"https:\/\/wp.odu.edu\/spring2017-fr102-template\/?page_id=505"},"modified":"2024-04-22T01:32:49","modified_gmt":"2024-04-22T01:32:49","slug":"forum-de-discussion","status":"publish","type":"page","link":"https:\/\/sites.wp.odu.edu\/myersmckayla\/forum-de-discussion\/","title":{"rendered":"Forum de Discussion"},"content":{"rendered":"\n<p>Lesson 1: Je ne pas de soeurs et fr\u00e8res. Ma m\u00e8re est manager et mon p\u00e8re est un m\u00e9canicien automobile. Je veux \u00eatre avocate parce que je m&#8217;int\u00e9resse dans le crime.<\/p>\n\n\n\n<p>Lesson 7: Je suis en bonne sant\u00e9 et je mange sainement. Je vais au gym environ 5 \u00e0 6 jours par semaine. Je fais de l&#8217;exercice pendant quelques heures. Mon dormir les habitudes sont mauvaises. Je ne dors que 6 heures. Pour le sommeil \u00eatre en meillure sant\u00e9, je dormirai plus. J&#8217;ai avoir besoin de rythme de sommeil.<\/p>\n\n\n\n<p>Lesson 10: Quand je alle vacannes je par avec mon famille ou amis. Depuis je viens de Pennsylvanie je normalent partir \u00e0 Ocean City, Maryland. Mon famille va \u00e0 Ocean City chaque ann\u00e9e. Parfois nous allons \u00e0 Florida ou Caroline du Sud. Mon derni\u00e8res voyage \u00e9tait avec mes amis l&#8217;\u00e9t\u00e9 dernier. Nous sommes all\u00e9s dans \u00e0 ville de rehobeth. Mon prochain voyage est de Cancun. Je vais cet \u00e9t\u00e9.<\/p>\n","protected":false},"excerpt":{"rendered":"<p>Lesson 1: Je ne pas de soeurs et fr\u00e8res. Ma m\u00e8re est manager et mon p\u00e8re est un m\u00e9canicien automobile. Je veux \u00eatre avocate parce que je m&#8217;int\u00e9resse dans le crime. Lesson 7: Je suis en bonne sant\u00e9 et je&#8230; <a class=\"more-link\" href=\"https:\/\/sites.wp.odu.edu\/myersmckayla\/forum-de-discussion\/\">Continue Reading &rarr;<\/a><\/p>\n","protected":false},"author":28492,"featured_media":0,"parent":0,"menu_order":0,"comment_status":"closed","ping_status":"closed","template":"","meta":{"footnotes":""},"_links":{"self":[{"href":"https:\/\/sites.wp.odu.edu\/myersmckayla\/wp-json\/wp\/v2\/pages\/505"}],"collection":[{"href":"https:\/\/sites.wp.odu.edu\/myersmckayla\/wp-json\/wp\/v2\/pages"}],"about":[{"href":"https:\/\/sites.wp.odu.edu\/myersmckayla\/wp-json\/wp\/v2\/types\/page"}],"author":[{"embeddable":true,"href":"https:\/\/sites.wp.odu.edu\/myersmckayla\/wp-json\/wp\/v2\/users\/28492"}],"replies":[{"embeddable":true,"href":"https:\/\/sites.wp.odu.edu\/myersmckayla\/wp-json\/wp\/v2\/comments?post=505"}],"version-history":[{"count":3,"href":"https:\/\/sites.wp.odu.edu\/myersmckayla\/wp-json\/wp\/v2\/pages\/505\/revisions"}],"predecessor-version":[{"id":632,"href":"https:\/\/sites.wp.odu.edu\/myersmckayla\/wp-json\/wp\/v2\/pages\/505\/revisions\/632"}],"wp:attachment":[{"href":"https:\/\/sites.wp.odu.edu\/myersmckayla\/wp-json\/wp\/v2\/media?parent=505"}],"curies":[{"name":"wp","href":"https:\/\/api.w.org\/{rel}","templated":true}]}}