{"id":507,"date":"2024-01-22T17:08:25","date_gmt":"2024-01-22T17:08:25","guid":{"rendered":"https:\/\/wp.odu.edu\/spring2017-fr102-template\/?page_id=507"},"modified":"2024-04-24T15:09:26","modified_gmt":"2024-04-24T15:09:26","slug":"redaction","status":"publish","type":"page","link":"https:\/\/sites.wp.odu.edu\/myersmckayla\/redaction\/","title":{"rendered":"R\u00e9daction"},"content":{"rendered":"<p><strong>Test de le\u00e7on 6:<\/strong><\/p>\n<p>J&#8217;ai pr\u00e9parerais un CV pour une companie. Je chercherais sur l&#8217;internet. J&#8217;enverrais mon CV. J&#8217;arriverais t\u00f4t. Je m&#8217;habillerais bien. Je parlerais bien. J&#8217;attendrais une r\u00e9ponse. J&#8217;esp\u00e8rerais r\u00e9ussir.<\/p>\n<p><strong>Test de le\u00e7on 9:<\/strong><\/p>\n<p>L&#8217;alcoolisme est un probl\u00e8me social. Mon ami boit. Je bois pendant ce weekend. Je bois avec mes amis. Il fault manger en m\u00eame temps. Il faut boire de l&#8217;eau en m\u00eame temps. Il ne faut pas boire souvant. Il ne pas boire suel.<\/p>\n","protected":false},"excerpt":{"rendered":"<p>Test de le\u00e7on 6: J&#8217;ai pr\u00e9parerais un CV pour une companie. Je chercherais sur l&#8217;internet. J&#8217;enverrais mon CV. J&#8217;arriverais t\u00f4t. Je m&#8217;habillerais bien. Je parlerais bien. J&#8217;attendrais une r\u00e9ponse. J&#8217;esp\u00e8rerais r\u00e9ussir. Test de le\u00e7on 9: L&#8217;alcoolisme est un probl\u00e8me social&#8230;. <a class=\"more-link\" href=\"https:\/\/sites.wp.odu.edu\/myersmckayla\/redaction\/\">Continue Reading &rarr;<\/a><\/p>\n","protected":false},"author":28492,"featured_media":0,"parent":0,"menu_order":0,"comment_status":"closed","ping_status":"closed","template":"","meta":{"footnotes":""},"_links":{"self":[{"href":"https:\/\/sites.wp.odu.edu\/myersmckayla\/wp-json\/wp\/v2\/pages\/507"}],"collection":[{"href":"https:\/\/sites.wp.odu.edu\/myersmckayla\/wp-json\/wp\/v2\/pages"}],"about":[{"href":"https:\/\/sites.wp.odu.edu\/myersmckayla\/wp-json\/wp\/v2\/types\/page"}],"author":[{"embeddable":true,"href":"https:\/\/sites.wp.odu.edu\/myersmckayla\/wp-json\/wp\/v2\/users\/28492"}],"replies":[{"embeddable":true,"href":"https:\/\/sites.wp.odu.edu\/myersmckayla\/wp-json\/wp\/v2\/comments?post=507"}],"version-history":[{"count":4,"href":"https:\/\/sites.wp.odu.edu\/myersmckayla\/wp-json\/wp\/v2\/pages\/507\/revisions"}],"predecessor-version":[{"id":654,"href":"https:\/\/sites.wp.odu.edu\/myersmckayla\/wp-json\/wp\/v2\/pages\/507\/revisions\/654"}],"wp:attachment":[{"href":"https:\/\/sites.wp.odu.edu\/myersmckayla\/wp-json\/wp\/v2\/media?parent=507"}],"curies":[{"name":"wp","href":"https:\/\/api.w.org\/{rel}","templated":true}]}}