{"id":526,"date":"2024-01-22T17:08:25","date_gmt":"2024-01-22T17:08:25","guid":{"rendered":"https:\/\/wp.odu.edu\/spring2017-fr102-template\/?page_id=526"},"modified":"2024-04-24T16:52:20","modified_gmt":"2024-04-24T16:52:20","slug":"photos","status":"publish","type":"page","link":"https:\/\/sites.wp.odu.edu\/myersmckayla\/photos\/","title":{"rendered":"Photos"},"content":{"rendered":"<p><img loading=\"lazy\" decoding=\"async\" class=\"\" src=\"https:\/\/www.quebec-cite.com\/sites\/otq\/files\/styles\/gallery_desktop\/public\/media\/image\/new_france_festival_costumes_0.jpg?itok=89CTtLDo\" alt=\"Explore the French Canadian Culture | Visit Qu\u00e9bec City\" width=\"360\" height=\"240\" \/><\/p>\n<p>Cette photo montre un festival culturel au Qu\u00e9bec. Ces festivals sont bons pour rejoindre de la r\u00e9gion. Ces festivals montre comment le premier de l&#8217;America colons europ\u00e9ens.<\/p>\n<p><strong>Cultural festival that takes place in Quebec- helps relate and connect with natives in a fun way while learning about their culture.<\/strong><\/p>\n<p><img loading=\"lazy\" decoding=\"async\" class=\"\" src=\"https:\/\/raptor.web.dev.propertyraptor.com\/b0517fe7c569432b8aa97c041438032c-321.%20how%20french%20culture%20can%20change%20your%20lifestyle.webp\" alt=\"How French culture can change your lifestyle - Engel &amp; V\u00f6lkers Hong Kong\" width=\"329\" height=\"222\" \/><\/p>\n<p>Cette photo montre un commun snack dans la culture fran\u00e7ais. Les fran\u00e7ais sont beaucoup plus social avec des gens.<\/p>\n<p><strong>Cheese, bread, and wine are very popular in France. They have much more social outings then we do.<\/strong><\/p>\n","protected":false},"excerpt":{"rendered":"<p>Cette photo montre un festival culturel au Qu\u00e9bec. Ces festivals sont bons pour rejoindre de la r\u00e9gion. Ces festivals montre comment le premier de l&#8217;America colons europ\u00e9ens. Cultural festival that takes place in Quebec- helps relate and connect with natives&#8230; <a class=\"more-link\" href=\"https:\/\/sites.wp.odu.edu\/myersmckayla\/photos\/\">Continue Reading &rarr;<\/a><\/p>\n","protected":false},"author":28492,"featured_media":0,"parent":0,"menu_order":0,"comment_status":"closed","ping_status":"closed","template":"","meta":{"footnotes":""},"_links":{"self":[{"href":"https:\/\/sites.wp.odu.edu\/myersmckayla\/wp-json\/wp\/v2\/pages\/526"}],"collection":[{"href":"https:\/\/sites.wp.odu.edu\/myersmckayla\/wp-json\/wp\/v2\/pages"}],"about":[{"href":"https:\/\/sites.wp.odu.edu\/myersmckayla\/wp-json\/wp\/v2\/types\/page"}],"author":[{"embeddable":true,"href":"https:\/\/sites.wp.odu.edu\/myersmckayla\/wp-json\/wp\/v2\/users\/28492"}],"replies":[{"embeddable":true,"href":"https:\/\/sites.wp.odu.edu\/myersmckayla\/wp-json\/wp\/v2\/comments?post=526"}],"version-history":[{"count":5,"href":"https:\/\/sites.wp.odu.edu\/myersmckayla\/wp-json\/wp\/v2\/pages\/526\/revisions"}],"predecessor-version":[{"id":668,"href":"https:\/\/sites.wp.odu.edu\/myersmckayla\/wp-json\/wp\/v2\/pages\/526\/revisions\/668"}],"wp:attachment":[{"href":"https:\/\/sites.wp.odu.edu\/myersmckayla\/wp-json\/wp\/v2\/media?parent=526"}],"curies":[{"name":"wp","href":"https:\/\/api.w.org\/{rel}","templated":true}]}}