{"id":545,"date":"2024-01-22T17:08:25","date_gmt":"2024-01-22T17:08:25","guid":{"rendered":"https:\/\/wp.odu.edu\/spring2017-fr102-template\/?page_id=545"},"modified":"2024-04-24T04:27:26","modified_gmt":"2024-04-24T04:27:26","slug":"mid-semester-plan","status":"publish","type":"page","link":"https:\/\/sites.wp.odu.edu\/myersmckayla\/mid-semester-plan\/","title":{"rendered":"Mid-Semester Plan"},"content":{"rendered":"<p>Force:<\/p>\n<ul>\n<li>Mes r\u00e9sultats aux tests avoir \u00e9t\u00e9 croissant<\/li>\n<li>J&#8217;ai un meilleur comprendre du vocabulaire<\/li>\n<\/ul>\n<p>Faiblesse:<\/p>\n<ul>\n<li>Comprendre des conversations orales<\/li>\n<\/ul>\n<p>J&#8217;ai besoin de aller mieux \u00e0 former des phrases et grammaire<\/p>\n","protected":false},"excerpt":{"rendered":"<p>Force: Mes r\u00e9sultats aux tests avoir \u00e9t\u00e9 croissant J&#8217;ai un meilleur comprendre du vocabulaire Faiblesse: Comprendre des conversations orales J&#8217;ai besoin de aller mieux \u00e0 former des phrases et grammaire<\/p>\n","protected":false},"author":28492,"featured_media":0,"parent":0,"menu_order":0,"comment_status":"closed","ping_status":"closed","template":"","meta":{"footnotes":""},"_links":{"self":[{"href":"https:\/\/sites.wp.odu.edu\/myersmckayla\/wp-json\/wp\/v2\/pages\/545"}],"collection":[{"href":"https:\/\/sites.wp.odu.edu\/myersmckayla\/wp-json\/wp\/v2\/pages"}],"about":[{"href":"https:\/\/sites.wp.odu.edu\/myersmckayla\/wp-json\/wp\/v2\/types\/page"}],"author":[{"embeddable":true,"href":"https:\/\/sites.wp.odu.edu\/myersmckayla\/wp-json\/wp\/v2\/users\/28492"}],"replies":[{"embeddable":true,"href":"https:\/\/sites.wp.odu.edu\/myersmckayla\/wp-json\/wp\/v2\/comments?post=545"}],"version-history":[{"count":4,"href":"https:\/\/sites.wp.odu.edu\/myersmckayla\/wp-json\/wp\/v2\/pages\/545\/revisions"}],"predecessor-version":[{"id":638,"href":"https:\/\/sites.wp.odu.edu\/myersmckayla\/wp-json\/wp\/v2\/pages\/545\/revisions\/638"}],"wp:attachment":[{"href":"https:\/\/sites.wp.odu.edu\/myersmckayla\/wp-json\/wp\/v2\/media?parent=545"}],"curies":[{"name":"wp","href":"https:\/\/api.w.org\/{rel}","templated":true}]}}