{"id":500,"date":"2021-11-27T21:40:52","date_gmt":"2021-11-27T21:40:52","guid":{"rendered":"https:\/\/sites.wp.odu.edu\/nancy-spanish312w\/?page_id=500"},"modified":"2021-11-27T21:46:50","modified_gmt":"2021-11-27T21:46:50","slug":"edit-post","status":"publish","type":"page","link":"https:\/\/sites.wp.odu.edu\/nancy-spanish312w\/edit-post\/","title":{"rendered":"Los 10 Artefactos"},"content":{"rendered":"\n<p id=\"block-d04f1fd9-46a9-42ab-9bcb-74a117094a7c\">For Creative Artifacts I have made reflections on our weekly readings in the course. By describing the pictures and how it correlates to the weekly reading. With these weekly reflection it had helped me review the readings.<\/p>\n\n\n\n<div id=\"block-285f4524-92a8-4292-a825-fe59f3484030\" class=\"wp-block-image\"><figure class=\"aligncenter\"><img decoding=\"async\" src=\"https:\/\/sites.wp.odu.edu\/nancy-spanish312w\/wp-content\/uploads\/sites\/24408\/2021\/11\/image-2.png\" alt=\"This image has an empty alt attribute; its file name is image-2.png\" \/><\/figure><\/div>\n\n\n\n<p id=\"block-1f1da559-b1c4-40f4-9c29-7c98820636bb\">Esta foto conecta con Las Siete Partidas y Tambi\u00e9n decreto de exclusi\u00f3n. Que leemos para la clase. La raz\u00f3n porque conecta es el sufrimiento de los jud\u00edos y como lo trataron por ser jud\u00edo. En esta foto se mira que los jud\u00edos tienen pocas cosas y se miran que estuvieron expulsado. Entre las siete partidas se dice que si no quieren convertir a ser cristianos deben de ir se de es lugar en Espa\u00f1a.<\/p>\n\n\n\n<div id=\"block-b241cbc0-e815-4ca2-8832-ad43f63bd000\" class=\"wp-block-image\"><figure class=\"aligncenter\"><img decoding=\"async\" src=\"https:\/\/sites.wp.odu.edu\/nancy-spanish312w\/wp-content\/uploads\/sites\/24408\/2021\/11\/image-3.png\" alt=\"This image has an empty alt attribute; its file name is image-3.png\" \/><\/figure><\/div>\n\n\n\n<p id=\"block-334eb362-8f9d-49e2-8f59-2013db2d7c7a\">La historia de Popul Vuh es en entre estas dos fotos y como estaban creados. Es una visual que puede ayudar de imaginar que pasa en esos tiempos. Con el ma\u00edz estaban creado hasta que los dioses hicieron las gentes de madera. Y las maderas no subieron como siguiere las instrucciones de los dioses. Esta foto me ayuda de conectar la informaci\u00f3n de los Mayas y como se ten\u00edan diferentes formas de personas antes de las personas de ma\u00edz.<\/p>\n\n\n\n<div id=\"block-1175ea0f-4145-481b-9cfb-21e12f472faa\" class=\"wp-block-image\"><figure class=\"aligncenter\"><img decoding=\"async\" src=\"https:\/\/sites.wp.odu.edu\/nancy-spanish312w\/wp-content\/uploads\/sites\/24408\/2021\/11\/image-4.png\" alt=\"This image has an empty alt attribute; its file name is image-4.png\" \/><\/figure><\/div>\n\n\n\n<p id=\"block-8a300694-848d-499d-93b6-13ca32db14a2\">La perspectiva de sor Juana y como era una monja para que ella pod\u00eda seguir estudiando. Se conecta la foto con la novela porque se mira como una monja con un libro. Y Sor Juana quer\u00eda aprender mas cosas sin un hombre que le dije que no puede hacer lo. Tambi\u00e9n lo miro con la religi\u00f3n que estaba cristiano para que ella pod\u00eda estudiar mas sin casarse porque ella no quer\u00eda casarse. Con este artefacto es significado porque puedo mira lo y puede decir cual novela pienso. Tambi\u00e9n puedo decir la novela para personas que no lo conocen.<\/p>\n\n\n\n<div id=\"block-faa2ffa4-9374-48e3-8f44-ac1e9840a450\" class=\"wp-block-image\"><figure class=\"aligncenter\"><img decoding=\"async\" src=\"https:\/\/sites.wp.odu.edu\/nancy-spanish312w\/wp-content\/uploads\/sites\/24408\/2021\/11\/image-5.png\" alt=\"This image has an empty alt attribute; its file name is image-5.png\" \/><\/figure><\/div>\n\n\n\n<p id=\"block-b8893754-0747-40c7-9565-82d0dd21da7c\">El juez de su causa es la primera novela que pienso cuando miro esta foto. En la novela habla de una se\u00f1ora que cambio en un hombre para salir de los doubl\u00e9s morales de las mujeres. Y encontrar mas oportunidad que ella no puede porque es una mujer. Me recuerdo un poco de la pel\u00edcula de Mulan que ella cambio para proyectarse su padre, pero en esta casa para Mar\u00eda. Ella quer\u00eda proyecte ella misma y no quer\u00eda que un hombre le cuide. Entonces los dos convierten un hombre y cuando lo hicieron recibieron mas respecto que cuando era mujeres.<\/p>\n\n\n\n<div id=\"block-1f55bb0f-915e-4b7b-89df-6be241ba6414\" class=\"wp-block-image\"><figure class=\"aligncenter\"><img decoding=\"async\" src=\"https:\/\/sites.wp.odu.edu\/nancy-spanish312w\/wp-content\/uploads\/sites\/24408\/2021\/11\/image-6.png\" alt=\"This image has an empty alt attribute; its file name is image-6.png\" \/><\/figure><\/div>\n\n\n\n<p id=\"block-9500ef2d-5c5d-4682-8153-ce56e7bab16c\">Un movimiento feminista que paso durante la novela de Fuenteovejuna. Era un movimiento contra el comendador por mal tratamiento con las mujeres. Hasta por fin la mujer que no debo de tratar mal se protesto y se fueron a matarlo. conecta las manos que ellas estaba victimas del comendador que no es unas personas son mas. No importaba quien era, pero pod\u00edan hacer lo porque eran hombres. Tambi\u00e9n estaba conectada con el movimiento de \u201cMe too\u201d.<\/p>\n\n\n\n<div id=\"block-0961eada-4933-413f-976b-4ae203592c4a\" class=\"wp-block-image\"><figure class=\"aligncenter\"><img decoding=\"async\" src=\"https:\/\/sites.wp.odu.edu\/nancy-spanish312w\/wp-content\/uploads\/sites\/24408\/2021\/11\/image-7.png\" alt=\"This image has an empty alt attribute; its file name is image-7.png\" \/><\/figure><\/div>\n\n\n\n<p id=\"block-5f9b56f2-74d0-49a6-b05e-f3614703bb1e\">Las diferencias sobre los gauchos y con el vaquero, puedo mira la diferencia con la foto. Es significante la foto porque si uno describe los guachos la primera cosa que piensan es los vaqueros. Con esta foto me ayuda recordar que no son los mismo y los dos tienen respondidas diferentes. Conecta con el poema de Martin Fierro y como era las vidas de los guachos. Distinguir los guachos ayuda para ense\u00f1ar a otros los diferencias y tambi\u00e9n recuerda sobre el poema.<\/p>\n\n\n\n<div id=\"block-6692ed56-6a67-424d-9de1-086d60796158\" class=\"wp-block-image\"><figure class=\"aligncenter\"><img decoding=\"async\" src=\"https:\/\/sites.wp.odu.edu\/nancy-spanish312w\/wp-content\/uploads\/sites\/24408\/2021\/11\/image-8.png\" alt=\"This image has an empty alt attribute; its file name is image-8.png\" \/><\/figure><\/div>\n\n\n\n<p id=\"block-929cada3-be5d-429f-94c4-16002b7d2311\">La foto conecta con las Roman\u00ed, porque en el video que vimos durante la clase a veces las Romas bailan el flamenco. Cuando pienso en las Romas pienso en el prejudicio que sufrieron por sus religiones. tambi\u00e9n con los poemas de Lorca con su poema de los \u201cgrito hasta Roma\u201d que habla sobre tambi\u00e9n los sufrimientos y con la foto requerido de las Romas.<\/p>\n\n\n\n<div id=\"block-9c4bcfa0-402e-4035-8d72-396c28a538a4\" class=\"wp-block-image\"><figure class=\"aligncenter\"><img decoding=\"async\" src=\"https:\/\/sites.wp.odu.edu\/nancy-spanish312w\/wp-content\/uploads\/sites\/24408\/2021\/11\/image-9.png\" alt=\"This image has an empty alt attribute; its file name is image-9.png\" \/><\/figure><\/div>\n\n\n\n<p id=\"block-4139758f-edf1-4113-8942-6b3578ca3870\">Connecta este foto con la novela de El sur de Borges cuando el se\u00f1or queria muere una muerte honorable. Como paso con su abuelo y entonces estaba pensando que estaba moriendo honoroanble por los nevajas. Pero en realidad estaba moriendo en la cama de la hospital. Para ese foto esta dicendo que morir pero honorable porque queria portecjers de los otros personas que tenian nevajas.<\/p>\n\n\n\n<div id=\"block-8a6727d2-6646-4152-ba18-997535602a65\" class=\"wp-block-image\"><figure class=\"aligncenter\"><img decoding=\"async\" src=\"https:\/\/sites.wp.odu.edu\/nancy-spanish312w\/wp-content\/uploads\/sites\/24408\/2021\/11\/image-12.png\" alt=\"This image has an empty alt attribute; its file name is image-12.png\" \/><\/figure><\/div>\n\n\n\n<p id=\"block-747ce8ae-c048-4eb4-8481-55e19f8ab2c4\">La primera novella que pienso cuando miro este foto es La Noche boca arriba. Por que hablamos durante la clase sobre la novella y cual pelculas recuerda de la noche boca arriba. En este caso la razon es que el senor estaba pensando que era un lugar como la hospital pero realmente no estaba. La realidad era que estaba en las anos de los Aztecas. La professor menciono este peluecla que paso el mismo que pensaba que era un lugar pero no estaba.<\/p>\n\n\n\n<div id=\"block-7bfcef0a-6c43-48b1-a488-af7109797d14\" class=\"wp-block-image\"><figure class=\"aligncenter\"><img decoding=\"async\" src=\"https:\/\/sites.wp.odu.edu\/nancy-spanish312w\/wp-content\/uploads\/sites\/24408\/2021\/11\/image-13.png\" alt=\"This image has an empty alt attribute; its file name is image-13.png\" \/><\/figure><\/div>\n\n\n\n<p id=\"block-07144481-6bdf-439a-b928-5de5f84c18bf\">De ser pura como la nieve como dijo Storni en su poema me recuerda de esta foto. Porque me acuerde sobre el poema que leemos y es significado con la Nina en blanco. Con los doble morales que la sociedad y los hombres ponen a las mujeres. Un ejemplo puede ser que ellas necesitan ser puras para sus futuros hombres, pero para el hombre puede probar las diferentes frutas. Es significado para tener una foto que puedes acurdar partes importante en el poem<\/p>\n","protected":false},"excerpt":{"rendered":"<p>For Creative Artifacts I have made reflections on our weekly readings in the course. By describing the pictures and how it correlates to the weekly reading. With these weekly reflection it had helped me review the readings. Esta foto conecta con Las Siete Partidas y Tambi\u00e9n decreto de exclusi\u00f3n. Que leemos para la clase. La&#8230; <\/p>\n<div class=\"link-more\"><a href=\"https:\/\/sites.wp.odu.edu\/nancy-spanish312w\/edit-post\/\">Read More<\/a><\/div>\n","protected":false},"author":20645,"featured_media":0,"parent":0,"menu_order":0,"comment_status":"closed","ping_status":"closed","template":"","meta":{"footnotes":""},"_links":{"self":[{"href":"https:\/\/sites.wp.odu.edu\/nancy-spanish312w\/wp-json\/wp\/v2\/pages\/500"}],"collection":[{"href":"https:\/\/sites.wp.odu.edu\/nancy-spanish312w\/wp-json\/wp\/v2\/pages"}],"about":[{"href":"https:\/\/sites.wp.odu.edu\/nancy-spanish312w\/wp-json\/wp\/v2\/types\/page"}],"author":[{"embeddable":true,"href":"https:\/\/sites.wp.odu.edu\/nancy-spanish312w\/wp-json\/wp\/v2\/users\/20645"}],"replies":[{"embeddable":true,"href":"https:\/\/sites.wp.odu.edu\/nancy-spanish312w\/wp-json\/wp\/v2\/comments?post=500"}],"version-history":[{"count":2,"href":"https:\/\/sites.wp.odu.edu\/nancy-spanish312w\/wp-json\/wp\/v2\/pages\/500\/revisions"}],"predecessor-version":[{"id":505,"href":"https:\/\/sites.wp.odu.edu\/nancy-spanish312w\/wp-json\/wp\/v2\/pages\/500\/revisions\/505"}],"wp:attachment":[{"href":"https:\/\/sites.wp.odu.edu\/nancy-spanish312w\/wp-json\/wp\/v2\/media?parent=500"}],"curies":[{"name":"wp","href":"https:\/\/api.w.org\/{rel}","templated":true}]}}