{"id":506,"date":"2021-11-27T22:02:01","date_gmt":"2021-11-27T22:02:01","guid":{"rendered":"https:\/\/sites.wp.odu.edu\/nancy-spanish312w\/?page_id=506"},"modified":"2021-11-27T22:02:02","modified_gmt":"2021-11-27T22:02:02","slug":"discusion-1","status":"publish","type":"page","link":"https:\/\/sites.wp.odu.edu\/nancy-spanish312w\/discusion-1\/","title":{"rendered":"Discusi\u00f3n #1"},"content":{"rendered":"\n<div class=\"wp-block-group\"><div class=\"wp-block-group__inner-container is-layout-flow wp-block-group-is-layout-flow\">\n<h2 class=\"has-large-font-size wp-block-heading\">El problema de g\u00e9nero (gender)<\/h2>\n\n\n\n<ul><li>\u00bfEs el g\u00e9nero una construcci\u00f3n social?\u00a0 \u00bfC\u00f3mo juega con el g\u00e9nero Zayas?<\/li><\/ul>\n\n\n\n<p>Si es una construcci\u00f3n social porque muchos se ensayaron como identificar de uno genero. Como un ni\u00f1o no puede hacer cierto cosas porque es muy femenina y ni\u00f1os no deben de portar. Es algo se pasaron por generaci\u00f3n entonces es algo muy dif\u00edcil para cambiar. Zayas se juega el genero porque se defended a las mujeres al hombre que nada mas miran a su cuerpo como un objeto. Y tambi\u00e9n que las mujeres son mas que se miran, porque se crecen como se miran y se limiten a las mujeres. Ellos (los hombres) se limiten a las existencias de las mujeres porque ellos le hagan a pensar a sus cuerpos como un objeto para los hombres.<\/p>\n\n\n\n<ul><li>\u00bfSe puede cambiar el g\u00e9nero?\u00a0 \u00bfC\u00f3mo?<\/li><\/ul>\n\n\n\n<p>Uno se puede cambiar el genero si quieran, pero es algo muy dif\u00edcil para cambiar. Porque hay muchas cosas que naciste para cambiar lo. Muchas personas crean que el genero no puede cambiar jam\u00e1s porque es como naciste es tu genero realmente. Pero un si puede cambiar su genero, el mas f\u00e1cil para decir es la forma de hablar de otros o te uno mismo. Como el\/ella si uno se siente mas comendo si usas ella porque eso es la forma que ellos quer\u00edan.<\/p>\n\n\n\n<ul><li>\u00bfHay caracter\u00edsticas femeninas?\u00a0 \u00bfy masculinas?\u00a0 Explica.<\/li><\/ul>\n\n\n\n<p>Hay caracter\u00edsticas femeninas y masculinas que se ensayaron a muchos cuando era ni\u00f1os peque\u00f1os. Un ejemplo es que cosas femeninas a veces son color rosas o cosas lindo. Una cosa linda puede ser una rosa o cosa elegante. Otro ejemplo puede ser la belleza, o su figura de una mujer. Las caracter\u00edsticas masculinas puede ser un hombre que puede levantar cosas pesadas. A veces otra forma es que ellos pueden ser demoniaca cuando los femeninas son mas sumisa. Las masculinas caracter\u00edsticas es que no tienen muchos sentimientos como los femeninas.<\/p>\n<\/div><\/div>\n","protected":false},"excerpt":{"rendered":"<p>El problema de g\u00e9nero (gender) \u00bfEs el g\u00e9nero una construcci\u00f3n social?\u00a0 \u00bfC\u00f3mo juega con el g\u00e9nero Zayas? Si es una construcci\u00f3n social porque muchos se ensayaron como identificar de uno genero. Como un ni\u00f1o no puede hacer cierto cosas porque es muy femenina y ni\u00f1os no deben de portar. Es algo se pasaron por generaci\u00f3n&#8230; <\/p>\n<div class=\"link-more\"><a href=\"https:\/\/sites.wp.odu.edu\/nancy-spanish312w\/discusion-1\/\">Read More<\/a><\/div>\n","protected":false},"author":20645,"featured_media":0,"parent":0,"menu_order":0,"comment_status":"closed","ping_status":"closed","template":"","meta":{"footnotes":""},"_links":{"self":[{"href":"https:\/\/sites.wp.odu.edu\/nancy-spanish312w\/wp-json\/wp\/v2\/pages\/506"}],"collection":[{"href":"https:\/\/sites.wp.odu.edu\/nancy-spanish312w\/wp-json\/wp\/v2\/pages"}],"about":[{"href":"https:\/\/sites.wp.odu.edu\/nancy-spanish312w\/wp-json\/wp\/v2\/types\/page"}],"author":[{"embeddable":true,"href":"https:\/\/sites.wp.odu.edu\/nancy-spanish312w\/wp-json\/wp\/v2\/users\/20645"}],"replies":[{"embeddable":true,"href":"https:\/\/sites.wp.odu.edu\/nancy-spanish312w\/wp-json\/wp\/v2\/comments?post=506"}],"version-history":[{"count":1,"href":"https:\/\/sites.wp.odu.edu\/nancy-spanish312w\/wp-json\/wp\/v2\/pages\/506\/revisions"}],"predecessor-version":[{"id":507,"href":"https:\/\/sites.wp.odu.edu\/nancy-spanish312w\/wp-json\/wp\/v2\/pages\/506\/revisions\/507"}],"wp:attachment":[{"href":"https:\/\/sites.wp.odu.edu\/nancy-spanish312w\/wp-json\/wp\/v2\/media?parent=506"}],"curies":[{"name":"wp","href":"https:\/\/api.w.org\/{rel}","templated":true}]}}