{"id":508,"date":"2021-11-27T22:04:40","date_gmt":"2021-11-27T22:04:40","guid":{"rendered":"https:\/\/sites.wp.odu.edu\/nancy-spanish312w\/?page_id=508"},"modified":"2021-11-27T22:04:40","modified_gmt":"2021-11-27T22:04:40","slug":"discusion-2","status":"publish","type":"page","link":"https:\/\/sites.wp.odu.edu\/nancy-spanish312w\/discusion-2\/","title":{"rendered":"Discusi\u00f3n #2"},"content":{"rendered":"\n<div class=\"wp-block-group\"><div class=\"wp-block-group__inner-container is-layout-flow wp-block-group-is-layout-flow\">\n<h1 class=\"has-text-align-left has-large-font-size wp-block-heading\"><br>Los Marginados <\/h1>\n\n\n\n<ul><li>En nuestra sociedad, \u00bfcelebramos los hechos de personas \u201cinmorales\u201d o \u201cantisociales\u201d?&nbsp; Da unos ejemplos.&nbsp;<\/li><li>\u00bfEs malo celebrar los hechos de personas inmorales?&nbsp; Explica.<\/li><\/ul>\n\n\n\n<p>Normalmente en nuestra sociedad no celebramos los hechos de las personas de inmorales, pero para los antisociales si los celebramos. Porque para los antisociales si ellos no quieren convivir con otras personas y muchos saben que ellos necesitan sus espacio.\u00a0Como un ejemplo es que si est\u00e1n con sus amigos y conocen unas nueva persona. entonces a veces los antisociales est\u00e1n un poco t\u00edmidos para conocer otros. tambi\u00e9n puede ser que para los antisociales que ellos no quieren andar con personas que no est\u00e1n en el mismo \u201cnivel\u201d como ellos. y entonces dejan de convivir con personas que no crean en el mismo punto de vista. Para e Morales ellos est\u00e1n m\u00e1s como uno controla sus emociones. Es malo que los hechos de personas imorales se ha celebrado.. porque el momento que le das e Morales ellos tienen m\u00e1s m\u00e1s chanchas para convertirlo otra vez.Nuncan van a cambiar sus pensaimientos.\u00a0<\/p>\n<\/div><\/div>\n","protected":false},"excerpt":{"rendered":"<p>Los Marginados En nuestra sociedad, \u00bfcelebramos los hechos de personas \u201cinmorales\u201d o \u201cantisociales\u201d?&nbsp; Da unos ejemplos.&nbsp; \u00bfEs malo celebrar los hechos de personas inmorales?&nbsp; Explica. Normalmente en nuestra sociedad no celebramos los hechos de las personas de inmorales, pero para los antisociales si los celebramos. Porque para los antisociales si ellos no quieren convivir con&#8230; <\/p>\n<div class=\"link-more\"><a href=\"https:\/\/sites.wp.odu.edu\/nancy-spanish312w\/discusion-2\/\">Read More<\/a><\/div>\n","protected":false},"author":20645,"featured_media":0,"parent":0,"menu_order":0,"comment_status":"closed","ping_status":"closed","template":"","meta":{"footnotes":""},"_links":{"self":[{"href":"https:\/\/sites.wp.odu.edu\/nancy-spanish312w\/wp-json\/wp\/v2\/pages\/508"}],"collection":[{"href":"https:\/\/sites.wp.odu.edu\/nancy-spanish312w\/wp-json\/wp\/v2\/pages"}],"about":[{"href":"https:\/\/sites.wp.odu.edu\/nancy-spanish312w\/wp-json\/wp\/v2\/types\/page"}],"author":[{"embeddable":true,"href":"https:\/\/sites.wp.odu.edu\/nancy-spanish312w\/wp-json\/wp\/v2\/users\/20645"}],"replies":[{"embeddable":true,"href":"https:\/\/sites.wp.odu.edu\/nancy-spanish312w\/wp-json\/wp\/v2\/comments?post=508"}],"version-history":[{"count":1,"href":"https:\/\/sites.wp.odu.edu\/nancy-spanish312w\/wp-json\/wp\/v2\/pages\/508\/revisions"}],"predecessor-version":[{"id":509,"href":"https:\/\/sites.wp.odu.edu\/nancy-spanish312w\/wp-json\/wp\/v2\/pages\/508\/revisions\/509"}],"wp:attachment":[{"href":"https:\/\/sites.wp.odu.edu\/nancy-spanish312w\/wp-json\/wp\/v2\/media?parent=508"}],"curies":[{"name":"wp","href":"https:\/\/api.w.org\/{rel}","templated":true}]}}