{"id":510,"date":"2021-11-27T22:06:53","date_gmt":"2021-11-27T22:06:53","guid":{"rendered":"https:\/\/sites.wp.odu.edu\/nancy-spanish312w\/?page_id=510"},"modified":"2021-11-28T01:16:18","modified_gmt":"2021-11-28T01:16:18","slug":"discusion-3","status":"publish","type":"page","link":"https:\/\/sites.wp.odu.edu\/nancy-spanish312w\/discusion-3\/","title":{"rendered":"Discusi\u00f3n #3"},"content":{"rendered":"\n<div class=\"wp-block-group\"><div class=\"wp-block-group__inner-container is-layout-flow wp-block-group-is-layout-flow\">\n<h2 class=\"has-large-font-size wp-block-heading\">El racismo <br>&#8220;Black in Latin America&#8221;<\/h2>\n\n\n\n<p>If no one talks about it, does it exist??<\/p>\n\n\n\n<p>En la Cuba de Castro el racismo legal se eradic\u00f3.&nbsp; Sin embargo, todav\u00eda existe el racismo subterr\u00e1neo. Es decir que el racismo sigue siendo un problema en un pa\u00eds donde nadie quiere hablar del racismo.&nbsp; \u00bfEs un tipo de hipocres\u00eda?&nbsp; Si no se acepta que existe el racismo, \u00bfc\u00f3mo podemos evitarlo?&nbsp; \u00bfC\u00f3mo podemos matar el racismo?<\/p>\n<\/div><\/div>\n\n\n\n<p>Si es un tipo de hipocresia porque dijo Castro que racismo estaba eradico. Pero todavia existe pero mucho no quieran hablar sobre el racismo. Entonces no debe de existir el racimos si esta eradico pero es un hipocreasia. Porque si nadie quere hablar sobre el racism. Nunca le van a matar del racismo porque va siguir el mismo porque no estan educado sobre ese tema. Una forma para evitarlo es educar y hablar sobre el racismo para mejorar el tratamento. Si hablan sobre el tratamento entonces mas pueden saber y educar se mismo como era. Una otra forma para matar el racismo es ensyar el historia del crecimento del pais de cuba y como eran antes de la influencia de Espa\u00f1a.\u00a0<\/p>\n","protected":false},"excerpt":{"rendered":"<p>El racismo &#8220;Black in Latin America&#8221; If no one talks about it, does it exist?? En la Cuba de Castro el racismo legal se eradic\u00f3.&nbsp; Sin embargo, todav\u00eda existe el racismo subterr\u00e1neo. Es decir que el racismo sigue siendo un problema en un pa\u00eds donde nadie quiere hablar del racismo.&nbsp; \u00bfEs un tipo de hipocres\u00eda?&nbsp;&#8230; <\/p>\n<div class=\"link-more\"><a href=\"https:\/\/sites.wp.odu.edu\/nancy-spanish312w\/discusion-3\/\">Read More<\/a><\/div>\n","protected":false},"author":20645,"featured_media":0,"parent":0,"menu_order":0,"comment_status":"closed","ping_status":"closed","template":"","meta":{"footnotes":""},"_links":{"self":[{"href":"https:\/\/sites.wp.odu.edu\/nancy-spanish312w\/wp-json\/wp\/v2\/pages\/510"}],"collection":[{"href":"https:\/\/sites.wp.odu.edu\/nancy-spanish312w\/wp-json\/wp\/v2\/pages"}],"about":[{"href":"https:\/\/sites.wp.odu.edu\/nancy-spanish312w\/wp-json\/wp\/v2\/types\/page"}],"author":[{"embeddable":true,"href":"https:\/\/sites.wp.odu.edu\/nancy-spanish312w\/wp-json\/wp\/v2\/users\/20645"}],"replies":[{"embeddable":true,"href":"https:\/\/sites.wp.odu.edu\/nancy-spanish312w\/wp-json\/wp\/v2\/comments?post=510"}],"version-history":[{"count":1,"href":"https:\/\/sites.wp.odu.edu\/nancy-spanish312w\/wp-json\/wp\/v2\/pages\/510\/revisions"}],"predecessor-version":[{"id":511,"href":"https:\/\/sites.wp.odu.edu\/nancy-spanish312w\/wp-json\/wp\/v2\/pages\/510\/revisions\/511"}],"wp:attachment":[{"href":"https:\/\/sites.wp.odu.edu\/nancy-spanish312w\/wp-json\/wp\/v2\/media?parent=510"}],"curies":[{"name":"wp","href":"https:\/\/api.w.org\/{rel}","templated":true}]}}