{"id":577,"date":"2021-11-30T16:00:07","date_gmt":"2021-11-30T16:00:07","guid":{"rendered":"https:\/\/sites.wp.odu.edu\/nancy-spanish312w\/?page_id=577"},"modified":"2021-11-30T16:00:07","modified_gmt":"2021-11-30T16:00:07","slug":"journal-1-9-02","status":"publish","type":"page","link":"https:\/\/sites.wp.odu.edu\/nancy-spanish312w\/journal-1-9-02\/","title":{"rendered":"Journal #1 (9\/02)"},"content":{"rendered":"\n<p>Para la primera semana me gustaba como dijiste la frase sobre qu\u00e9 eres espa\u00f1ol y americano. Porque me quede pensando que yo tambi\u00e9n me siento \u00e9l mismo. Que a veces no puedo identificar de uno porque estoy en medio de las dos culturas. Y tambi\u00e9n me cambio mi manera de pensar porque hay muchas personas de dos diferentes culturas que piensa \u00e9l mismo. Otra cosa es que c\u00f3mo se identifica los hispanos y tambi\u00e9n la definici\u00f3n de la palabra. Una pregunta que yo tenia es que, si eres hispano, pero tienes rutas ind\u00edgena de \u201cAm\u00e9rica\u201d entonces eres persona nativa de Am\u00e9rica. \u00bfPuede uno escoger para la pregunta de la raza que son Nativo Americano si sus padres son nativos de M\u00e9xico? \u00bfO si son otros partes de latino Am\u00e9rica?<\/p>\n","protected":false},"excerpt":{"rendered":"<p>Para la primera semana me gustaba como dijiste la frase sobre qu\u00e9 eres espa\u00f1ol y americano. Porque me quede pensando que yo tambi\u00e9n me siento \u00e9l mismo. Que a veces no puedo identificar de uno porque estoy en medio de las dos culturas. Y tambi\u00e9n me cambio mi manera de pensar porque hay muchas personas&#8230; <\/p>\n<div class=\"link-more\"><a href=\"https:\/\/sites.wp.odu.edu\/nancy-spanish312w\/journal-1-9-02\/\">Read More<\/a><\/div>\n","protected":false},"author":20645,"featured_media":0,"parent":0,"menu_order":0,"comment_status":"closed","ping_status":"closed","template":"","meta":{"footnotes":""},"_links":{"self":[{"href":"https:\/\/sites.wp.odu.edu\/nancy-spanish312w\/wp-json\/wp\/v2\/pages\/577"}],"collection":[{"href":"https:\/\/sites.wp.odu.edu\/nancy-spanish312w\/wp-json\/wp\/v2\/pages"}],"about":[{"href":"https:\/\/sites.wp.odu.edu\/nancy-spanish312w\/wp-json\/wp\/v2\/types\/page"}],"author":[{"embeddable":true,"href":"https:\/\/sites.wp.odu.edu\/nancy-spanish312w\/wp-json\/wp\/v2\/users\/20645"}],"replies":[{"embeddable":true,"href":"https:\/\/sites.wp.odu.edu\/nancy-spanish312w\/wp-json\/wp\/v2\/comments?post=577"}],"version-history":[{"count":1,"href":"https:\/\/sites.wp.odu.edu\/nancy-spanish312w\/wp-json\/wp\/v2\/pages\/577\/revisions"}],"predecessor-version":[{"id":578,"href":"https:\/\/sites.wp.odu.edu\/nancy-spanish312w\/wp-json\/wp\/v2\/pages\/577\/revisions\/578"}],"wp:attachment":[{"href":"https:\/\/sites.wp.odu.edu\/nancy-spanish312w\/wp-json\/wp\/v2\/media?parent=577"}],"curies":[{"name":"wp","href":"https:\/\/api.w.org\/{rel}","templated":true}]}}