{"id":581,"date":"2021-11-30T16:08:14","date_gmt":"2021-11-30T16:08:14","guid":{"rendered":"https:\/\/sites.wp.odu.edu\/nancy-spanish312w\/?page_id=581"},"modified":"2021-11-30T16:08:14","modified_gmt":"2021-11-30T16:08:14","slug":"journal-3","status":"publish","type":"page","link":"https:\/\/sites.wp.odu.edu\/nancy-spanish312w\/journal-3\/","title":{"rendered":"Journal #3"},"content":{"rendered":"\n<p>La lectura se desaf\u00eda la emoci\u00f3n de los Nativos que solamente se muestra las historias de nada mas tres nativos y son los aztecas, los mayas, y tambi\u00e9n los incas. Porque solamente se hable de esos no de otras culturas que se estaba extinta por los espa\u00f1oles . Entonces no se escucha sus puntas de vistas de la \u201cnueva Espa\u00f1a\u201d Me molesta mucho porque ah\u00ed otras que se deben de ser escudado. Pero hablando sobre de los indignas los tres tiene el mismo escalare de social entonces me quede pensando que muchos se piensan \u00e9l mismo. Eran pueblos avanzado no como se proyecta muchas historias que son como animales o no entiende una vida \u201cmoderna\u201d.<\/p>\n","protected":false},"excerpt":{"rendered":"<p>La lectura se desaf\u00eda la emoci\u00f3n de los Nativos que solamente se muestra las historias de nada mas tres nativos y son los aztecas, los mayas, y tambi\u00e9n los incas. Porque solamente se hable de esos no de otras culturas que se estaba extinta por los espa\u00f1oles . Entonces no se escucha sus puntas de&#8230; <\/p>\n<div class=\"link-more\"><a href=\"https:\/\/sites.wp.odu.edu\/nancy-spanish312w\/journal-3\/\">Read More<\/a><\/div>\n","protected":false},"author":20645,"featured_media":0,"parent":0,"menu_order":0,"comment_status":"closed","ping_status":"closed","template":"","meta":{"footnotes":""},"_links":{"self":[{"href":"https:\/\/sites.wp.odu.edu\/nancy-spanish312w\/wp-json\/wp\/v2\/pages\/581"}],"collection":[{"href":"https:\/\/sites.wp.odu.edu\/nancy-spanish312w\/wp-json\/wp\/v2\/pages"}],"about":[{"href":"https:\/\/sites.wp.odu.edu\/nancy-spanish312w\/wp-json\/wp\/v2\/types\/page"}],"author":[{"embeddable":true,"href":"https:\/\/sites.wp.odu.edu\/nancy-spanish312w\/wp-json\/wp\/v2\/users\/20645"}],"replies":[{"embeddable":true,"href":"https:\/\/sites.wp.odu.edu\/nancy-spanish312w\/wp-json\/wp\/v2\/comments?post=581"}],"version-history":[{"count":1,"href":"https:\/\/sites.wp.odu.edu\/nancy-spanish312w\/wp-json\/wp\/v2\/pages\/581\/revisions"}],"predecessor-version":[{"id":582,"href":"https:\/\/sites.wp.odu.edu\/nancy-spanish312w\/wp-json\/wp\/v2\/pages\/581\/revisions\/582"}],"wp:attachment":[{"href":"https:\/\/sites.wp.odu.edu\/nancy-spanish312w\/wp-json\/wp\/v2\/media?parent=581"}],"curies":[{"name":"wp","href":"https:\/\/api.w.org\/{rel}","templated":true}]}}