{"id":583,"date":"2021-11-30T16:10:38","date_gmt":"2021-11-30T16:10:38","guid":{"rendered":"https:\/\/sites.wp.odu.edu\/nancy-spanish312w\/?page_id=583"},"modified":"2021-11-30T16:10:38","modified_gmt":"2021-11-30T16:10:38","slug":"journal-49-23","status":"publish","type":"page","link":"https:\/\/sites.wp.odu.edu\/nancy-spanish312w\/journal-49-23\/","title":{"rendered":"Journal #4(9\/23)"},"content":{"rendered":"\n<p>Durante la semana, la lectura era desaf\u00eda como cultura porque hablamos sobre la cultura. Y tambi\u00e9n la diferencia de apropiaci\u00f3n. Me llamo la atenci\u00f3n porque era sobre La Pamploma, y es algo que siempre se piensa en Espa\u00f1a. Ni ning\u00fan lugar pens\u00e9 que pod\u00edan tenerlo. Me digo de pensar porque uno no piensa que esas cosas culturas puede pasar. Pero en esa forma no es algo que lo hacen bien porque lo est\u00e1n explotando a lo gentes que pueden ser \u00e9l mismo ni gastar el dinero de ir a Espa\u00f1a. Con que hablamos durante la clase se encaja con mi experiencia porque muchos explotan o usan estereotipo para usar lo y quitando el contexto. Un ejemplo es el cinco de mayo mucho mexicanos no lo celebran como los americanos. Muchos ah\u00ed quitando el contexto que M\u00e9xico gano, y ahora le piensa que es la independencia M\u00e9xico.<\/p>\n","protected":false},"excerpt":{"rendered":"<p>Durante la semana, la lectura era desaf\u00eda como cultura porque hablamos sobre la cultura. Y tambi\u00e9n la diferencia de apropiaci\u00f3n. Me llamo la atenci\u00f3n porque era sobre La Pamploma, y es algo que siempre se piensa en Espa\u00f1a. Ni ning\u00fan lugar pens\u00e9 que pod\u00edan tenerlo. Me digo de pensar porque uno no piensa que esas&#8230; <\/p>\n<div class=\"link-more\"><a href=\"https:\/\/sites.wp.odu.edu\/nancy-spanish312w\/journal-49-23\/\">Read More<\/a><\/div>\n","protected":false},"author":20645,"featured_media":0,"parent":0,"menu_order":0,"comment_status":"closed","ping_status":"closed","template":"","meta":{"footnotes":""},"_links":{"self":[{"href":"https:\/\/sites.wp.odu.edu\/nancy-spanish312w\/wp-json\/wp\/v2\/pages\/583"}],"collection":[{"href":"https:\/\/sites.wp.odu.edu\/nancy-spanish312w\/wp-json\/wp\/v2\/pages"}],"about":[{"href":"https:\/\/sites.wp.odu.edu\/nancy-spanish312w\/wp-json\/wp\/v2\/types\/page"}],"author":[{"embeddable":true,"href":"https:\/\/sites.wp.odu.edu\/nancy-spanish312w\/wp-json\/wp\/v2\/users\/20645"}],"replies":[{"embeddable":true,"href":"https:\/\/sites.wp.odu.edu\/nancy-spanish312w\/wp-json\/wp\/v2\/comments?post=583"}],"version-history":[{"count":1,"href":"https:\/\/sites.wp.odu.edu\/nancy-spanish312w\/wp-json\/wp\/v2\/pages\/583\/revisions"}],"predecessor-version":[{"id":584,"href":"https:\/\/sites.wp.odu.edu\/nancy-spanish312w\/wp-json\/wp\/v2\/pages\/583\/revisions\/584"}],"wp:attachment":[{"href":"https:\/\/sites.wp.odu.edu\/nancy-spanish312w\/wp-json\/wp\/v2\/media?parent=583"}],"curies":[{"name":"wp","href":"https:\/\/api.w.org\/{rel}","templated":true}]}}