{"id":585,"date":"2021-11-30T16:12:17","date_gmt":"2021-11-30T16:12:17","guid":{"rendered":"https:\/\/sites.wp.odu.edu\/nancy-spanish312w\/?page_id=585"},"modified":"2021-11-30T16:12:17","modified_gmt":"2021-11-30T16:12:17","slug":"journal-510-5","status":"publish","type":"page","link":"https:\/\/sites.wp.odu.edu\/nancy-spanish312w\/journal-510-5\/","title":{"rendered":"Journal #5(10\/5)"},"content":{"rendered":"\n<p>En la lectura sobre la econom\u00eda no ha cambiado mi manera de pensar porque ya sab\u00eda que muchos lugares estaban sufriendo durante el cockpit 19 entonces ya s\u00e9 que la econom\u00eda se cay\u00f3 durante eso. Me dej\u00f3 de pensar m\u00e1s sobre la econom\u00eda de Latinoam\u00e9rica porque hay cosas entre los econom\u00eda como los secundarios como el primero secundario el segundo secretario tercero secundario. Que cada nivel de los Ecuador es ten\u00edan su propio parte entre el econom\u00eda. Tambi\u00e9n la econom\u00eda era algo social porque en el tercero secundario era sobre los turismos entre el turismo sin ellos no pueden tener una econom\u00eda muy buena.Como muchos ciudades que hay muchas personas que vienen para visitar tienen el mas mejor econom\u00eda que otros partes del pa\u00edses.<\/p>\n","protected":false},"excerpt":{"rendered":"<p>En la lectura sobre la econom\u00eda no ha cambiado mi manera de pensar porque ya sab\u00eda que muchos lugares estaban sufriendo durante el cockpit 19 entonces ya s\u00e9 que la econom\u00eda se cay\u00f3 durante eso. Me dej\u00f3 de pensar m\u00e1s sobre la econom\u00eda de Latinoam\u00e9rica porque hay cosas entre los econom\u00eda como los secundarios como&#8230; <\/p>\n<div class=\"link-more\"><a href=\"https:\/\/sites.wp.odu.edu\/nancy-spanish312w\/journal-510-5\/\">Read More<\/a><\/div>\n","protected":false},"author":20645,"featured_media":0,"parent":0,"menu_order":0,"comment_status":"closed","ping_status":"closed","template":"","meta":{"footnotes":""},"_links":{"self":[{"href":"https:\/\/sites.wp.odu.edu\/nancy-spanish312w\/wp-json\/wp\/v2\/pages\/585"}],"collection":[{"href":"https:\/\/sites.wp.odu.edu\/nancy-spanish312w\/wp-json\/wp\/v2\/pages"}],"about":[{"href":"https:\/\/sites.wp.odu.edu\/nancy-spanish312w\/wp-json\/wp\/v2\/types\/page"}],"author":[{"embeddable":true,"href":"https:\/\/sites.wp.odu.edu\/nancy-spanish312w\/wp-json\/wp\/v2\/users\/20645"}],"replies":[{"embeddable":true,"href":"https:\/\/sites.wp.odu.edu\/nancy-spanish312w\/wp-json\/wp\/v2\/comments?post=585"}],"version-history":[{"count":1,"href":"https:\/\/sites.wp.odu.edu\/nancy-spanish312w\/wp-json\/wp\/v2\/pages\/585\/revisions"}],"predecessor-version":[{"id":586,"href":"https:\/\/sites.wp.odu.edu\/nancy-spanish312w\/wp-json\/wp\/v2\/pages\/585\/revisions\/586"}],"wp:attachment":[{"href":"https:\/\/sites.wp.odu.edu\/nancy-spanish312w\/wp-json\/wp\/v2\/media?parent=585"}],"curies":[{"name":"wp","href":"https:\/\/api.w.org\/{rel}","templated":true}]}}