{"id":589,"date":"2021-11-30T16:16:40","date_gmt":"2021-11-30T16:16:40","guid":{"rendered":"https:\/\/sites.wp.odu.edu\/nancy-spanish312w\/?page_id=589"},"modified":"2021-11-30T16:16:41","modified_gmt":"2021-11-30T16:16:41","slug":"journal-7-10-14","status":"publish","type":"page","link":"https:\/\/sites.wp.odu.edu\/nancy-spanish312w\/journal-7-10-14\/","title":{"rendered":"Journal #7 (10\/14)"},"content":{"rendered":"\n<p>La experiencia me ha desfila emocional porque educaci\u00f3n es algo emocional para mucho. Para m\u00ed, me llamo a la atenci\u00f3n c\u00f3mo explico durante la lectura sobre la educaci\u00f3n. Mucho como yo cambio la manera de pensar porque antes de mirar otra perspectiva. Estaba pensando sobre si uno no tiene educaci\u00f3n como en latino Am\u00e9rica es dif\u00edcil para encontrar un trabajo con bonifico. Entonces uno no puede estar incluido de la econom\u00eda, pero en realidad la raz\u00f3n para educaci\u00f3n es para cambiar la forma de pensar. Y tambi\u00e9n para salir de esa mentalidad de quedar en el mismo sitio. El punto que piense que era importante es la forma en c\u00f3mo educaci\u00f3n esta usado para la econom\u00eda. Era un tema interesante que cambio me forma de pensar.<\/p>\n","protected":false},"excerpt":{"rendered":"<p>La experiencia me ha desfila emocional porque educaci\u00f3n es algo emocional para mucho. Para m\u00ed, me llamo a la atenci\u00f3n c\u00f3mo explico durante la lectura sobre la educaci\u00f3n. Mucho como yo cambio la manera de pensar porque antes de mirar otra perspectiva. Estaba pensando sobre si uno no tiene educaci\u00f3n como en latino Am\u00e9rica es&#8230; <\/p>\n<div class=\"link-more\"><a href=\"https:\/\/sites.wp.odu.edu\/nancy-spanish312w\/journal-7-10-14\/\">Read More<\/a><\/div>\n","protected":false},"author":20645,"featured_media":0,"parent":0,"menu_order":0,"comment_status":"closed","ping_status":"closed","template":"","meta":{"footnotes":""},"_links":{"self":[{"href":"https:\/\/sites.wp.odu.edu\/nancy-spanish312w\/wp-json\/wp\/v2\/pages\/589"}],"collection":[{"href":"https:\/\/sites.wp.odu.edu\/nancy-spanish312w\/wp-json\/wp\/v2\/pages"}],"about":[{"href":"https:\/\/sites.wp.odu.edu\/nancy-spanish312w\/wp-json\/wp\/v2\/types\/page"}],"author":[{"embeddable":true,"href":"https:\/\/sites.wp.odu.edu\/nancy-spanish312w\/wp-json\/wp\/v2\/users\/20645"}],"replies":[{"embeddable":true,"href":"https:\/\/sites.wp.odu.edu\/nancy-spanish312w\/wp-json\/wp\/v2\/comments?post=589"}],"version-history":[{"count":1,"href":"https:\/\/sites.wp.odu.edu\/nancy-spanish312w\/wp-json\/wp\/v2\/pages\/589\/revisions"}],"predecessor-version":[{"id":590,"href":"https:\/\/sites.wp.odu.edu\/nancy-spanish312w\/wp-json\/wp\/v2\/pages\/589\/revisions\/590"}],"wp:attachment":[{"href":"https:\/\/sites.wp.odu.edu\/nancy-spanish312w\/wp-json\/wp\/v2\/media?parent=589"}],"curies":[{"name":"wp","href":"https:\/\/api.w.org\/{rel}","templated":true}]}}