{"id":591,"date":"2021-11-30T16:17:47","date_gmt":"2021-11-30T16:17:47","guid":{"rendered":"https:\/\/sites.wp.odu.edu\/nancy-spanish312w\/?page_id=591"},"modified":"2021-11-30T16:17:47","modified_gmt":"2021-11-30T16:17:47","slug":"journal-8-10-21","status":"publish","type":"page","link":"https:\/\/sites.wp.odu.edu\/nancy-spanish312w\/journal-8-10-21\/","title":{"rendered":"Journal #8 (10\/21)"},"content":{"rendered":"\n<p>Durante esta semana hablamos sobre los c\u00f3micos y me ha desaf\u00eda de las social de cada pa\u00eds que tenia los c\u00f3micos. Unas cosas que me sorprende durante la lectura era el mono de M\u00e9xico porque me siente un poco incomodo como hicieron el arte del c\u00f3mico. Porque en este tiempo no es aceptable para mira esas cosas. Me molesto porque no era un mono era unas personas como el mismo color de piel del mono. Me cambio la manera de pensar de diferentes culturas y como sus tipos de c\u00f3micos eran. Encontr\u00e9 mas informaci\u00f3n sobre las sociales y como est\u00e1n incluido.<\/p>\n","protected":false},"excerpt":{"rendered":"<p>Durante esta semana hablamos sobre los c\u00f3micos y me ha desaf\u00eda de las social de cada pa\u00eds que tenia los c\u00f3micos. Unas cosas que me sorprende durante la lectura era el mono de M\u00e9xico porque me siente un poco incomodo como hicieron el arte del c\u00f3mico. Porque en este tiempo no es aceptable para mira&#8230; <\/p>\n<div class=\"link-more\"><a href=\"https:\/\/sites.wp.odu.edu\/nancy-spanish312w\/journal-8-10-21\/\">Read More<\/a><\/div>\n","protected":false},"author":20645,"featured_media":0,"parent":0,"menu_order":0,"comment_status":"closed","ping_status":"closed","template":"","meta":{"footnotes":""},"_links":{"self":[{"href":"https:\/\/sites.wp.odu.edu\/nancy-spanish312w\/wp-json\/wp\/v2\/pages\/591"}],"collection":[{"href":"https:\/\/sites.wp.odu.edu\/nancy-spanish312w\/wp-json\/wp\/v2\/pages"}],"about":[{"href":"https:\/\/sites.wp.odu.edu\/nancy-spanish312w\/wp-json\/wp\/v2\/types\/page"}],"author":[{"embeddable":true,"href":"https:\/\/sites.wp.odu.edu\/nancy-spanish312w\/wp-json\/wp\/v2\/users\/20645"}],"replies":[{"embeddable":true,"href":"https:\/\/sites.wp.odu.edu\/nancy-spanish312w\/wp-json\/wp\/v2\/comments?post=591"}],"version-history":[{"count":1,"href":"https:\/\/sites.wp.odu.edu\/nancy-spanish312w\/wp-json\/wp\/v2\/pages\/591\/revisions"}],"predecessor-version":[{"id":592,"href":"https:\/\/sites.wp.odu.edu\/nancy-spanish312w\/wp-json\/wp\/v2\/pages\/591\/revisions\/592"}],"wp:attachment":[{"href":"https:\/\/sites.wp.odu.edu\/nancy-spanish312w\/wp-json\/wp\/v2\/media?parent=591"}],"curies":[{"name":"wp","href":"https:\/\/api.w.org\/{rel}","templated":true}]}}