{"id":593,"date":"2021-11-30T16:18:54","date_gmt":"2021-11-30T16:18:54","guid":{"rendered":"https:\/\/sites.wp.odu.edu\/nancy-spanish312w\/?page_id=593"},"modified":"2021-11-30T16:18:55","modified_gmt":"2021-11-30T16:18:55","slug":"journal-9-10-28","status":"publish","type":"page","link":"https:\/\/sites.wp.odu.edu\/nancy-spanish312w\/journal-9-10-28\/","title":{"rendered":"Journal #9 (10\/28)"},"content":{"rendered":"\n<p>Durante la semana estuvimos aprendiendo sobre el arte y las diferencias. Era sobre el nivel de social y c\u00f3mo era la diferencia de estilo, tema y composici\u00f3n. Cambio mi pensamiento porque le mire las artes sobre sus estilos ni sus temas. Tambi\u00e9n dijo el profesor que diferentes personas de diferentes culturas pueden mira el arte y puede poner los en diferentes categor\u00edas. Olvido que personas van a mirar lo diferente dep\u00e9ndete de sus culturas o sus experiencias. Me llamo la atenci\u00f3n que miramos el arte durante la clase y muchos de mis compa\u00f1eros miraron como yo de categor\u00eda con la composici\u00f3n. Pero realmente es sobre el tema y con las otras, y ninguna categor\u00eda<\/p>\n\n\n\n<p>es incorrecto.<\/p>\n","protected":false},"excerpt":{"rendered":"<p>Durante la semana estuvimos aprendiendo sobre el arte y las diferencias. Era sobre el nivel de social y c\u00f3mo era la diferencia de estilo, tema y composici\u00f3n. Cambio mi pensamiento porque le mire las artes sobre sus estilos ni sus temas. Tambi\u00e9n dijo el profesor que diferentes personas de diferentes culturas pueden mira el arte&#8230; <\/p>\n<div class=\"link-more\"><a href=\"https:\/\/sites.wp.odu.edu\/nancy-spanish312w\/journal-9-10-28\/\">Read More<\/a><\/div>\n","protected":false},"author":20645,"featured_media":0,"parent":0,"menu_order":0,"comment_status":"closed","ping_status":"closed","template":"","meta":{"footnotes":""},"_links":{"self":[{"href":"https:\/\/sites.wp.odu.edu\/nancy-spanish312w\/wp-json\/wp\/v2\/pages\/593"}],"collection":[{"href":"https:\/\/sites.wp.odu.edu\/nancy-spanish312w\/wp-json\/wp\/v2\/pages"}],"about":[{"href":"https:\/\/sites.wp.odu.edu\/nancy-spanish312w\/wp-json\/wp\/v2\/types\/page"}],"author":[{"embeddable":true,"href":"https:\/\/sites.wp.odu.edu\/nancy-spanish312w\/wp-json\/wp\/v2\/users\/20645"}],"replies":[{"embeddable":true,"href":"https:\/\/sites.wp.odu.edu\/nancy-spanish312w\/wp-json\/wp\/v2\/comments?post=593"}],"version-history":[{"count":1,"href":"https:\/\/sites.wp.odu.edu\/nancy-spanish312w\/wp-json\/wp\/v2\/pages\/593\/revisions"}],"predecessor-version":[{"id":594,"href":"https:\/\/sites.wp.odu.edu\/nancy-spanish312w\/wp-json\/wp\/v2\/pages\/593\/revisions\/594"}],"wp:attachment":[{"href":"https:\/\/sites.wp.odu.edu\/nancy-spanish312w\/wp-json\/wp\/v2\/media?parent=593"}],"curies":[{"name":"wp","href":"https:\/\/api.w.org\/{rel}","templated":true}]}}