{"id":595,"date":"2021-11-30T16:21:27","date_gmt":"2021-11-30T16:21:27","guid":{"rendered":"https:\/\/sites.wp.odu.edu\/nancy-spanish312w\/?page_id=595"},"modified":"2021-11-30T16:21:28","modified_gmt":"2021-11-30T16:21:28","slug":"journal-10-11-04","status":"publish","type":"page","link":"https:\/\/sites.wp.odu.edu\/nancy-spanish312w\/journal-10-11-04\/","title":{"rendered":"Journal #10 (11\/04)"},"content":{"rendered":"\n<p>Me llamo la atenci\u00f3n durante la lectura cuando hablamos sobre el dise\u00f1o y el arquitecto. Cuando dijo sobre el dise\u00f1o que puedes mira los anos que estaba construyendo durante el tiempo. Cada edificio puedes mira que cada dise\u00f1o era diferente como durante el arquitecto del g\u00f3tico y de res\u00edstanse. Otros edificios de diferentes pa\u00edses ten\u00edan el mismo dise\u00f1o. En esta lectura es encaja con mi otra experiencia para la clase de lecturas de Hispanos. En es clase conecta con esta clase porque aprendemos la arquitecto de otras culturas que mezclar como de arquitecto de Arbia y de Espa\u00f1a. Ahora puedo distinguir sobre los anos y como hicieron.<\/p>\n","protected":false},"excerpt":{"rendered":"<p>Me llamo la atenci\u00f3n durante la lectura cuando hablamos sobre el dise\u00f1o y el arquitecto. Cuando dijo sobre el dise\u00f1o que puedes mira los anos que estaba construyendo durante el tiempo. Cada edificio puedes mira que cada dise\u00f1o era diferente como durante el arquitecto del g\u00f3tico y de res\u00edstanse. Otros edificios de diferentes pa\u00edses ten\u00edan&#8230; <\/p>\n<div class=\"link-more\"><a href=\"https:\/\/sites.wp.odu.edu\/nancy-spanish312w\/journal-10-11-04\/\">Read More<\/a><\/div>\n","protected":false},"author":20645,"featured_media":0,"parent":0,"menu_order":0,"comment_status":"closed","ping_status":"closed","template":"","meta":{"footnotes":""},"_links":{"self":[{"href":"https:\/\/sites.wp.odu.edu\/nancy-spanish312w\/wp-json\/wp\/v2\/pages\/595"}],"collection":[{"href":"https:\/\/sites.wp.odu.edu\/nancy-spanish312w\/wp-json\/wp\/v2\/pages"}],"about":[{"href":"https:\/\/sites.wp.odu.edu\/nancy-spanish312w\/wp-json\/wp\/v2\/types\/page"}],"author":[{"embeddable":true,"href":"https:\/\/sites.wp.odu.edu\/nancy-spanish312w\/wp-json\/wp\/v2\/users\/20645"}],"replies":[{"embeddable":true,"href":"https:\/\/sites.wp.odu.edu\/nancy-spanish312w\/wp-json\/wp\/v2\/comments?post=595"}],"version-history":[{"count":1,"href":"https:\/\/sites.wp.odu.edu\/nancy-spanish312w\/wp-json\/wp\/v2\/pages\/595\/revisions"}],"predecessor-version":[{"id":596,"href":"https:\/\/sites.wp.odu.edu\/nancy-spanish312w\/wp-json\/wp\/v2\/pages\/595\/revisions\/596"}],"wp:attachment":[{"href":"https:\/\/sites.wp.odu.edu\/nancy-spanish312w\/wp-json\/wp\/v2\/media?parent=595"}],"curies":[{"name":"wp","href":"https:\/\/api.w.org\/{rel}","templated":true}]}}