{"id":597,"date":"2021-11-30T16:23:07","date_gmt":"2021-11-30T16:23:07","guid":{"rendered":"https:\/\/sites.wp.odu.edu\/nancy-spanish312w\/?page_id=597"},"modified":"2021-11-30T16:23:08","modified_gmt":"2021-11-30T16:23:08","slug":"journal-11-11-11","status":"publish","type":"page","link":"https:\/\/sites.wp.odu.edu\/nancy-spanish312w\/journal-11-11-11\/","title":{"rendered":"Journal #11 (11\/11)"},"content":{"rendered":"\n<p>Esta semana de lecturas era mi favorito porque aprende mucho sobre las culturas diferentes como de Espa\u00f1a y c\u00f3mo hacen sus comidas. Y tambi\u00e9n tuvimos las experiencias de cocinar unos platos de Espa\u00f1a. Y llamo la atenci\u00f3n m\u00e1s que otras lecturas porque en esta lectura era m\u00e1s experiencias que leer un libro era para mira como hacerlas. Las ideas que mencion\u00f3 en la lectura es que cada comida tiene su forma de cocinar. Conflicto con mi experiencia antes que no sabia muchos de otros pa\u00edses y sus comidas y cuales ingredientes que usan mas.<\/p>\n","protected":false},"excerpt":{"rendered":"<p>Esta semana de lecturas era mi favorito porque aprende mucho sobre las culturas diferentes como de Espa\u00f1a y c\u00f3mo hacen sus comidas. Y tambi\u00e9n tuvimos las experiencias de cocinar unos platos de Espa\u00f1a. Y llamo la atenci\u00f3n m\u00e1s que otras lecturas porque en esta lectura era m\u00e1s experiencias que leer un libro era para mira&#8230; <\/p>\n<div class=\"link-more\"><a href=\"https:\/\/sites.wp.odu.edu\/nancy-spanish312w\/journal-11-11-11\/\">Read More<\/a><\/div>\n","protected":false},"author":20645,"featured_media":0,"parent":0,"menu_order":0,"comment_status":"closed","ping_status":"closed","template":"","meta":{"footnotes":""},"_links":{"self":[{"href":"https:\/\/sites.wp.odu.edu\/nancy-spanish312w\/wp-json\/wp\/v2\/pages\/597"}],"collection":[{"href":"https:\/\/sites.wp.odu.edu\/nancy-spanish312w\/wp-json\/wp\/v2\/pages"}],"about":[{"href":"https:\/\/sites.wp.odu.edu\/nancy-spanish312w\/wp-json\/wp\/v2\/types\/page"}],"author":[{"embeddable":true,"href":"https:\/\/sites.wp.odu.edu\/nancy-spanish312w\/wp-json\/wp\/v2\/users\/20645"}],"replies":[{"embeddable":true,"href":"https:\/\/sites.wp.odu.edu\/nancy-spanish312w\/wp-json\/wp\/v2\/comments?post=597"}],"version-history":[{"count":1,"href":"https:\/\/sites.wp.odu.edu\/nancy-spanish312w\/wp-json\/wp\/v2\/pages\/597\/revisions"}],"predecessor-version":[{"id":598,"href":"https:\/\/sites.wp.odu.edu\/nancy-spanish312w\/wp-json\/wp\/v2\/pages\/597\/revisions\/598"}],"wp:attachment":[{"href":"https:\/\/sites.wp.odu.edu\/nancy-spanish312w\/wp-json\/wp\/v2\/media?parent=597"}],"curies":[{"name":"wp","href":"https:\/\/api.w.org\/{rel}","templated":true}]}}