{"id":599,"date":"2021-11-30T16:24:13","date_gmt":"2021-11-30T16:24:13","guid":{"rendered":"https:\/\/sites.wp.odu.edu\/nancy-spanish312w\/?page_id=599"},"modified":"2021-11-30T16:24:14","modified_gmt":"2021-11-30T16:24:14","slug":"journal-12-11-18","status":"publish","type":"page","link":"https:\/\/sites.wp.odu.edu\/nancy-spanish312w\/journal-12-11-18\/","title":{"rendered":"Journal #12 (11\/18)"},"content":{"rendered":"\n<p>Llamo mi atenci\u00f3n que los or\u00edgenes de las m\u00fasicas de otro pa\u00eds son realmente son de los pa\u00edses de africano. Mi sorprende que los or\u00edgenes eran de ese pa\u00eds pero es con la m\u00fasica Africano. Una cosa que no mencionaron que pod\u00eda ser importante es que si usando los mismos instrumentos o c\u00f3mo se ensayaron a otros sin saber sus lenguajes. Pod\u00eda cambiar la conclusi\u00f3n de la lectura en c\u00f3mo hicieron para ense\u00f1ar o c\u00f3mo supieron que era m\u00fasica. Pero los ideas que mencionaron durante la lectura aprende m\u00e1s que era m\u00fasica africana. \u00bfUna pregunta que tengo es pod\u00edan usar las m\u00fasicas de los nativos de ese lugar? Nunca pens\u00e9 en esas preguntas sobra la m\u00fasica porque a veces un se bail\u00eda \u00a0con la m\u00fasica. No preguntan c\u00f3mo fue la m\u00fasica.<\/p>\n","protected":false},"excerpt":{"rendered":"<p>Llamo mi atenci\u00f3n que los or\u00edgenes de las m\u00fasicas de otro pa\u00eds son realmente son de los pa\u00edses de africano. Mi sorprende que los or\u00edgenes eran de ese pa\u00eds pero es con la m\u00fasica Africano. Una cosa que no mencionaron que pod\u00eda ser importante es que si usando los mismos instrumentos o c\u00f3mo se ensayaron&#8230; <\/p>\n<div class=\"link-more\"><a href=\"https:\/\/sites.wp.odu.edu\/nancy-spanish312w\/journal-12-11-18\/\">Read More<\/a><\/div>\n","protected":false},"author":20645,"featured_media":0,"parent":0,"menu_order":0,"comment_status":"closed","ping_status":"closed","template":"","meta":{"footnotes":""},"_links":{"self":[{"href":"https:\/\/sites.wp.odu.edu\/nancy-spanish312w\/wp-json\/wp\/v2\/pages\/599"}],"collection":[{"href":"https:\/\/sites.wp.odu.edu\/nancy-spanish312w\/wp-json\/wp\/v2\/pages"}],"about":[{"href":"https:\/\/sites.wp.odu.edu\/nancy-spanish312w\/wp-json\/wp\/v2\/types\/page"}],"author":[{"embeddable":true,"href":"https:\/\/sites.wp.odu.edu\/nancy-spanish312w\/wp-json\/wp\/v2\/users\/20645"}],"replies":[{"embeddable":true,"href":"https:\/\/sites.wp.odu.edu\/nancy-spanish312w\/wp-json\/wp\/v2\/comments?post=599"}],"version-history":[{"count":1,"href":"https:\/\/sites.wp.odu.edu\/nancy-spanish312w\/wp-json\/wp\/v2\/pages\/599\/revisions"}],"predecessor-version":[{"id":600,"href":"https:\/\/sites.wp.odu.edu\/nancy-spanish312w\/wp-json\/wp\/v2\/pages\/599\/revisions\/600"}],"wp:attachment":[{"href":"https:\/\/sites.wp.odu.edu\/nancy-spanish312w\/wp-json\/wp\/v2\/media?parent=599"}],"curies":[{"name":"wp","href":"https:\/\/api.w.org\/{rel}","templated":true}]}}