{"id":173,"date":"2022-11-11T00:14:51","date_gmt":"2022-11-11T00:14:51","guid":{"rendered":"https:\/\/wp.odu.edu\/odupresentationtemplate\/?page_id=2"},"modified":"2022-12-03T02:46:50","modified_gmt":"2022-12-03T02:46:50","slug":"sample-page-2","status":"publish","type":"page","link":"https:\/\/sites.wp.odu.edu\/neshauspanish\/","title":{"rendered":"Nesha E Portfolio"},"content":{"rendered":"\n<p><\/p>\n\n\n\n<div class=\"wp-block-group alignfull has-background is-layout-flow wp-block-group-is-layout-flow\" style=\"background-color:#f8f4e4\"><div class=\"wp-block-group__inner-container\">\n<div class=\"wp-block-columns alignwide is-layout-flex wp-container-core-columns-layout-1 wp-block-columns-is-layout-flex\">\n<div class=\"wp-block-column is-layout-flow wp-block-column-is-layout-flow\">\n<div style=\"height:0px\" aria-hidden=\"true\" class=\"wp-block-spacer\"><\/div>\n\n\n\n<p class=\"has-text-color\" style=\"color:#000000;font-size:5vw;line-height:1.1\">Spanish E Portfolio<\/p>\n\n\n\n<div style=\"height:5px\" aria-hidden=\"true\" class=\"wp-block-spacer\"><\/div>\n<\/div>\n<\/div>\n\n\n\n<div class=\"wp-block-columns alignwide is-layout-flex wp-container-core-columns-layout-2 wp-block-columns-is-layout-flex\">\n<div class=\"wp-block-column is-layout-flow wp-block-column-is-layout-flow\" style=\"flex-basis:33.38%\">\n<pre id=\"tw-target-text\" class=\"wp-block-preformatted\">Hola,\n\nMi nombre es Nesha Ubiles y bienvenido a mi perfil en espa\u00f1ol.A lo largo de este semestre, puedo decir que realmente he disfrutado aprendiendo espa\u00f1ol.He aprendido colores, n\u00fameros e incluso meses.<\/pre>\n<\/div>\n\n\n\n<div class=\"wp-block-column is-layout-flow wp-block-column-is-layout-flow\" style=\"flex-basis:33%\">\n<div style=\"height:100px\" aria-hidden=\"true\" class=\"wp-block-spacer\"><\/div>\n\n\n\n<figure class=\"wp-block-image size-large\"><img decoding=\"async\" src=\"https:\/\/s.w.org\/images\/core\/5.8\/outside-01.jpg\" alt=\"The sun setting through a dense forest.\" \/><\/figure>\n<\/div>\n\n\n\n<div class=\"wp-block-column is-layout-flow wp-block-column-is-layout-flow\" style=\"flex-basis:33.62%\"><\/div>\n<\/div>\n\n\n\n<div class=\"wp-block-columns alignwide is-layout-flex wp-container-core-columns-layout-3 wp-block-columns-is-layout-flex\">\n<div class=\"wp-block-column is-layout-flow wp-block-column-is-layout-flow\" style=\"flex-basis:67%\"><div class=\"wp-block-image\">\n<figure class=\"alignright size-large\"><img loading=\"lazy\" decoding=\"async\" width=\"870\" height=\"1024\" src=\"http:\/\/sites.wp.odu.edu\/neshauspanish\/wp-content\/uploads\/sites\/31329\/2022\/12\/11212AA2-052D-4766-A0AD-26F12E099040_1_201_a-1-870x1024.jpeg\" alt=\"\" class=\"wp-image-482\" srcset=\"https:\/\/sites.wp.odu.edu\/neshauspanish\/wp-content\/uploads\/sites\/31329\/2022\/12\/11212AA2-052D-4766-A0AD-26F12E099040_1_201_a-1-870x1024.jpeg 870w, https:\/\/sites.wp.odu.edu\/neshauspanish\/wp-content\/uploads\/sites\/31329\/2022\/12\/11212AA2-052D-4766-A0AD-26F12E099040_1_201_a-1-255x300.jpeg 255w, https:\/\/sites.wp.odu.edu\/neshauspanish\/wp-content\/uploads\/sites\/31329\/2022\/12\/11212AA2-052D-4766-A0AD-26F12E099040_1_201_a-1-768x904.jpeg 768w, https:\/\/sites.wp.odu.edu\/neshauspanish\/wp-content\/uploads\/sites\/31329\/2022\/12\/11212AA2-052D-4766-A0AD-26F12E099040_1_201_a-1.jpeg 1284w\" sizes=\"(max-width: 870px) 100vw, 870px\" \/><\/figure><\/div><\/div>\n\n\n\n<div class=\"wp-block-column is-vertically-aligned-center is-layout-flow wp-block-column-is-layout-flow\" style=\"flex-basis:33%\">\n<pre id=\"tw-target-text\" class=\"wp-block-preformatted\">Datos divertidos sobre m\u00ed son que me encantan los deportes.Tambi\u00e9n me encantan los bienes ra\u00edces.Voy a odu para financiaci\u00f3n en bienes ra\u00edces.<\/pre>\n<\/div>\n<\/div>\n<\/div><\/div>\n","protected":false},"excerpt":{"rendered":"<p>Spanish E Portfolio Hola, Mi nombre es Nesha Ubiles y bienvenido a mi perfil en espa\u00f1ol.A lo largo de este semestre, puedo decir que realmente he disfrutado aprendiendo espa\u00f1ol.He aprendido colores, n\u00fameros e incluso meses. Datos divertidos sobre m\u00ed son que me encantan los deportes.Tambi\u00e9n me encantan los bienes ra\u00edces.Voy a odu para financiaci\u00f3n en&#8230; <\/p>\n<div class=\"link-more\"><a href=\"https:\/\/sites.wp.odu.edu\/neshauspanish\/\">Read More<\/a><\/div>\n","protected":false},"author":25442,"featured_media":0,"parent":0,"menu_order":0,"comment_status":"closed","ping_status":"open","template":"","meta":{"footnotes":""},"_links":{"self":[{"href":"https:\/\/sites.wp.odu.edu\/neshauspanish\/wp-json\/wp\/v2\/pages\/173"}],"collection":[{"href":"https:\/\/sites.wp.odu.edu\/neshauspanish\/wp-json\/wp\/v2\/pages"}],"about":[{"href":"https:\/\/sites.wp.odu.edu\/neshauspanish\/wp-json\/wp\/v2\/types\/page"}],"author":[{"embeddable":true,"href":"https:\/\/sites.wp.odu.edu\/neshauspanish\/wp-json\/wp\/v2\/users\/25442"}],"replies":[{"embeddable":true,"href":"https:\/\/sites.wp.odu.edu\/neshauspanish\/wp-json\/wp\/v2\/comments?post=173"}],"version-history":[{"count":1,"href":"https:\/\/sites.wp.odu.edu\/neshauspanish\/wp-json\/wp\/v2\/pages\/173\/revisions"}],"predecessor-version":[{"id":483,"href":"https:\/\/sites.wp.odu.edu\/neshauspanish\/wp-json\/wp\/v2\/pages\/173\/revisions\/483"}],"wp:attachment":[{"href":"https:\/\/sites.wp.odu.edu\/neshauspanish\/wp-json\/wp\/v2\/media?parent=173"}],"curies":[{"name":"wp","href":"https:\/\/api.w.org\/{rel}","templated":true}]}}